{"id":23208,"date":"2026-04-20T10:30:00","date_gmt":"2026-04-20T08:30:00","guid":{"rendered":"https:\/\/staviori.com.pl\/?post_type=product&#038;p=23208"},"modified":"2026-04-20T10:37:44","modified_gmt":"2026-04-20T08:37:44","slug":"zlote-kolczyki-misie-333-kxx21260","status":"publish","type":"product","link":"https:\/\/staviori.com.pl\/en\/product\/zlote-kolczyki-misie-333-kxx21260\/","title":{"rendered":"Z\u0142ote kolczyki misie | 333 &#8211; KXX21260"},"content":{"rendered":"<p>Model: KXX21260<br \/>\nWaga ok. 0,25g<\/p>\n<p>Earrings.<br \/>\nYellow gold 0.333.<\/p>\n<p>Motyw: mi\u015b<br \/>\nWysoko\u015b\u0107: 0,6 cm<br \/>\nSzeroko\u015b\u0107: 0,5 cm<\/p>\n<p>Pi\u0119kne kolczyki &#8222;misie&#8221; w \u017c\u00f3\u0142tym z\u0142ocie pr\u00f3by 333.<\/p>","protected":false},"excerpt":{"rendered":"<p>Urocze kolczyki wykonane z l\u015bni\u0105cego \u017c\u00f3\u0142tego z\u0142ota pr\u00f3by 333, przedstawiaj\u0105ce subtelny motyw misia. Ich g\u0142adka, polerowana powierzchnia pi\u0119knie odbija \u015bwiat\u0142o, nadaj\u0105c bi\u017cuterii wyj\u0105tkowego blasku mimo jej delikatnej formy. Klasyczne zapi\u0119cie na sztyft gwarantuje komfort oraz bezpiecze\u0144stwo podczas codziennego noszenia. To idealny wyb\u00f3r na prezent, kt\u00f3ry w dyskretny i pe\u0142en wdzi\u0119ku spos\u00f3b uzupe\u0142ni dzieci\u0119c\u0105 stylizacj\u0119 lub stanie si\u0119 sentymentalnym dodatkiem dla mi\u0142o\u015bniczek minimalistycznej bi\u017cuterii.<\/p>","protected":false},"featured_media":23210,"comment_status":"closed","ping_status":"closed","template":"","meta":{"om_disable_all_campaigns":false},"product_brand":[2284,2350],"product_cat":[1384,199,2044,1930,176],"product_tag":[7191,3430,7210,2543,3871,2858,6438,2660,7311,7218,1394,3341,3369,2674,7206,2384,7208,7313,7314,7312,2683,7310,2518,7204,2522,2544],"class_list":{"0":"post-23208","1":"product","2":"type-product","3":"status-publish","4":"has-post-thumbnail","6":"product_brand-staviori","7":"product_brand-verona","8":"product_cat-bizuteria","9":"product_cat-kolczyki","10":"product_cat-zlote-kolczyki","11":"product_cat-zloto-2","12":"product_cat-zloto","13":"product_tag-8k-gold","14":"product_tag-bizuteria-dla-dziewczynki","15":"product_tag-bizuteria-dla-kobiet","16":"product_tag-bizuteria-zlota","17":"product_tag-classic-jewelry","18":"product_tag-delikatne-kolczyki","19":"product_tag-detske-nausnice","20":"product_tag-eleganckie-kolczyki","21":"product_tag-gold-bear-earrings","22":"product_tag-goldschmuck-333","23":"product_tag-kolczyki","24":"product_tag-kolczyki-dla-dzieci","25":"product_tag-kolczyki-misie","26":"product_tag-kolczyki-na-co-dzien","27":"product_tag-kolczyki-supelki","28":"product_tag-minimalistyczna-bizuteria","29":"product_tag-nausnice-uzliky","30":"product_tag-ohrstecker-bar","31":"product_tag-sztyfty-misie","32":"product_tag-zlati-medvidci","33":"product_tag-zlote-kolczyki","34":"product_tag-zlote-misie","35":"product_tag-zloto-333","36":"product_tag-zloto-8k","37":"product_tag-zolte-zloto","38":"product_tag-zolte-zloto-333","39":"pa_kolor-zolte","40":"pa_kruszec-zloto","41":"pa_motyw-mis","42":"pa_proba-0-333","43":"pa_waga-025g","44":"pa_zapiecie-sztyft","46":"first","47":"instock","48":"purchasable","49":"product-type-simple"},"aioseo_notices":[],"_links":{"self":[{"href":"https:\/\/staviori.com.pl\/en\/wp-json\/wp\/v2\/product\/23208","targetHints":{"allow":["GET"]}}],"collection":[{"href":"https:\/\/staviori.com.pl\/en\/wp-json\/wp\/v2\/product"}],"about":[{"href":"https:\/\/staviori.com.pl\/en\/wp-json\/wp\/v2\/types\/product"}],"replies":[{"embeddable":true,"href":"https:\/\/staviori.com.pl\/en\/wp-json\/wp\/v2\/comments?post=23208"}],"wp:featuredmedia":[{"embeddable":true,"href":"https:\/\/staviori.com.pl\/en\/wp-json\/wp\/v2\/media\/23210"}],"wp:attachment":[{"href":"https:\/\/staviori.com.pl\/en\/wp-json\/wp\/v2\/media?parent=23208"}],"wp:term":[{"taxonomy":"product_brand","embeddable":true,"href":"https:\/\/staviori.com.pl\/en\/wp-json\/wp\/v2\/product_brand?post=23208"},{"taxonomy":"product_cat","embeddable":true,"href":"https:\/\/staviori.com.pl\/en\/wp-json\/wp\/v2\/product_cat?post=23208"},{"taxonomy":"product_tag","embeddable":true,"href":"https:\/\/staviori.com.pl\/en\/wp-json\/wp\/v2\/product_tag?post=23208"}],"curies":[{"name":"wp","href":"https:\/\/api.w.org\/{rel}","templated":true}]}}