{"id":23160,"date":"2026-03-28T14:33:23","date_gmt":"2026-03-28T13:33:23","guid":{"rendered":"https:\/\/staviori.com.pl\/?post_type=product&#038;p=23160"},"modified":"2026-03-28T14:37:02","modified_gmt":"2026-03-28T13:37:02","slug":"srebrny-pozlacany-naszyjnik-z-niebieskim-lapisem-nsc56474y","status":"publish","type":"product","link":"https:\/\/staviori.com.pl\/en\/product\/srebrny-pozlacany-naszyjnik-z-niebieskim-lapisem-nsc56474y\/","title":{"rendered":"Srebrny poz\u0142acany naszyjnik z niebieskim lapisem &#8211; NSC56474Y"},"content":{"rendered":"<p>Model: NSC56474Y<br \/>\nWeight approx. 1.90g<\/p>\n<p>Naszyjnik 45cm.<br \/>\nSilver 0.925 plated with yellow gold<br \/>\nLapis.<\/p>\n<p>Motyw: ko\u0142o<br \/>\n\u015arednica elementu ozdobnego: 1 cm<br \/>\nMo\u017cliwo\u015b\u0107 regulacji d\u0142ugo\u015bci 40cm &#8211; 45cm.<\/p>\n<p>Naszyjnik stworzony ze srebra pr\u00f3by 925 z eleganckim z\u0142oconym wyko\u0144czeniem.<br \/>\nModel zosta\u0142 ozdobiony niebieskim lapisem, kt\u00f3re dodaj\u0105 wyrafinowanego charakteru. Wyst\u0119puj\u0105 r\u00f3wnie\u017c  kolczyki do kompletu.<\/p>","protected":false},"excerpt":{"rendered":"<p>Wyj\u0105tkowy naszyjnik wykonany z wysokiej jako\u015bci poz\u0142acanego srebra pr\u00f3by 925, kt\u00f3ry przyci\u0105ga wzrok intensywn\u0105 barw\u0105 naturalnego kamienia. Okr\u0105g\u0142a zawieszka zosta\u0142a wype\u0142niona fasetowanym lapis lazuli o g\u0142\u0119bokim, ultramarynowym odcieniu, kt\u00f3ry pi\u0119knie harmonizuje ze z\u0142ot\u0105, ozdobn\u0105 opraw\u0105. Minimalistyczny design i geometryczna forma sprawiaj\u0105, \u017ce bi\u017cuteria ta jest niezwykle uniwersalna \u2013 dodaje szlachetno\u015bci codziennym zestawom i stanowi wyrazisty akcent wieczorowych kreacji. Dzi\u0119ki regulowanej d\u0142ugo\u015bci \u0142a\u0144cuszka naszyjnik idealnie dopasowuje si\u0119 do dekoltu, podkre\u015blaj\u0105c kobiecy wdzi\u0119k.<\/p>","protected":false},"featured_media":23161,"comment_status":"closed","ping_status":"closed","template":"","meta":{"om_disable_all_campaigns":false},"product_brand":[2284,2350],"product_cat":[1384,719,2133,1817,145],"product_tag":[7300,3139,3690,4209,4631,7308,7305,7307,7306,7304,4319,7309,2496,2427,6959,7301],"class_list":{"0":"post-23160","1":"product","2":"type-product","3":"status-publish","4":"has-post-thumbnail","6":"product_brand-staviori","7":"product_brand-verona","8":"product_cat-bizuteria","9":"product_cat-naszyjniki","10":"product_cat-srebrne-naszyjniki","11":"product_cat-srebro-2","12":"product_cat-srebro","13":"product_tag-bizuteria-geometryczna","14":"product_tag-bizuteria-z-kamieniami-naturalnymi","15":"product_tag-elegancki-prezent","16":"product_tag-gold-plated-silver","17":"product_tag-klasyczny-naszyjnik","18":"product_tag-lapis-lazuli-kette","19":"product_tag-lapis-lazuli-necklace","20":"product_tag-modry-kamen","21":"product_tag-nahrdelnik-lapis-lazuli","22":"product_tag-naszyjnik-z-lapis-lazuli","23":"product_tag-niebieski-kamien","24":"product_tag-niebieski-wisiorek","25":"product_tag-pozlacane-srebro","26":"product_tag-srebro-925","27":"product_tag-stribrny-naramek","28":"product_tag-vergoldeter-schmuck","29":"pa_kamien-lapis","30":"pa_kruszec-srebro","31":"pa_kruszec-srebro-pozlacane","32":"pa_proba-0-925","33":"pa_rozmiar-40cm","34":"pa_rozmiar-45cm","35":"pa_waga-190g","37":"first","38":"instock","39":"purchasable","40":"product-type-simple"},"aioseo_notices":[],"_links":{"self":[{"href":"https:\/\/staviori.com.pl\/en\/wp-json\/wp\/v2\/product\/23160","targetHints":{"allow":["GET"]}}],"collection":[{"href":"https:\/\/staviori.com.pl\/en\/wp-json\/wp\/v2\/product"}],"about":[{"href":"https:\/\/staviori.com.pl\/en\/wp-json\/wp\/v2\/types\/product"}],"replies":[{"embeddable":true,"href":"https:\/\/staviori.com.pl\/en\/wp-json\/wp\/v2\/comments?post=23160"}],"wp:featuredmedia":[{"embeddable":true,"href":"https:\/\/staviori.com.pl\/en\/wp-json\/wp\/v2\/media\/23161"}],"wp:attachment":[{"href":"https:\/\/staviori.com.pl\/en\/wp-json\/wp\/v2\/media?parent=23160"}],"wp:term":[{"taxonomy":"product_brand","embeddable":true,"href":"https:\/\/staviori.com.pl\/en\/wp-json\/wp\/v2\/product_brand?post=23160"},{"taxonomy":"product_cat","embeddable":true,"href":"https:\/\/staviori.com.pl\/en\/wp-json\/wp\/v2\/product_cat?post=23160"},{"taxonomy":"product_tag","embeddable":true,"href":"https:\/\/staviori.com.pl\/en\/wp-json\/wp\/v2\/product_tag?post=23160"}],"curies":[{"name":"wp","href":"https:\/\/api.w.org\/{rel}","templated":true}]}}