{"id":23155,"date":"2026-03-28T14:23:39","date_gmt":"2026-03-28T13:23:39","guid":{"rendered":"https:\/\/staviori.com.pl\/?post_type=product&#038;p=23155"},"modified":"2026-04-22T11:18:03","modified_gmt":"2026-04-22T09:18:03","slug":"srebrny-pozlacany-naszyjnik-z-onyksem-nsc56440y","status":"publish","type":"product","link":"https:\/\/staviori.com.pl\/en\/product\/srebrny-pozlacany-naszyjnik-z-onyksem-nsc56440y\/","title":{"rendered":"Srebrny poz\u0142acany naszyjnik z onyksem &#8211; NSC56440Y"},"content":{"rendered":"<p>Model: NSC56440Y<br \/>\nWeight approx. 2.00g<\/p>\n<p>Naszyjnik 45cm.<br \/>\nSilver 0.925 plated with yellow gold<br \/>\nOnyx.<\/p>\n<p>Motyw: kwadrat, geometryczny<br \/>\nWysoko\u015b\u0107 elementu ozdobnego: 1 cm<br \/>\nSzeroko\u015b\u0107 elementu ozdobnego: 1 cm<br \/>\nMo\u017cliwo\u015b\u0107 regulacji d\u0142ugo\u015bci 40cm &#8211; 45cm.<\/p>\n<p>Naszyjnik stworzony ze srebra pr\u00f3by 925 z eleganckim z\u0142oconym wyko\u0144czeniem.<br \/>\nModel zosta\u0142 ozdobiony g\u0142\u0119bokimi czarnymi onyksami, kt\u00f3re dodaj\u0105 wyrafinowanego charakteru. Wyst\u0119puje r\u00f3wnie\u017c bransoletka i kolczyki do kompletu.<\/p>","protected":false},"excerpt":{"rendered":"<p>Klasyczny naszyjnik wykonany z wysokiej jako\u015bci poz\u0142acanego srebra pr\u00f3by 925, kt\u00f3ry stanowi kwintesencj\u0119 minimalistycznej elegancji. Centralnym punktem bi\u017cuterii jest geometryczna zawieszka w kszta\u0142cie kwadratu, w kt\u00f3r\u0105 oprawiono l\u015bni\u0105cy czarny onyks o g\u0142\u0119bokiej barwie. Z\u0142ocona rama z delikatnym, ozdobnym rantem doskonale podkre\u015bla szlachetny charakter kamienia, tworz\u0105c wyrazisty kontrast. Dzi\u0119ki regulowanemu \u0142a\u0144cuszkowi naszyjnik pi\u0119knie uk\u0142ada si\u0119 na dekolcie, stanowi\u0105c subtelny, a zarazem zdecydowany akcent zar\u00f3wno w codziennych, jak i wieczorowych stylizacjach.<\/p>","protected":false},"featured_media":23156,"comment_status":"closed","ping_status":"closed","template":"","meta":{"om_disable_all_campaigns":false},"product_brand":[2284,2350],"product_cat":[1384,719,2133,145,1817],"product_tag":[7300,7302,1401,7299,2529,7286,7259,2602,4209,7303,2368,7270,7264,2496,2291,2448,2427,6959,7301],"class_list":{"0":"post-23155","1":"product","2":"type-product","3":"status-publish","4":"has-post-thumbnail","6":"product_brand-staviori","7":"product_brand-verona","8":"product_cat-bizuteria","9":"product_cat-naszyjniki","10":"product_cat-srebrne-naszyjniki","11":"product_cat-srebro","12":"product_cat-srebro-2","13":"product_tag-bizuteria-geometryczna","14":"product_tag-bizuteria-z-kwadratami","15":"product_tag-bransoletka","16":"product_tag-bransoletka-z-onyksem","17":"product_tag-bsc6684","18":"product_tag-cerny-onyx","19":"product_tag-czarny-onyks","20":"product_tag-elegancka-bransoletka","21":"product_tag-gold-plated-silver","22":"product_tag-luksusowy-naramek","23":"product_tag-onyks","24":"product_tag-onyx-armband","25":"product_tag-onyx-bracelet","26":"product_tag-pozlacane-srebro","27":"product_tag-prezent-dla-niej","28":"product_tag-regulowana-bransoletka","29":"product_tag-srebro-925","30":"product_tag-stribrny-naramek","31":"product_tag-vergoldeter-schmuck","32":"pa_kamien-onyks","33":"pa_kruszec-srebro","34":"pa_kruszec-srebro-pozlacane","35":"pa_proba-0-925","36":"pa_rozmiar-40cm","37":"pa_rozmiar-45cm","38":"pa_waga-200g","40":"first","41":"instock","42":"purchasable","43":"product-type-simple"},"aioseo_notices":[],"_links":{"self":[{"href":"https:\/\/staviori.com.pl\/en\/wp-json\/wp\/v2\/product\/23155","targetHints":{"allow":["GET"]}}],"collection":[{"href":"https:\/\/staviori.com.pl\/en\/wp-json\/wp\/v2\/product"}],"about":[{"href":"https:\/\/staviori.com.pl\/en\/wp-json\/wp\/v2\/types\/product"}],"replies":[{"embeddable":true,"href":"https:\/\/staviori.com.pl\/en\/wp-json\/wp\/v2\/comments?post=23155"}],"wp:featuredmedia":[{"embeddable":true,"href":"https:\/\/staviori.com.pl\/en\/wp-json\/wp\/v2\/media\/23156"}],"wp:attachment":[{"href":"https:\/\/staviori.com.pl\/en\/wp-json\/wp\/v2\/media?parent=23155"}],"wp:term":[{"taxonomy":"product_brand","embeddable":true,"href":"https:\/\/staviori.com.pl\/en\/wp-json\/wp\/v2\/product_brand?post=23155"},{"taxonomy":"product_cat","embeddable":true,"href":"https:\/\/staviori.com.pl\/en\/wp-json\/wp\/v2\/product_cat?post=23155"},{"taxonomy":"product_tag","embeddable":true,"href":"https:\/\/staviori.com.pl\/en\/wp-json\/wp\/v2\/product_tag?post=23155"}],"curies":[{"name":"wp","href":"https:\/\/api.w.org\/{rel}","templated":true}]}}