{"id":23147,"date":"2026-03-28T13:58:22","date_gmt":"2026-03-28T12:58:22","guid":{"rendered":"https:\/\/staviori.com.pl\/?post_type=product&#038;p=23147"},"modified":"2026-04-20T01:18:44","modified_gmt":"2026-04-19T23:18:44","slug":"zlocone-kolczyki-srebrne-kreol-z-perlami-kjs56410y","status":"publish","type":"product","link":"https:\/\/staviori.com.pl\/en\/product\/zlocone-kolczyki-srebrne-kreol-z-perlami-kjs56410y\/","title":{"rendered":"Z\u0142ocone kolczyki srebrne kreol z per\u0142ami &#8211; KJS56410Y"},"content":{"rendered":"<p>Model: KJS56410Y<br \/>\nWeight approx. 3.05g<\/p>\n<p>Earrings.<br \/>\nSilver 0.925 plated with yellow gold<br \/>\nNatural Freshwater Cultured Pearls.<\/p>\n<p>Wymiary pere\u0142ek ok. 2-3 mm.<\/p>\n<p>Zapi\u0119cie typu kreol<\/p>","protected":false},"excerpt":{"rendered":"<p>Subtelne kolczyki typu ko\u0142a wykonane z najwy\u017cszej jako\u015bci poz\u0142acanego srebra pr\u00f3by 925, kt\u00f3re zachwycaj\u0105 klasycznym designem i delikatno\u015bci\u0105. Przednia cz\u0119\u015b\u0107 obr\u0119czy zosta\u0142a ozdobiona rz\u0119dem l\u015bni\u0105cych, bia\u0142ych pere\u0142 s\u0142odkowodnych Biwa, kt\u00f3re nadaj\u0105 bi\u017cuterii ponadczasowej elegancji. Zapi\u0119cie typu kreole gwarantuje komfort noszenia oraz bezpiecze\u0144stwo, sprawiaj\u0105c, \u017ce kolczyki idealnie przylegaj\u0105 do ucha. To doskona\u0142y wyb\u00f3r dla kobiet ceni\u0105cych minimalistyczny styl po\u0142\u0105czony z luksusowym akcentem pere\u0142, idealny zar\u00f3wno na co dzie\u0144, jak i na wyj\u0105tkowe wyj\u015bcia.<\/p>","protected":false},"featured_media":23148,"comment_status":"closed","ping_status":"closed","template":"","meta":{"om_disable_all_campaigns":false},"product_brand":[2284,2350],"product_cat":[1384,1393,1919,1817,145],"product_tag":[7297,3260,2660,2603,2682,1395,5822,7298,7144,6828,3029,2532,2496,7287,2427,7290],"class_list":{"0":"post-23147","1":"product","2":"type-product","3":"status-publish","4":"has-post-thumbnail","6":"product_brand-staviori","7":"product_brand-verona","8":"product_cat-bizuteria","9":"product_cat-perly","10":"product_cat-perly-ze-srebrem","11":"product_cat-srebro-2","12":"product_cat-srebro","13":"product_tag-biwa-pearls","14":"product_tag-bizuteria-z-perlami","15":"product_tag-eleganckie-kolczyki","16":"product_tag-klasyczna-bizuteria","17":"product_tag-kolczyki-kola","18":"product_tag-kolczyki-z-perlami","19":"product_tag-minimalist-earrings","20":"product_tag-pearl-hoop-earrings","21":"product_tag-perlenohrringe","22":"product_tag-perlove-nausnice","23":"product_tag-perly-hodowane","24":"product_tag-perly-slodkowodne","25":"product_tag-pozlacane-srebro","26":"product_tag-pozlacene-stribro","27":"product_tag-srebro-925","28":"product_tag-vergoldetes-silber","29":"pa_dlugosc-24mm","30":"pa_grubosc-3mm","31":"pa_kamien-naturalne-perly-hodowane-slodkowodne","32":"pa_kruszec-srebro","33":"pa_kruszec-srebro-pozlacane","34":"pa_proba-0-925","35":"pa_waga-305g","36":"pa_wymiary-kamieni-ok-2-3mm","37":"pa_zapiecie-kreol","39":"first","40":"instock","41":"purchasable","42":"product-type-simple"},"aioseo_notices":[],"_links":{"self":[{"href":"https:\/\/staviori.com.pl\/en\/wp-json\/wp\/v2\/product\/23147","targetHints":{"allow":["GET"]}}],"collection":[{"href":"https:\/\/staviori.com.pl\/en\/wp-json\/wp\/v2\/product"}],"about":[{"href":"https:\/\/staviori.com.pl\/en\/wp-json\/wp\/v2\/types\/product"}],"replies":[{"embeddable":true,"href":"https:\/\/staviori.com.pl\/en\/wp-json\/wp\/v2\/comments?post=23147"}],"wp:featuredmedia":[{"embeddable":true,"href":"https:\/\/staviori.com.pl\/en\/wp-json\/wp\/v2\/media\/23148"}],"wp:attachment":[{"href":"https:\/\/staviori.com.pl\/en\/wp-json\/wp\/v2\/media?parent=23147"}],"wp:term":[{"taxonomy":"product_brand","embeddable":true,"href":"https:\/\/staviori.com.pl\/en\/wp-json\/wp\/v2\/product_brand?post=23147"},{"taxonomy":"product_cat","embeddable":true,"href":"https:\/\/staviori.com.pl\/en\/wp-json\/wp\/v2\/product_cat?post=23147"},{"taxonomy":"product_tag","embeddable":true,"href":"https:\/\/staviori.com.pl\/en\/wp-json\/wp\/v2\/product_tag?post=23147"}],"curies":[{"name":"wp","href":"https:\/\/api.w.org\/{rel}","templated":true}]}}