{"id":23097,"date":"2026-03-24T15:18:21","date_gmt":"2026-03-24T14:18:21","guid":{"rendered":"https:\/\/staviori.com.pl\/?post_type=product&#038;p=23097"},"modified":"2026-04-20T01:19:20","modified_gmt":"2026-04-19T23:19:20","slug":"zlote-kolczyki-koniczynki-z-cyrkoniami-333-kxc21320","status":"publish","type":"product","link":"https:\/\/staviori.com.pl\/en\/product\/zlote-kolczyki-koniczynki-z-cyrkoniami-333-kxc21320\/","title":{"rendered":"Z\u0142ote kolczyki koniczynki z cyrkoniami &#8211; 333 &#8211; KXC21320"},"content":{"rendered":"<p>Model: KXC21320<br \/>\nWaga ok. 0,73g<\/p>\n<p>Kolczyki z\u0142ote.<br \/>\n\u017b\u00f3\u0142te z\u0142oto z\u0142oto 0,333<\/p>\n<p>Zapi\u0119cie typu: sztyft<\/p>\n<p>Wysoko\u015b\u0107: 0,5 cm<br \/>\nSzeroko\u015b\u0107: 0,5 cm<\/p>","protected":false},"excerpt":{"rendered":"<p>Subtelne kolczyki w kszta\u0142cie czterolistnych koniczynek, wykonane z klasycznego \u017c\u00f3\u0142tego z\u0142ota pr\u00f3by 333. Ka\u017cdy listek zosta\u0142 ozdobiony l\u015bni\u0105c\u0105, bezbarwn\u0105 cyrkoni\u0105, co nadaje bi\u017cuterii wyj\u0105tkowego blasku i eleganckiego charakteru. Motyw koniczynki, kojarzony ze szcz\u0119\u015bciem, sprawia, \u017ce jest to idealny pomys\u0142 na prezent dla bliskiej osoby. Lekka konstrukcja oraz bezpieczne zapi\u0119cie typu sztyft gwarantuj\u0105 komfort noszenia przez ca\u0142y dzie\u0144, czyni\u0105c je doskona\u0142ym dope\u0142nieniem zar\u00f3wno codziennych, jak i wizytowych stylizacji.<\/p>","protected":false},"featured_media":23096,"comment_status":"closed","ping_status":"closed","template":"","meta":{"om_disable_all_campaigns":false},"product_brand":[2284,2350],"product_cat":[1384,199,2044,1930,176],"product_tag":[7227,7191,3025,3097,6052,4962,7223,2565,2858,7230,7222,6465,5939,7226,7231,3024,2953,7225,2291,3174,7224,3834,7229,2683,7221,2544],"class_list":{"0":"post-23097","1":"product","2":"type-product","3":"status-publish","4":"has-post-thumbnail","6":"product_brand-staviori","7":"product_brand-verona","8":"product_cat-bizuteria","9":"product_cat-kolczyki","10":"product_cat-zlote-kolczyki","11":"product_cat-zloto-2","12":"product_cat-zloto","13":"product_tag-333-gold","14":"product_tag-8k-gold","15":"product_tag-bizuteria-na-szczescie","16":"product_tag-bizuteria-romantyczna","17":"product_tag-clover-earrings","18":"product_tag-ctyrlistek","19":"product_tag-cz-earrings","20":"product_tag-delikatna-bizuteria","21":"product_tag-delikatne-kolczyki","22":"product_tag-gold-clover","23":"product_tag-gold-hearts","24":"product_tag-goldschmuck","25":"product_tag-heart-earrings","26":"product_tag-herzohrringe","27":"product_tag-kleeblatt-ohrringe","28":"product_tag-kolczyki-koniczynki","29":"product_tag-kolczyki-z-cyrkoniami","30":"product_tag-nausnice-se-zirkony","31":"product_tag-prezent-dla-niej","32":"product_tag-prezent-na-szczescie","33":"product_tag-srdicka","34":"product_tag-zlate-nausnice","35":"product_tag-zlota-koniczynka","36":"product_tag-zlote-kolczyki","37":"product_tag-zlote-serduszka","38":"product_tag-zolte-zloto-333","39":"pa_dlugosc-5mm","40":"pa_kolor-zolte","41":"pa_kruszec-zloto","42":"pa_motyw-koniczynka","43":"pa_proba-0-333","44":"pa_szerokosc-5mm","45":"pa_waga-073g","46":"pa_zapiecie-sztyft","48":"first","49":"instock","50":"purchasable","51":"product-type-simple"},"aioseo_notices":[],"_links":{"self":[{"href":"https:\/\/staviori.com.pl\/en\/wp-json\/wp\/v2\/product\/23097","targetHints":{"allow":["GET"]}}],"collection":[{"href":"https:\/\/staviori.com.pl\/en\/wp-json\/wp\/v2\/product"}],"about":[{"href":"https:\/\/staviori.com.pl\/en\/wp-json\/wp\/v2\/types\/product"}],"replies":[{"embeddable":true,"href":"https:\/\/staviori.com.pl\/en\/wp-json\/wp\/v2\/comments?post=23097"}],"wp:featuredmedia":[{"embeddable":true,"href":"https:\/\/staviori.com.pl\/en\/wp-json\/wp\/v2\/media\/23096"}],"wp:attachment":[{"href":"https:\/\/staviori.com.pl\/en\/wp-json\/wp\/v2\/media?parent=23097"}],"wp:term":[{"taxonomy":"product_brand","embeddable":true,"href":"https:\/\/staviori.com.pl\/en\/wp-json\/wp\/v2\/product_brand?post=23097"},{"taxonomy":"product_cat","embeddable":true,"href":"https:\/\/staviori.com.pl\/en\/wp-json\/wp\/v2\/product_cat?post=23097"},{"taxonomy":"product_tag","embeddable":true,"href":"https:\/\/staviori.com.pl\/en\/wp-json\/wp\/v2\/product_tag?post=23097"}],"curies":[{"name":"wp","href":"https:\/\/api.w.org\/{rel}","templated":true}]}}