{"id":23089,"date":"2026-03-24T15:07:27","date_gmt":"2026-03-24T14:07:27","guid":{"rendered":"https:\/\/staviori.com.pl\/?post_type=product&#038;p=23089"},"modified":"2026-04-24T09:14:37","modified_gmt":"2026-04-24T07:14:37","slug":"zlote-kolczyki-serca-z-cyrkoniami-333-kxc21311","status":"publish","type":"product","link":"https:\/\/staviori.com.pl\/en\/product\/zlote-kolczyki-serca-z-cyrkoniami-333-kxc21311\/","title":{"rendered":"Z\u0142ote kolczyki serca z cyrkoniami &#8211; 333 &#8211; KXC21311"},"content":{"rendered":"<p>Model: KXC21311<br \/>\nWaga ok. 0,87g<\/p>\n<p>Kolczyki z\u0142ote.<br \/>\n\u017b\u00f3\u0142te z\u0142oto z\u0142oto 0,333<\/p>\n<p>Zapi\u0119cie typu: sztyft<\/p>\n<p>Wysoko\u015b\u0107: 0,5 cm<br \/>\nSzeroko\u015b\u0107: 0,55 cm<\/p>","protected":false},"excerpt":{"rendered":"<p>Urocze kolczyki w kszta\u0142cie serc, wykonane z l\u015bni\u0105cego \u017c\u00f3\u0142tego z\u0142ota pr\u00f3by 333. Front ka\u017cdego serca zosta\u0142 misternie wype\u0142niony l\u015bni\u0105cymi, bezbarwnymi cyrkoniami, kt\u00f3re przepi\u0119knie odbijaj\u0105 \u015bwiat\u0142o przy ka\u017cdym ruchu. Subtelny design i romantyczny motyw sprawiaj\u0105, \u017ce jest to idealna bi\u017cuteria dla kobiet ceni\u0105cych delikatno\u015b\u0107 i klasyczn\u0105 elegancj\u0119. Dzi\u0119ki wygodnemu zapi\u0119ciu typu sztyft, kolczyki doskonale sprawdzaj\u0105 si\u0119 w codziennym u\u017cytkowaniu, dodaj\u0105c blasku nawet najprostszym stylizacjom.<\/p>","protected":false},"featured_media":23091,"comment_status":"closed","ping_status":"closed","template":"","meta":{"om_disable_all_campaigns":false},"product_brand":[2284,2350],"product_cat":[1384,199,2044,176,1930],"product_tag":[7227,7191,3097,7223,2565,7222,6465,5939,7226,3096,2953,7225,2291,7224,3834,2683,7221,2544],"class_list":{"0":"post-23089","1":"product","2":"type-product","3":"status-publish","4":"has-post-thumbnail","6":"product_brand-staviori","7":"product_brand-verona","8":"product_cat-bizuteria","9":"product_cat-kolczyki","10":"product_cat-zlote-kolczyki","11":"product_cat-zloto","12":"product_cat-zloto-2","13":"product_tag-333-gold","14":"product_tag-8k-gold","15":"product_tag-bizuteria-romantyczna","16":"product_tag-cz-earrings","17":"product_tag-delikatna-bizuteria","18":"product_tag-gold-hearts","19":"product_tag-goldschmuck","20":"product_tag-heart-earrings","21":"product_tag-herzohrringe","22":"product_tag-kolczyki-serca","23":"product_tag-kolczyki-z-cyrkoniami","24":"product_tag-nausnice-se-zirkony","25":"product_tag-prezent-dla-niej","26":"product_tag-srdicka","27":"product_tag-zlate-nausnice","28":"product_tag-zlote-kolczyki","29":"product_tag-zlote-serduszka","30":"product_tag-zolte-zloto-333","31":"pa_dlugosc-5mm","32":"pa_kolor-zolte","33":"pa_kruszec-zloto","34":"pa_motyw-serce","35":"pa_proba-0-333","36":"pa_szerokosc-5-5mm","37":"pa_waga-087g","38":"pa_zapiecie-sztyft","40":"first","41":"instock","42":"purchasable","43":"product-type-simple"},"aioseo_notices":[],"_links":{"self":[{"href":"https:\/\/staviori.com.pl\/en\/wp-json\/wp\/v2\/product\/23089","targetHints":{"allow":["GET"]}}],"collection":[{"href":"https:\/\/staviori.com.pl\/en\/wp-json\/wp\/v2\/product"}],"about":[{"href":"https:\/\/staviori.com.pl\/en\/wp-json\/wp\/v2\/types\/product"}],"replies":[{"embeddable":true,"href":"https:\/\/staviori.com.pl\/en\/wp-json\/wp\/v2\/comments?post=23089"}],"wp:featuredmedia":[{"embeddable":true,"href":"https:\/\/staviori.com.pl\/en\/wp-json\/wp\/v2\/media\/23091"}],"wp:attachment":[{"href":"https:\/\/staviori.com.pl\/en\/wp-json\/wp\/v2\/media?parent=23089"}],"wp:term":[{"taxonomy":"product_brand","embeddable":true,"href":"https:\/\/staviori.com.pl\/en\/wp-json\/wp\/v2\/product_brand?post=23089"},{"taxonomy":"product_cat","embeddable":true,"href":"https:\/\/staviori.com.pl\/en\/wp-json\/wp\/v2\/product_cat?post=23089"},{"taxonomy":"product_tag","embeddable":true,"href":"https:\/\/staviori.com.pl\/en\/wp-json\/wp\/v2\/product_tag?post=23089"}],"curies":[{"name":"wp","href":"https:\/\/api.w.org\/{rel}","templated":true}]}}