{"id":23077,"date":"2026-03-22T11:45:17","date_gmt":"2026-03-22T10:45:17","guid":{"rendered":"https:\/\/staviori.com.pl\/?post_type=product&#038;p=23077"},"modified":"2026-03-22T11:51:54","modified_gmt":"2026-03-22T10:51:54","slug":"piekne-kolczyki-z-diamentami-i-szafirami-w-zlocie-585-kzd21293","status":"publish","type":"product","link":"https:\/\/staviori.com.pl\/en\/product\/piekne-kolczyki-z-diamentami-i-szafirami-w-zlocie-585-kzd21293\/","title":{"rendered":"Pi\u0119kne kolczyki z diamentami i szafirami w z\u0142ocie 585 | KZD21293"},"content":{"rendered":"<p>Model: KZD21293<br \/>\nWaga ok. 1,07g<\/p>\n<p>Earrings.<br \/>\nYellow gold 0.585.<br \/>\n4 diamenty o \u0142\u0105cznej masie 0,01ct w szlifie \u00f3semkowym jako\u015bci H\/SI1<br \/>\n10 szafir\u00f3w o \u0142\u0105cznej masie 0,22ct<\/p>\n<p>Wymiary oko\u0142o 12&#215;5 mm.<\/p>","protected":false},"excerpt":{"rendered":"<p>Subtelne i niezwykle eleganckie kolczyki wykonane z \u017c\u00f3\u0142tego z\u0142ota pr\u00f3by 585, kt\u00f3re zachwycaj\u0105 precyzj\u0105 wykonania. Sercem projektu jest harmonijne po\u0142\u0105czenie dziesi\u0119ciu g\u0142\u0119bokich szafir\u00f3w z delikatnym blaskiem czterech diament\u00f3w w szlifie \u00f3semkowym. Klasyczna forma sztyftu zapewnia komfort noszenia, a kontrast mi\u0119dzy ciep\u0142ym odcieniem z\u0142ota a kr\u00f3lewskim b\u0142\u0119kitem szafir\u00f3w nadaje bi\u017cuterii wyrazistego charakteru. To idealny wyb\u00f3r dla kobiet ceni\u0105cych ponadczasowy styl i wyrafinowane detale.<\/p>","protected":false},"featured_media":23078,"comment_status":"closed","ping_status":"closed","template":"","meta":{"om_disable_all_campaigns":false},"product_brand":[2284,2350],"product_cat":[1384,1838,1990,199,176],"product_tag":[2792,3690,7212,6359,1394,2665,2656,6410,7213,6409,2657,7051,2683,2599],"class_list":{"0":"post-23077","1":"product","2":"type-product","3":"status-publish","4":"has-post-thumbnail","6":"product_brand-staviori","7":"product_brand-verona","8":"product_cat-bizuteria","9":"product_cat-diamenty","10":"product_cat-kolczyk-z-brylantami","11":"product_cat-kolczyki","12":"product_cat-zloto","13":"product_tag-bizuteria-z-szafirem","14":"product_tag-elegancki-prezent","15":"product_tag-gold-earrings-14k","16":"product_tag-goldschmuck-585","17":"product_tag-kolczyki","18":"product_tag-kolczyki-sztyfty","19":"product_tag-kolczyki-z-szafirami","20":"product_tag-safirove-nausnice","21":"product_tag-saphir-ohrringe","22":"product_tag-sapphire-earrings","23":"product_tag-szafiry-i-diamenty","24":"product_tag-zlate-nausnice-585","25":"product_tag-zlote-kolczyki","26":"product_tag-zolte-zloto-585","27":"pa_barwa-h-2","28":"pa_czystosc-si1","29":"pa_kamien-diamenty","30":"pa_kamien-szafiry","31":"pa_kolor-zolte","32":"pa_kruszec-zloto","33":"pa_proba-0-585","34":"pa_waga-107g","35":"pa_wymiary-12x5mm","36":"pa_zapiecie-sztyft","38":"first","39":"instock","40":"purchasable","41":"product-type-simple"},"aioseo_notices":[],"_links":{"self":[{"href":"https:\/\/staviori.com.pl\/en\/wp-json\/wp\/v2\/product\/23077","targetHints":{"allow":["GET"]}}],"collection":[{"href":"https:\/\/staviori.com.pl\/en\/wp-json\/wp\/v2\/product"}],"about":[{"href":"https:\/\/staviori.com.pl\/en\/wp-json\/wp\/v2\/types\/product"}],"replies":[{"embeddable":true,"href":"https:\/\/staviori.com.pl\/en\/wp-json\/wp\/v2\/comments?post=23077"}],"wp:featuredmedia":[{"embeddable":true,"href":"https:\/\/staviori.com.pl\/en\/wp-json\/wp\/v2\/media\/23078"}],"wp:attachment":[{"href":"https:\/\/staviori.com.pl\/en\/wp-json\/wp\/v2\/media?parent=23077"}],"wp:term":[{"taxonomy":"product_brand","embeddable":true,"href":"https:\/\/staviori.com.pl\/en\/wp-json\/wp\/v2\/product_brand?post=23077"},{"taxonomy":"product_cat","embeddable":true,"href":"https:\/\/staviori.com.pl\/en\/wp-json\/wp\/v2\/product_cat?post=23077"},{"taxonomy":"product_tag","embeddable":true,"href":"https:\/\/staviori.com.pl\/en\/wp-json\/wp\/v2\/product_tag?post=23077"}],"curies":[{"name":"wp","href":"https:\/\/api.w.org\/{rel}","templated":true}]}}