{"id":23066,"date":"2026-03-22T11:11:48","date_gmt":"2026-03-22T10:11:48","guid":{"rendered":"https:\/\/staviori.com.pl\/?post_type=product&#038;p=23066"},"modified":"2026-03-22T11:25:48","modified_gmt":"2026-03-22T10:25:48","slug":"zloty-naszyjnik-supelek-piekny-regulowany-40-42cm-proba-333-nzx13216","status":"publish","type":"product","link":"https:\/\/staviori.com.pl\/en\/product\/zloty-naszyjnik-supelek-piekny-regulowany-40-42cm-proba-333-nzx13216\/","title":{"rendered":"Z\u0142oty naszyjnik supe\u0142ek , pi\u0119kny regulowany 40-42cm, pr\u00f3ba 333 | NZX13216"},"content":{"rendered":"<p>Model: NZX13216<br \/>\nWaga ok. 1,28g<\/p>\n<p>Earrings.<br \/>\nYellow gold 0.333.<\/p>\n<p>D\u0142ugo\u015b\u0107 minimalna: 40 cm<br \/>\nD\u0142ugo\u015b\u0107 maksymalna: 42 cm<\/p>\n<p>Wysoko\u015b\u0107 elementu ozdobnego: 0,7 cm<br \/>\nSzeroko\u015b\u0107 elementu ozdobnego: 0,7 cm<\/p>\n<p>Do kompletu => Pi\u0119kne kolczyki &#8222;supe\u0142ki&#8221; w \u017c\u00f3\u0142tym z\u0142ocie pr\u00f3by 333, model KXC5158<\/p>","protected":false},"excerpt":{"rendered":"<p>Subtelny naszyjnik wykonany z \u017c\u00f3\u0142tego z\u0142ota pr\u00f3by 333, kt\u00f3ry zachwyca swoj\u0105 minimalistyczn\u0105 form\u0105. Centralnym punktem kompozycji jest misternie spleciony element w kszta\u0142cie eleganckiego supe\u0142ka, symbolizuj\u0105cy trwa\u0142o\u015b\u0107 i wi\u0119zi. Delikatny splot \u0142a\u0144cuszka idealnie komponuje si\u0119 z polerowan\u0105 powierzchni\u0105 zawieszki, nadaj\u0105c ca\u0142o\u015bci wyj\u0105tkowego blasku. To ponadczasowa bi\u017cuteria, kt\u00f3ra dzi\u0119ki swojej klasycznej estetyce b\u0119dzie doskona\u0142ym dope\u0142nieniem zar\u00f3wno codziennych, jak i wieczorowych stylizacji.<\/p>","protected":false},"featured_media":23067,"comment_status":"closed","ping_status":"closed","template":"","meta":{"om_disable_all_campaigns":false},"product_brand":[2284,2350],"product_cat":[1384,719,2044,1930,176],"product_tag":[2704,7205,2565,3690,7203,4631,7201,7202,2378,7200,7204,2381,2544],"class_list":{"0":"post-23066","1":"product","2":"type-product","3":"status-publish","4":"has-post-thumbnail","6":"product_brand-staviori","7":"product_brand-verona","8":"product_cat-bizuteria","9":"product_cat-naszyjniki","10":"product_cat-zlote-kolczyki","11":"product_cat-zloto-2","12":"product_cat-zloto","13":"product_tag-bizuteria-minimalistyczna","14":"product_tag-celebrytka-supel","15":"product_tag-delikatna-bizuteria","16":"product_tag-elegancki-prezent","17":"product_tag-goldkette-knoten","18":"product_tag-klasyczny-naszyjnik","19":"product_tag-knot-necklace","20":"product_tag-nahrdelnik-uzel","21":"product_tag-naszyjnik","22":"product_tag-naszyjnik-supelek","23":"product_tag-zloto-8k","24":"product_tag-zloty-naszyjnik","25":"product_tag-zolte-zloto-333","26":"pa_kolor-zolte","27":"pa_kruszec-zloto","28":"pa_proba-0-333","29":"pa_rozmiar-dlugosc-regulowana-40-42cm","30":"pa_srednica-7mm","31":"pa_waga-128g","33":"first","34":"instock","35":"purchasable","36":"product-type-simple"},"aioseo_notices":[],"_links":{"self":[{"href":"https:\/\/staviori.com.pl\/en\/wp-json\/wp\/v2\/product\/23066","targetHints":{"allow":["GET"]}}],"collection":[{"href":"https:\/\/staviori.com.pl\/en\/wp-json\/wp\/v2\/product"}],"about":[{"href":"https:\/\/staviori.com.pl\/en\/wp-json\/wp\/v2\/types\/product"}],"replies":[{"embeddable":true,"href":"https:\/\/staviori.com.pl\/en\/wp-json\/wp\/v2\/comments?post=23066"}],"wp:featuredmedia":[{"embeddable":true,"href":"https:\/\/staviori.com.pl\/en\/wp-json\/wp\/v2\/media\/23067"}],"wp:attachment":[{"href":"https:\/\/staviori.com.pl\/en\/wp-json\/wp\/v2\/media?parent=23066"}],"wp:term":[{"taxonomy":"product_brand","embeddable":true,"href":"https:\/\/staviori.com.pl\/en\/wp-json\/wp\/v2\/product_brand?post=23066"},{"taxonomy":"product_cat","embeddable":true,"href":"https:\/\/staviori.com.pl\/en\/wp-json\/wp\/v2\/product_cat?post=23066"},{"taxonomy":"product_tag","embeddable":true,"href":"https:\/\/staviori.com.pl\/en\/wp-json\/wp\/v2\/product_tag?post=23066"}],"curies":[{"name":"wp","href":"https:\/\/api.w.org\/{rel}","templated":true}]}}