{"id":23049,"date":"2026-03-22T09:24:16","date_gmt":"2026-03-22T08:24:16","guid":{"rendered":"https:\/\/staviori.com.pl\/?post_type=product&#038;p=23049"},"modified":"2026-03-22T09:34:39","modified_gmt":"2026-03-22T08:34:39","slug":"zlote-kolczyki-owalne-z-bialego-i-zoltego-zlota-585-szarnir-kjz21291","status":"publish","type":"product","link":"https:\/\/staviori.com.pl\/en\/product\/zlote-kolczyki-owalne-z-bialego-i-zoltego-zlota-585-szarnir-kjz21291\/","title":{"rendered":"Z\u0142ote kolczyki owalne z bia\u0142ego i \u017c\u00f3\u0142tego z\u0142ota 585 &#8211; szarnir &#8211; KJZ21291"},"content":{"rendered":"<p>Model: KJZ21291<br \/>\nWaga ok. 0,98g<\/p>\n<p>Kolczyki z\u0142ote.<br \/>\n\u017b\u00f3\u0142te i bia\u0142e z\u0142oto z\u0142oto 0,585<\/p>\n<p>Zapi\u0119cie typu: szarnir<\/p>\n<p>Wysoko\u015b\u0107: 1,3 cm<br \/>\nGrubo\u015b\u0107: 0,2 cm<\/p>","protected":false},"excerpt":{"rendered":"<p>Subtelne kolczyki o owalnym kszta\u0142cie, wykonane z wysokiej pr\u00f3by \u017c\u00f3\u0142tego z\u0142ota 585. Wyj\u0105tkowy charakter nadaje im \u015brodkowa sekcja z bia\u0142ego, rodowanego z\u0142ota, kt\u00f3ra zosta\u0142a poddana precyzyjnemu diamentowaniu. Dzi\u0119ki tej technice powierzchnia efektownie rozprasza \u015bwiat\u0142o, tworz\u0105c blask przypominaj\u0105cy l\u015bnienie drobnych kamieni szlachetnych. Klasyczne zapi\u0119cie typu zatrzask (walizka) zapewnia komfort noszenia i bezpiecze\u0144stwo. To idealny wyb\u00f3r dla kobiet ceni\u0105cych ponadczasow\u0105 elegancj\u0119 z nowoczesnym akcentem.<\/p>","protected":false},"featured_media":23050,"comment_status":"closed","ping_status":"closed","template":"","meta":{"om_disable_all_campaigns":false},"product_brand":[2284,2350],"product_cat":[1384,199,2044,1930,176],"product_tag":[4124,7046,2308,7184,7047,7054,7186,7185,3792,2660,7048,3828,7049,7044,6824,7053,2603,1394,7183,3513,3091,7055,7187,7045,7050,3834,7051,2683,7052,2522,2599],"class_list":{"0":"post-23049","1":"product","2":"type-product","3":"status-publish","4":"has-post-thumbnail","6":"product_brand-staviori","7":"product_brand-verona","8":"product_cat-bizuteria","9":"product_cat-kolczyki","10":"product_cat-zlote-kolczyki","11":"product_cat-zloto-2","12":"product_cat-zloto","13":"product_tag-14k-gold","14":"product_tag-14k-gold-hoops","15":"product_tag-biale-zloto","16":"product_tag-bizuteria-diamentowana","17":"product_tag-classic-hoop-earrings","18":"product_tag-creolen-gold-585","19":"product_tag-diamentowanie","20":"product_tag-diamond-cut-gold","21":"product_tag-dvoubarevne-zlato","22":"product_tag-eleganckie-kolczyki","23":"product_tag-elegant-gold-earrings","24":"product_tag-gold-earrings","25":"product_tag-gold-earrings-585","26":"product_tag-gold-hoop-earrings","27":"product_tag-goldohrringe","28":"product_tag-klassische-creolen","29":"product_tag-klasyczna-bizuteria","30":"product_tag-kolczyki","31":"product_tag-kolczyki-585","32":"product_tag-kolczyki-dwukolorowe","33":"product_tag-kolczyki-owalne","34":"product_tag-ohrringe-gelbgold-585","35":"product_tag-proba-585","36":"product_tag-yellow-gold-earrings","37":"product_tag-zlate-kruhove-nausnice","38":"product_tag-zlate-nausnice","39":"product_tag-zlate-nausnice-585","40":"product_tag-zlote-kolczyki","41":"product_tag-zlute-zlato-nausnice","42":"product_tag-zolte-zloto","43":"product_tag-zolte-zloto-585","44":"pa_kolor-biale","45":"pa_kolor-zolte","46":"pa_kruszec-zloto","47":"pa_proba-0-585","48":"pa_waga-098g","49":"pa_zapiecie-szarnir","51":"first","52":"instock","53":"purchasable","54":"product-type-simple"},"aioseo_notices":[],"_links":{"self":[{"href":"https:\/\/staviori.com.pl\/en\/wp-json\/wp\/v2\/product\/23049","targetHints":{"allow":["GET"]}}],"collection":[{"href":"https:\/\/staviori.com.pl\/en\/wp-json\/wp\/v2\/product"}],"about":[{"href":"https:\/\/staviori.com.pl\/en\/wp-json\/wp\/v2\/types\/product"}],"replies":[{"embeddable":true,"href":"https:\/\/staviori.com.pl\/en\/wp-json\/wp\/v2\/comments?post=23049"}],"wp:featuredmedia":[{"embeddable":true,"href":"https:\/\/staviori.com.pl\/en\/wp-json\/wp\/v2\/media\/23050"}],"wp:attachment":[{"href":"https:\/\/staviori.com.pl\/en\/wp-json\/wp\/v2\/media?parent=23049"}],"wp:term":[{"taxonomy":"product_brand","embeddable":true,"href":"https:\/\/staviori.com.pl\/en\/wp-json\/wp\/v2\/product_brand?post=23049"},{"taxonomy":"product_cat","embeddable":true,"href":"https:\/\/staviori.com.pl\/en\/wp-json\/wp\/v2\/product_cat?post=23049"},{"taxonomy":"product_tag","embeddable":true,"href":"https:\/\/staviori.com.pl\/en\/wp-json\/wp\/v2\/product_tag?post=23049"}],"curies":[{"name":"wp","href":"https:\/\/api.w.org\/{rel}","templated":true}]}}