{"id":23045,"date":"2026-03-22T09:15:36","date_gmt":"2026-03-22T08:15:36","guid":{"rendered":"https:\/\/staviori.com.pl\/?post_type=product&#038;p=23045"},"modified":"2026-03-22T09:21:30","modified_gmt":"2026-03-22T08:21:30","slug":"zlote-kolczyki-z-brylantami-020ct-h-si2-z-zoltego-zlota-585-kz21376","status":"publish","type":"product","link":"https:\/\/staviori.com.pl\/en\/product\/zlote-kolczyki-z-brylantami-020ct-h-si2-z-zoltego-zlota-585-kz21376\/","title":{"rendered":"Z\u0142ote kolczyki z brylantami 0,20ct H\/Si2 z \u017c\u00f3\u0142tego z\u0142ota 585  KZ21376"},"content":{"rendered":"<p>Model: KZ21376<br \/>\nWeight approx. 1.05g<\/p>\n<p>Earrings.<br \/>\nYellow gold 0.585.<br \/>\n2 Diamenty, szlif brylantowy, o masie 0,2ct, barwa H, czysto\u015b\u0107 SI2.<\/p>\n<p>4 mm diameter.<\/p>","protected":false},"excerpt":{"rendered":"<p>Wyj\u0105tkowe kolczyki wykonane z l\u015bni\u0105cego \u017c\u00f3\u0142tego z\u0142ota pr\u00f3by 585, b\u0119d\u0105ce definicj\u0105 ponadczasowej elegancji. Ich sercem s\u0105 dwa drogocenne diamenty o \u0142\u0105cznej masie 0,20 ct, kt\u00f3rych blask zosta\u0142 wydobyty poprzez precyzyjny szlif brylantowy. Kamienie osadzono w nowoczesnych, solidnych szatonach o czterech ramionach, kt\u00f3re nie tylko bezpiecznie trzymaj\u0105 brylanty, ale r\u00f3wnie\u017c pozwalaj\u0105 \u015bwiat\u0142u swobodnie przez nie przenika\u0107, pot\u0119guj\u0105c ich naturalny ogie\u0144. To minimalistyczna bi\u017cuteria najwy\u017cszej klasy, kt\u00f3ra doda presti\u017cu ka\u017cdemu spotkaniu \u2013 od codziennych obowi\u0105zk\u00f3w po najbardziej podnios\u0142e chwile.<\/p>","protected":false},"featured_media":23047,"comment_status":"closed","ping_status":"closed","template":"","meta":{"om_disable_all_campaigns":false},"product_brand":[2284,2350],"product_cat":[1384,1838,1990,199,176],"product_tag":[7180,2301,6825,6823,3829,4149,6298,2603,2665,2672,2280,2668,7181,7006,7045,7009,3834,6299,7116,7002,5487,5572,2522,2599],"class_list":{"0":"post-23045","1":"product","2":"type-product","3":"status-publish","4":"has-post-thumbnail","6":"product_brand-staviori","7":"product_brand-verona","8":"product_cat-bizuteria","9":"product_cat-diamenty","10":"product_cat-kolczyk-z-brylantami","11":"product_cat-kolczyki","12":"product_cat-zloto","13":"product_tag-bizuteria-z-certyfikatem","14":"product_tag-brylanty","15":"product_tag-diamantohrringe","16":"product_tag-diamantove-nausnice","17":"product_tag-diamond-earrings","18":"product_tag-fine-jewelry","19":"product_tag-gold-585","20":"product_tag-klasyczna-bizuteria","21":"product_tag-kolczyki-sztyfty","22":"product_tag-kolczyki-z-brylantami","23":"product_tag-luksusowa-bizuteria","24":"product_tag-minimalistyczne-kolczyki","25":"product_tag-prezent-na-rocznice","26":"product_tag-romantyczne-kolczyki-na-prezent","27":"product_tag-yellow-gold-earrings","28":"product_tag-yellow-gold-heart-earrings-585","29":"product_tag-zlate-nausnice","30":"product_tag-zlato-585","31":"product_tag-zlote-kolczyki-585","32":"product_tag-zlote-kolczyki-serduszka","33":"product_tag-zloto-14k","34":"product_tag-zlute-zlato-585","35":"product_tag-zolte-zloto","36":"product_tag-zolte-zloto-585","37":"pa_barwa-h-2","38":"pa_czystosc-si2","39":"pa_kamien-diament","40":"pa_kolor-zolte","41":"pa_kruszec-zloto","42":"pa_proba-0-585","43":"pa_waga-105g","44":"pa_zapiecie-sztyft","46":"first","47":"instock","48":"purchasable","49":"product-type-simple"},"aioseo_notices":[],"_links":{"self":[{"href":"https:\/\/staviori.com.pl\/en\/wp-json\/wp\/v2\/product\/23045","targetHints":{"allow":["GET"]}}],"collection":[{"href":"https:\/\/staviori.com.pl\/en\/wp-json\/wp\/v2\/product"}],"about":[{"href":"https:\/\/staviori.com.pl\/en\/wp-json\/wp\/v2\/types\/product"}],"replies":[{"embeddable":true,"href":"https:\/\/staviori.com.pl\/en\/wp-json\/wp\/v2\/comments?post=23045"}],"wp:featuredmedia":[{"embeddable":true,"href":"https:\/\/staviori.com.pl\/en\/wp-json\/wp\/v2\/media\/23047"}],"wp:attachment":[{"href":"https:\/\/staviori.com.pl\/en\/wp-json\/wp\/v2\/media?parent=23045"}],"wp:term":[{"taxonomy":"product_brand","embeddable":true,"href":"https:\/\/staviori.com.pl\/en\/wp-json\/wp\/v2\/product_brand?post=23045"},{"taxonomy":"product_cat","embeddable":true,"href":"https:\/\/staviori.com.pl\/en\/wp-json\/wp\/v2\/product_cat?post=23045"},{"taxonomy":"product_tag","embeddable":true,"href":"https:\/\/staviori.com.pl\/en\/wp-json\/wp\/v2\/product_tag?post=23045"}],"curies":[{"name":"wp","href":"https:\/\/api.w.org\/{rel}","templated":true}]}}