{"id":23040,"date":"2026-03-22T09:09:46","date_gmt":"2026-03-22T08:09:46","guid":{"rendered":"https:\/\/staviori.com.pl\/?post_type=product&#038;p=23040"},"modified":"2026-04-21T11:39:24","modified_gmt":"2026-04-21T09:39:24","slug":"zlote-kolczyki-kwiatuszki-z-cyrkoniami-585-kz21224","status":"publish","type":"product","link":"https:\/\/staviori.com.pl\/en\/product\/zlote-kolczyki-kwiatuszki-z-cyrkoniami-585-kz21224\/","title":{"rendered":"Z\u0142ote kolczyki kwiatuszki z cyrkoniami  585  KZ21190"},"content":{"rendered":"<p>Model: KZ21190<br \/>\nWaga ok. 0,25g<\/p>\n<p>Earrings.<br \/>\nYellow gold 0.585.<br \/>\nBezbarwne cyrkonie \/ bia\u0142e<\/p>\n<p>Diameter 3mm<\/p>","protected":false},"excerpt":{"rendered":"<p>Urocze kolczyki wykonane z 14-karatowego \u017c\u00f3\u0142tego z\u0142ota, kt\u00f3re urzekaj\u0105 swoj\u0105 filigranow\u0105 form\u0105 i subtelnym blaskiem. Motyw drobnych kwiatuszk\u00f3w z a\u017curowymi p\u0142atkami skrywa w swoim centrum l\u015bni\u0105c\u0105, bezbarwn\u0105 cyrkoni\u0119, kt\u00f3ra pi\u0119knie rozprasza \u015bwiat\u0142o przy ka\u017cdym ruchu. Dzi\u0119ki swojej minimalistycznej wielko\u015bci i klasycznemu zapi\u0119ciu na sztyft, model ten jest niezwykle komfortowy i idealnie nadaje si\u0119 do noszenia na co dzie\u0144. To delikatna i pe\u0142na wdzi\u0119ku bi\u017cuteria, kt\u00f3ra doda dziewcz\u0119cego uroku ka\u017cdej stylizacji.<\/p>","protected":false},"featured_media":23041,"comment_status":"closed","ping_status":"closed","template":"","meta":{"om_disable_all_campaigns":false},"product_brand":[2284,2350],"product_cat":[1384,1838,1990,199,176],"product_tag":[5194,7179,2932,2858,6298,3828,6824,2692,2665,7178,2384,3338,3834,6299,2683,5487,2599],"class_list":{"0":"post-23040","1":"product","2":"type-product","3":"status-publish","4":"has-post-thumbnail","6":"product_brand-staviori","7":"product_brand-verona","8":"product_cat-bizuteria","9":"product_cat-diamenty","10":"product_cat-kolczyk-z-brylantami","11":"product_cat-kolczyki","12":"product_cat-zloto","13":"product_tag-bizuteria-azurowa","14":"product_tag-bizuteria-dla-dzieci","15":"product_tag-cyrkonie","16":"product_tag-delikatne-kolczyki","17":"product_tag-gold-585","18":"product_tag-gold-earrings","19":"product_tag-goldohrringe","20":"product_tag-kolczyki-kwiatki","21":"product_tag-kolczyki-sztyfty","22":"product_tag-kwiatuszki","23":"product_tag-minimalistyczna-bizuteria","24":"product_tag-prezent-dla-dziewczynki","25":"product_tag-zlate-nausnice","26":"product_tag-zlato-585","27":"product_tag-zlote-kolczyki","28":"product_tag-zloto-14k","29":"product_tag-zolte-zloto-585","30":"pa_kamien-cyrkonia","31":"pa_kamien-cyrkonia-biala","32":"pa_kolor-zolte","33":"pa_kruszec-zloto","34":"pa_motyw-kwiatek","35":"pa_proba-0-585","36":"pa_waga-025g","37":"pa_zapiecie-sztyft","39":"first","40":"onbackorder","41":"purchasable","42":"product-type-simple"},"aioseo_notices":[],"_links":{"self":[{"href":"https:\/\/staviori.com.pl\/en\/wp-json\/wp\/v2\/product\/23040","targetHints":{"allow":["GET"]}}],"collection":[{"href":"https:\/\/staviori.com.pl\/en\/wp-json\/wp\/v2\/product"}],"about":[{"href":"https:\/\/staviori.com.pl\/en\/wp-json\/wp\/v2\/types\/product"}],"replies":[{"embeddable":true,"href":"https:\/\/staviori.com.pl\/en\/wp-json\/wp\/v2\/comments?post=23040"}],"wp:featuredmedia":[{"embeddable":true,"href":"https:\/\/staviori.com.pl\/en\/wp-json\/wp\/v2\/media\/23041"}],"wp:attachment":[{"href":"https:\/\/staviori.com.pl\/en\/wp-json\/wp\/v2\/media?parent=23040"}],"wp:term":[{"taxonomy":"product_brand","embeddable":true,"href":"https:\/\/staviori.com.pl\/en\/wp-json\/wp\/v2\/product_brand?post=23040"},{"taxonomy":"product_cat","embeddable":true,"href":"https:\/\/staviori.com.pl\/en\/wp-json\/wp\/v2\/product_cat?post=23040"},{"taxonomy":"product_tag","embeddable":true,"href":"https:\/\/staviori.com.pl\/en\/wp-json\/wp\/v2\/product_tag?post=23040"}],"curies":[{"name":"wp","href":"https:\/\/api.w.org\/{rel}","templated":true}]}}