{"id":22977,"date":"2026-03-09T09:42:12","date_gmt":"2026-03-09T08:42:12","guid":{"rendered":"https:\/\/staviori.com.pl\/?post_type=product&#038;p=22977"},"modified":"2026-03-09T09:44:24","modified_gmt":"2026-03-09T08:44:24","slug":"zloty-lancuszek-585-singapur-1mm-42cm","status":"publish","type":"product","link":"https:\/\/staviori.com.pl\/en\/product\/zloty-lancuszek-585-singapur-1mm-42cm\/","title":{"rendered":"Z\u0142oty \u0142a\u0144cuszek 585 singapur 1mm 42cm"},"content":{"rendered":"<p>Model: LZX2785-42<br \/>\nWaga ok. 0,65g<\/p>\n<p>\u0141a\u0144cuszek 42cm<br \/>\nSINGAPORE<br \/>\nYellow gold 0.585.<br \/>\n1 mm wide.<\/p>","protected":false},"excerpt":{"rendered":"<p>Lekki i niezwykle efektowny \u0142a\u0144cuszek o d\u0142ugo\u015bci 42 cm wykonany z \u017c\u00f3\u0142tego z\u0142ota pr\u00f3by 0,585. Splot typu Singapur zachwyca subtelnym skr\u0119tem, kt\u00f3ry pi\u0119knie odbija \u015bwiat\u0142o i dodaje bi\u017cuterii wyj\u0105tkowego blasku. Idealny do noszenia solo lub z delikatn\u0105 zawieszk\u0105. Doskona\u0142y wyb\u00f3r dla kobiet ceni\u0105cych elegancj\u0119 i nowoczesny styl.<\/p>","protected":false},"featured_media":18647,"comment_status":"closed","ping_status":"closed","template":"","meta":{"om_disable_all_campaigns":false},"product_brand":[2284,2350],"product_cat":[1384,690,176,1930,2072],"product_tag":[3812,3807,3983,3817,3986,3984,1403,3939,3985,3833,3744,3987,3723,3750,2522],"class_list":{"0":"post-22977","1":"product","2":"type-product","3":"status-publish","4":"has-post-thumbnail","6":"product_brand-staviori","7":"product_brand-verona","8":"product_cat-bizuteria","9":"product_cat-lancuszki","10":"product_cat-zloto","11":"product_cat-zloto-2","12":"product_cat-zloty-lancuszek","13":"product_tag-chain","14":"product_tag-lancuszek","15":"product_tag-lzx2785","16":"product_tag-retizek","17":"product_tag-singapore-vzor","18":"product_tag-singapore-weave","19":"product_tag-singapur","20":"product_tag-skrecany-lancuszek","21":"product_tag-twisted-chain","22":"product_tag-womens-jewelry","23":"product_tag-yellow-gold","24":"product_tag-zaa6908","25":"product_tag-zlota-bizuteria","26":"product_tag-zlute-zlato","27":"product_tag-zolte-zloto","28":"pa_kolor-zolte","29":"pa_kruszec-zloto","30":"pa_proba-0-585","31":"pa_rozmiar-42cm","32":"pa_splot-singapur","33":"pa_szerokosc-1mm","34":"pa_waga-0-65g","36":"first","37":"instock","38":"purchasable","39":"product-type-simple"},"aioseo_notices":[],"_links":{"self":[{"href":"https:\/\/staviori.com.pl\/en\/wp-json\/wp\/v2\/product\/22977","targetHints":{"allow":["GET"]}}],"collection":[{"href":"https:\/\/staviori.com.pl\/en\/wp-json\/wp\/v2\/product"}],"about":[{"href":"https:\/\/staviori.com.pl\/en\/wp-json\/wp\/v2\/types\/product"}],"replies":[{"embeddable":true,"href":"https:\/\/staviori.com.pl\/en\/wp-json\/wp\/v2\/comments?post=22977"}],"wp:featuredmedia":[{"embeddable":true,"href":"https:\/\/staviori.com.pl\/en\/wp-json\/wp\/v2\/media\/18647"}],"wp:attachment":[{"href":"https:\/\/staviori.com.pl\/en\/wp-json\/wp\/v2\/media?parent=22977"}],"wp:term":[{"taxonomy":"product_brand","embeddable":true,"href":"https:\/\/staviori.com.pl\/en\/wp-json\/wp\/v2\/product_brand?post=22977"},{"taxonomy":"product_cat","embeddable":true,"href":"https:\/\/staviori.com.pl\/en\/wp-json\/wp\/v2\/product_cat?post=22977"},{"taxonomy":"product_tag","embeddable":true,"href":"https:\/\/staviori.com.pl\/en\/wp-json\/wp\/v2\/product_tag?post=22977"}],"curies":[{"name":"wp","href":"https:\/\/api.w.org\/{rel}","templated":true}]}}