{"id":22865,"date":"2026-01-19T17:52:55","date_gmt":"2026-01-19T16:52:55","guid":{"rendered":"https:\/\/staviori.com.pl\/?post_type=product&#038;p=22865"},"modified":"2026-04-20T01:19:45","modified_gmt":"2026-04-19T23:19:45","slug":"piekne-wiszace-srebrne-kolczyki-z-naturalnymi-perlami-kdn6720","status":"publish","type":"product","link":"https:\/\/staviori.com.pl\/en\/product\/piekne-wiszace-srebrne-kolczyki-z-naturalnymi-perlami-kdn6720\/","title":{"rendered":"Pi\u0119kne wisz\u0105ce srebrne kolczyki z naturalnymi per\u0142ami | KDN6720"},"content":{"rendered":"<p>Model: KDN6720<br \/>\nWeight approx. 3.50g<\/p>\n<p>Earrings.<br \/>\nSrebro rodowane 0,925<\/p>\n<p>Natural Freshwater Cultured Pearls.<\/p>\n<p>D\u0142ugo\u015b\u0107 24 mm.<br \/>\nWymiary pere\u0142 ok. 12&#215;8 mm.<\/p>","protected":false},"excerpt":{"rendered":"<p>Stylowe kolczyki wykonane ze srebra rodowanego pr\u00f3by 0,925, zachwycaj\u0105 klasycznym po\u0142\u0105czeniem z\u0142otej oprawy z naturalnymi per\u0142ami hodowanymi s\u0142odkowodnymi. Subtelna forma oraz delikatnie zwisaj\u0105ce per\u0142y pi\u0119knie podkre\u015blaj\u0105 szyj\u0119 i dodaj\u0105 stylizacji lekko\u015bci. To ponadczasowa bi\u017cuteria, kt\u00f3ra doskonale sprawdzi si\u0119 zar\u00f3wno na co dzie\u0144, jak i przy wyj\u0105tkowych okazjach. Idealny wyb\u00f3r dla kobiet ceni\u0105cych elegancj\u0119 i naturalne pi\u0119kno.<\/p>","protected":false},"featured_media":22866,"comment_status":"closed","ping_status":"closed","template":"","meta":{"om_disable_all_campaigns":false},"product_brand":[2284,2350],"product_cat":[1384,1393,1919,1817,145],"product_tag":[3260,2660,7142,1395,3869,7144,3029,2532,6075,7143,7140],"class_list":{"0":"post-22865","1":"product","2":"type-product","3":"status-publish","4":"has-post-thumbnail","6":"product_brand-staviori","7":"product_brand-verona","8":"product_cat-bizuteria","9":"product_cat-perly","10":"product_cat-perly-ze-srebrem","11":"product_cat-srebro-2","12":"product_cat-srebro","13":"product_tag-bizuteria-z-perlami","14":"product_tag-eleganckie-kolczyki","15":"product_tag-freshwater-pearl-earrings","16":"product_tag-kolczyki-z-perlami","17":"product_tag-pearl-earrings","18":"product_tag-perlenohrringe","19":"product_tag-perly-hodowane","20":"product_tag-perly-slodkowodne","21":"product_tag-silber-925","22":"product_tag-silberohrringe-vergoldet","23":"product_tag-srebrne-kolczyki-925","24":"pa_dlugosc-24mm","25":"pa_kamien-naturalne-perly-hodowane-slodkowodne","26":"pa_kruszec-srebro","27":"pa_kruszec-srebro-rodowane","28":"pa_proba-0-925","29":"pa_waga-350g","30":"pa_wymiary-kamieni-ok-10x7mm","31":"pa_zapiecie-sztyft","33":"first","34":"instock","35":"purchasable","36":"product-type-simple"},"aioseo_notices":[],"_links":{"self":[{"href":"https:\/\/staviori.com.pl\/en\/wp-json\/wp\/v2\/product\/22865","targetHints":{"allow":["GET"]}}],"collection":[{"href":"https:\/\/staviori.com.pl\/en\/wp-json\/wp\/v2\/product"}],"about":[{"href":"https:\/\/staviori.com.pl\/en\/wp-json\/wp\/v2\/types\/product"}],"replies":[{"embeddable":true,"href":"https:\/\/staviori.com.pl\/en\/wp-json\/wp\/v2\/comments?post=22865"}],"wp:featuredmedia":[{"embeddable":true,"href":"https:\/\/staviori.com.pl\/en\/wp-json\/wp\/v2\/media\/22866"}],"wp:attachment":[{"href":"https:\/\/staviori.com.pl\/en\/wp-json\/wp\/v2\/media?parent=22865"}],"wp:term":[{"taxonomy":"product_brand","embeddable":true,"href":"https:\/\/staviori.com.pl\/en\/wp-json\/wp\/v2\/product_brand?post=22865"},{"taxonomy":"product_cat","embeddable":true,"href":"https:\/\/staviori.com.pl\/en\/wp-json\/wp\/v2\/product_cat?post=22865"},{"taxonomy":"product_tag","embeddable":true,"href":"https:\/\/staviori.com.pl\/en\/wp-json\/wp\/v2\/product_tag?post=22865"}],"curies":[{"name":"wp","href":"https:\/\/api.w.org\/{rel}","templated":true}]}}