{"id":22845,"date":"2026-01-19T17:29:30","date_gmt":"2026-01-19T16:29:30","guid":{"rendered":"https:\/\/staviori.com.pl\/?post_type=product&#038;p=22845"},"modified":"2026-03-16T06:49:56","modified_gmt":"2026-03-16T05:49:56","slug":"kolczyki-serca-z-diamentami-z-zoltego-zlota-585-kzd6724","status":"publish","type":"product","link":"https:\/\/staviori.com.pl\/en\/product\/kolczyki-serca-z-diamentami-z-zoltego-zlota-585-kzd6724\/","title":{"rendered":"kolczyki serca z diamentami z \u017c\u00f3\u0142tego z\u0142ota 585  KZD6724"},"content":{"rendered":"<p>Model: KZD6724<br \/>\nWeight approx. 0.95g<\/p>\n<p>Earrings.<br \/>\nYellow gold 0.585.<br \/>\n2 Diamenty, szlif brylantowy, o masie 0,01ct, barwa H, czysto\u015b\u0107 SI2.<\/p>\n<p>Length 8 mm.<\/p>","protected":false},"excerpt":{"rendered":"<p>Subtelne kolczyki w kszta\u0142cie serca wykonane z 14-karatowego \u017c\u00f3\u0142tego z\u0142ota pr\u00f3by 0,585 zachwycaj\u0105 delikatnym blaskiem i ponadczasowym stylem. Minimalistyczna forma zosta\u0142a uzupe\u0142niona drobnymi brylantami, kt\u00f3re dodaj\u0105 bi\u017cuterii elegancji i lekko\u015bci. To idealny wyb\u00f3r na co dzie\u0144, jak i na wyj\u0105tkowe okazje \u2013 symbol mi\u0142o\u015bci, kobieco\u015bci i klasycznej estetyki. Kolczyki doskonale podkre\u015bl\u0105 romantyczny charakter stylizacji i b\u0119d\u0105 pi\u0119knym prezentem dla bliskiej osoby.<\/p>","protected":false},"featured_media":22846,"comment_status":"closed","ping_status":"closed","template":"","meta":{"om_disable_all_campaigns":false},"product_brand":[2284,2350],"product_cat":[1384,1838,1990,199,176],"product_tag":[2541,6284,7117,7010,7005,7014,5995,3829,7008,2660,7012,7049,7015,7118,5939,6085,7007,3096,7003,7004,2667,6380,7013,7011,7016,7006,7045,7009,3834,7116,7002,5572,2522],"class_list":{"0":"post-22845","1":"product","2":"type-product","3":"status-publish","4":"has-post-thumbnail","6":"product_brand-staviori","7":"product_brand-verona","8":"product_cat-bizuteria","9":"product_cat-diamenty","10":"product_cat-kolczyk-z-brylantami","11":"product_cat-kolczyki","12":"product_cat-zloto","13":"product_tag-bizuteria-damska","14":"product_tag-bizuteria-zlota-585","15":"product_tag-damenschmuck","16":"product_tag-delicate-diamond-studs","17":"product_tag-delikatne-kolczyki-z-diamentem","18":"product_tag-diamant-herz-ohrringe","19":"product_tag-diamant-ohrringe","20":"product_tag-diamond-earrings","21":"product_tag-diamond-heart-stud-earrings","22":"product_tag-eleganckie-kolczyki","23":"product_tag-fine-gold-jewellery-585","24":"product_tag-gold-earrings-585","25":"product_tag-gold-steckerohrringe-585","26":"product_tag-goldohrringe-585","27":"product_tag-heart-earrings","28":"product_tag-herz-ohrringe","29":"product_tag-kolczyki-dla-niej","30":"product_tag-kolczyki-serca","31":"product_tag-kolczyki-serce-z-diamentem","32":"product_tag-kolczyki-sztyfty-zloto-585","33":"product_tag-kolczyki-z-diamentami","34":"product_tag-nausnice-s-diamanty","35":"product_tag-ohrringe-herz-gold-585","36":"product_tag-romantic-gold-earrings","37":"product_tag-romantische-ohrringe-damen","38":"product_tag-romantyczne-kolczyki-na-prezent","39":"product_tag-yellow-gold-earrings","40":"product_tag-yellow-gold-heart-earrings-585","41":"product_tag-zlate-nausnice","42":"product_tag-zlote-kolczyki-585","43":"product_tag-zlote-kolczyki-serduszka","44":"product_tag-zlute-zlato-585","45":"product_tag-zolte-zloto","46":"pa_barwa-h-2","47":"pa_czystosc-si2","48":"pa_kamien-diament","49":"pa_kolor-zolte","50":"pa_kruszec-zloto","51":"pa_motyw-serce","52":"pa_proba-0-585","53":"pa_waga-095g","54":"pa_zapiecie-sztyft","56":"first","57":"instock","58":"purchasable","59":"product-type-simple"},"aioseo_notices":[],"_links":{"self":[{"href":"https:\/\/staviori.com.pl\/en\/wp-json\/wp\/v2\/product\/22845","targetHints":{"allow":["GET"]}}],"collection":[{"href":"https:\/\/staviori.com.pl\/en\/wp-json\/wp\/v2\/product"}],"about":[{"href":"https:\/\/staviori.com.pl\/en\/wp-json\/wp\/v2\/types\/product"}],"replies":[{"embeddable":true,"href":"https:\/\/staviori.com.pl\/en\/wp-json\/wp\/v2\/comments?post=22845"}],"wp:featuredmedia":[{"embeddable":true,"href":"https:\/\/staviori.com.pl\/en\/wp-json\/wp\/v2\/media\/22846"}],"wp:attachment":[{"href":"https:\/\/staviori.com.pl\/en\/wp-json\/wp\/v2\/media?parent=22845"}],"wp:term":[{"taxonomy":"product_brand","embeddable":true,"href":"https:\/\/staviori.com.pl\/en\/wp-json\/wp\/v2\/product_brand?post=22845"},{"taxonomy":"product_cat","embeddable":true,"href":"https:\/\/staviori.com.pl\/en\/wp-json\/wp\/v2\/product_cat?post=22845"},{"taxonomy":"product_tag","embeddable":true,"href":"https:\/\/staviori.com.pl\/en\/wp-json\/wp\/v2\/product_tag?post=22845"}],"curies":[{"name":"wp","href":"https:\/\/api.w.org\/{rel}","templated":true}]}}