{"id":22813,"date":"2026-01-08T08:36:00","date_gmt":"2026-01-08T07:36:00","guid":{"rendered":"https:\/\/staviori.com.pl\/?post_type=product&#038;p=22813"},"modified":"2026-04-08T11:50:27","modified_gmt":"2026-04-08T09:50:27","slug":"zloty-lancuszek-585-pancerka-pelna-55cm-lzx4246","status":"publish","type":"product","link":"https:\/\/staviori.com.pl\/en\/product\/zloty-lancuszek-585-pancerka-pelna-55cm-lzx4246\/","title":{"rendered":"Z\u0142oty \u0142a\u0144cuszek 585 pancerka pe\u0142na 55cm  | LZX4246"},"content":{"rendered":"<p>Model: LZX4246<br \/>\nWaga ok. 6,90g<\/p>\n<p>\u0141a\u0144cuszek 55cm<br \/>\nYellow gold 0.585.<\/p>\n<p>FULL PANCER<\/p>\n<p>Szeroko\u015b\u0107 3,45mm<\/p>","protected":false},"excerpt":{"rendered":"<p>Elegancki \u0142a\u0144cuszek typu pancerka wykonany z wysokiej jako\u015bci \u017c\u00f3\u0142tego z\u0142ota pr\u00f3by 0,585 to klasyka, kt\u00f3ra nigdy nie wychodzi z mody. Pe\u0142na pancerka zachwyca solidnym wykonaniem oraz pi\u0119knym, g\u0142\u0119bokim po\u0142yskiem, kt\u00f3ry doskonale podkre\u015bla presti\u017cowy charakter bi\u017cuterii. Uniwersalny design sprawia, \u017ce \u0142a\u0144cuszek idealnie prezentuje si\u0119 zar\u00f3wno noszony samodzielnie, jak i w po\u0142\u0105czeniu z zawieszk\u0105. To ponadczasowy dodatek, kt\u00f3ry \u015bwietnie dope\u0142ni ka\u017cd\u0105 stylizacj\u0119 \u2013 od codziennej po eleganck\u0105.<\/p>","protected":false},"featured_media":22822,"comment_status":"closed","ping_status":"closed","template":"","meta":{"om_disable_all_campaigns":false},"product_brand":[2284,2350],"product_cat":[1384,690,1881,176,1930,2072],"product_tag":[7105,3812,6761,6760,6751,6298,6759,7108,6762,3918,3917,3965,4784,6764,3945,7107,7109,7104,3724,7106,6299,6763,2364,4004,3750,2522],"class_list":{"0":"post-22813","1":"product","2":"type-product","3":"status-publish","4":"has-post-thumbnail","6":"product_brand-staviori","7":"product_brand-verona","8":"product_cat-bizuteria","9":"product_cat-lancuszki","10":"product_cat-meskie-2","11":"product_cat-zloto","12":"product_cat-zloto-2","13":"product_cat-zloty-lancuszek","14":"product_tag-14k-gold-chain","15":"product_tag-chain","16":"product_tag-collier-en-or","17":"product_tag-curb-chain","18":"product_tag-gelbgold","19":"product_tag-gold-585","20":"product_tag-gold-chain","21":"product_tag-goldkette","22":"product_tag-goldkette-585","23":"product_tag-lancuszek-damski","24":"product_tag-lancuszek-meski","25":"product_tag-lancuszek-pancerka","26":"product_tag-lancuszek-zloty","27":"product_tag-pancerka-2mm","28":"product_tag-pancerka-pelna","29":"product_tag-pancerka-retizek","30":"product_tag-panzerkette","31":"product_tag-solid-curb-chain","32":"product_tag-staviori","33":"product_tag-yellow-gold-chain","34":"product_tag-zlato-585","35":"product_tag-zlaty-retizek","36":"product_tag-zloto-585","37":"product_tag-zloty-lancuszek","38":"product_tag-zlute-zlato","39":"product_tag-zolte-zloto","40":"pa_kolor-zolte","41":"pa_kruszec-zloto","42":"pa_proba-0-585","43":"pa_rozmiar-55cm","44":"pa_splot-pancerka","45":"pa_szerokosc-345mm","46":"pa_waga-690g","48":"first","49":"instock","50":"purchasable","51":"product-type-simple"},"aioseo_notices":[],"_links":{"self":[{"href":"https:\/\/staviori.com.pl\/en\/wp-json\/wp\/v2\/product\/22813","targetHints":{"allow":["GET"]}}],"collection":[{"href":"https:\/\/staviori.com.pl\/en\/wp-json\/wp\/v2\/product"}],"about":[{"href":"https:\/\/staviori.com.pl\/en\/wp-json\/wp\/v2\/types\/product"}],"replies":[{"embeddable":true,"href":"https:\/\/staviori.com.pl\/en\/wp-json\/wp\/v2\/comments?post=22813"}],"wp:featuredmedia":[{"embeddable":true,"href":"https:\/\/staviori.com.pl\/en\/wp-json\/wp\/v2\/media\/22822"}],"wp:attachment":[{"href":"https:\/\/staviori.com.pl\/en\/wp-json\/wp\/v2\/media?parent=22813"}],"wp:term":[{"taxonomy":"product_brand","embeddable":true,"href":"https:\/\/staviori.com.pl\/en\/wp-json\/wp\/v2\/product_brand?post=22813"},{"taxonomy":"product_cat","embeddable":true,"href":"https:\/\/staviori.com.pl\/en\/wp-json\/wp\/v2\/product_cat?post=22813"},{"taxonomy":"product_tag","embeddable":true,"href":"https:\/\/staviori.com.pl\/en\/wp-json\/wp\/v2\/product_tag?post=22813"}],"curies":[{"name":"wp","href":"https:\/\/api.w.org\/{rel}","templated":true}]}}