{"id":22576,"date":"2025-12-03T09:02:55","date_gmt":"2025-12-03T08:02:55","guid":{"rendered":"https:\/\/staviori.com.pl\/?post_type=product&#038;p=22576"},"modified":"2026-03-18T09:11:08","modified_gmt":"2026-03-18T08:11:08","slug":"naszyjnik-srebrny-z-czarnymi-perlami-8-9mm-nsn6713","status":"publish","type":"product","link":"https:\/\/staviori.com.pl\/en\/product\/naszyjnik-srebrny-z-czarnymi-perlami-8-9mm-nsn6713\/","title":{"rendered":"Naszyjnik srebrny z czarnymi per\u0142ami 7-9mm &#8211; NSN6713"},"content":{"rendered":"<p>Model: NSN6713<br \/>\nWeight approx. 1g<\/p>\n<p>Necklace 45 cm.<br \/>\n0.925 rhodium-plated silver.<br \/>\nNatural Freshwater Cultured Pearls.<br \/>\nQuality B - black<br \/>\n\u015arednica pere\u0142 7-9 mm.<\/p>","protected":false},"excerpt":{"rendered":"<p>Elegancki naszyjnik z naturalnych s\u0142odkowodnych pere\u0142 hodowanych w intryguj\u0105cym, czarnym odcieniu pi\u0119knie podkre\u015bla lini\u0119 szyi i dekolt. Ka\u017cda per\u0142a zachwyca delikatnym po\u0142yskiem, tworz\u0105c klasyczn\u0105 kompozycj\u0119, kt\u00f3ra dodaje szlachetno\u015bci zar\u00f3wno codziennym, jak i wieczorowym stylizacjom. Ca\u0142o\u015b\u0107 uzupe\u0142nia subtelne zapi\u0119cie ze srebra rodowanego pr\u00f3by 0,925, kt\u00f3re dodaje bi\u017cuterii blasku i chroni j\u0105 przed matowieniem. To idealny wyb\u00f3r dla kobiet ceni\u0105cych ponadczasow\u0105 elegancj\u0119 w nowoczesnym wydaniu. Do kompletu dost\u0119pna jest bransoletka z czarnymi per\u0142ami, model BSN6713.<\/p>","protected":false},"featured_media":22562,"comment_status":"closed","ping_status":"closed","template":"","meta":{"om_disable_all_campaigns":false},"product_brand":[2284,2350],"product_cat":[719,1393,1919,2133,145,1817],"product_tag":[4632,6972,6971,3410,6980,6977,5238,6969,6957,6955,6967,6979,2603,6970,6975,6976,6968,4270,6974,6632,6676,3029,2532,6981,6075,6978,4201,3924,2427,5289,4192,5295,6965,6973],"class_list":{"0":"post-22576","1":"product","2":"type-product","3":"status-publish","4":"has-post-thumbnail","6":"product_brand-staviori","7":"product_brand-verona","8":"product_cat-naszyjniki","9":"product_cat-perly","10":"product_cat-perly-ze-srebrem","11":"product_cat-srebrne-naszyjniki","12":"product_cat-srebro","13":"product_cat-srebro-2","14":"product_tag-bizuteria-z-perel","15":"product_tag-black-pearl-necklace","16":"product_tag-bransoletka-bsn6713","17":"product_tag-czarne-perly","18":"product_tag-damenkette","19":"product_tag-damsky-nahrdelnik","20":"product_tag-darek-pro-ni","21":"product_tag-elegancki-naszyjnik-damski","22":"product_tag-elegant-gift-for-her","23":"product_tag-freshwater-cultured-pearls","24":"product_tag-geschenk-fur-sie","25":"product_tag-halskette-mit-schwarzen-perlen","26":"product_tag-klasyczna-bizuteria","27":"product_tag-komplet-z-bransoletka","28":"product_tag-matching-bracelet","29":"product_tag-nahrdelnik-s-cernymi-perlami","30":"product_tag-naszyjnik-z-czarnymi-perlami","31":"product_tag-naszyjnik-z-perel","32":"product_tag-pearl-jewellery","33":"product_tag-perlenschmuck","34":"product_tag-perlovy-nahrdelnik","35":"product_tag-perly-hodowane","36":"product_tag-perly-slodkowodne","37":"product_tag-set-mit-armband","38":"product_tag-silber-925","39":"product_tag-silberkette","40":"product_tag-silver-necklace","41":"product_tag-srebrny-naszyjnik","42":"product_tag-srebro-925","43":"product_tag-sterling-silver-925","44":"product_tag-stribrny-nahrdelnik","45":"product_tag-stribro-925","46":"product_tag-suswasserperlen","47":"product_tag-womens-necklace","48":"pa_kamien-naturalne-perly-hodowane-slodkowodne","49":"pa_kruszec-srebro-rodowane","50":"pa_proba-0-925","51":"pa_rozmiar-45cm","52":"pa_srednica-7-9mm","53":"pa_waga-15-00g","55":"first","56":"instock","57":"purchasable","58":"product-type-simple"},"aioseo_notices":[],"_links":{"self":[{"href":"https:\/\/staviori.com.pl\/en\/wp-json\/wp\/v2\/product\/22576","targetHints":{"allow":["GET"]}}],"collection":[{"href":"https:\/\/staviori.com.pl\/en\/wp-json\/wp\/v2\/product"}],"about":[{"href":"https:\/\/staviori.com.pl\/en\/wp-json\/wp\/v2\/types\/product"}],"replies":[{"embeddable":true,"href":"https:\/\/staviori.com.pl\/en\/wp-json\/wp\/v2\/comments?post=22576"}],"wp:featuredmedia":[{"embeddable":true,"href":"https:\/\/staviori.com.pl\/en\/wp-json\/wp\/v2\/media\/22562"}],"wp:attachment":[{"href":"https:\/\/staviori.com.pl\/en\/wp-json\/wp\/v2\/media?parent=22576"}],"wp:term":[{"taxonomy":"product_brand","embeddable":true,"href":"https:\/\/staviori.com.pl\/en\/wp-json\/wp\/v2\/product_brand?post=22576"},{"taxonomy":"product_cat","embeddable":true,"href":"https:\/\/staviori.com.pl\/en\/wp-json\/wp\/v2\/product_cat?post=22576"},{"taxonomy":"product_tag","embeddable":true,"href":"https:\/\/staviori.com.pl\/en\/wp-json\/wp\/v2\/product_tag?post=22576"}],"curies":[{"name":"wp","href":"https:\/\/api.w.org\/{rel}","templated":true}]}}