{"id":17160,"date":"2025-05-19T08:23:19","date_gmt":"2025-05-19T06:23:19","guid":{"rendered":"https:\/\/staviori.com.pl\/?post_type=product&#038;p=17160"},"modified":"2026-02-11T00:09:39","modified_gmt":"2026-02-10T23:09:39","slug":"zlota-delikatna-bransoletka-21cm-585-bzx1321","status":"publish","type":"product","link":"https:\/\/staviori.com.pl\/en\/product\/zlota-delikatna-bransoletka-21cm-585-bzx1321\/","title":{"rendered":"Gold delicate bracelet 21cm - 585 - BZX1321"},"content":{"rendered":"<p>Model: BZX1321<br \/>\nWaga ok. 0,49g<\/p>\n<p>Bracelet 21 cm.<br \/>\nSINGAPORE<br \/>\nYellow gold 0.585.<\/p>\n<p>Szeroko\u015b\u0107 oko\u0142o 1.13mm.<\/p>","protected":false},"excerpt":{"rendered":"<p>Staviori Bracelet 21cm.  SINGAPUR Yellow Gold 0.585. 1.13 mm wide.<\/p>","protected":false},"featured_media":17158,"comment_status":"closed","ping_status":"closed","template":"","meta":{"om_disable_all_campaigns":false},"product_brand":[2284],"product_cat":[43,1392,2421,1931,1930],"product_tag":[2547,2551,1403],"class_list":{"0":"post-17160","1":"product","2":"type-product","3":"status-publish","4":"has-post-thumbnail","6":"product_brand-staviori","7":"product_cat-bransoletki","8":"product_cat-damskie","9":"product_cat-meskie","10":"product_cat-zlote-bransoletki","11":"product_cat-zloto-2","12":"product_tag-bransoletka-zlota","13":"product_tag-delikatna-bransoletka","14":"product_tag-singapur","15":"pa_kolor-zolte","16":"pa_kruszec-zloto","17":"pa_proba-0-585","18":"pa_rozmiar-21cm","19":"pa_splot-singapur","20":"pa_szerokosc-1-13mm","21":"pa_waga-0-49g","23":"first","24":"instock","25":"purchasable","26":"product-type-simple"},"aioseo_notices":[],"_links":{"self":[{"href":"https:\/\/staviori.com.pl\/en\/wp-json\/wp\/v2\/product\/17160","targetHints":{"allow":["GET"]}}],"collection":[{"href":"https:\/\/staviori.com.pl\/en\/wp-json\/wp\/v2\/product"}],"about":[{"href":"https:\/\/staviori.com.pl\/en\/wp-json\/wp\/v2\/types\/product"}],"replies":[{"embeddable":true,"href":"https:\/\/staviori.com.pl\/en\/wp-json\/wp\/v2\/comments?post=17160"}],"wp:featuredmedia":[{"embeddable":true,"href":"https:\/\/staviori.com.pl\/en\/wp-json\/wp\/v2\/media\/17158"}],"wp:attachment":[{"href":"https:\/\/staviori.com.pl\/en\/wp-json\/wp\/v2\/media?parent=17160"}],"wp:term":[{"taxonomy":"product_brand","embeddable":true,"href":"https:\/\/staviori.com.pl\/en\/wp-json\/wp\/v2\/product_brand?post=17160"},{"taxonomy":"product_cat","embeddable":true,"href":"https:\/\/staviori.com.pl\/en\/wp-json\/wp\/v2\/product_cat?post=17160"},{"taxonomy":"product_tag","embeddable":true,"href":"https:\/\/staviori.com.pl\/en\/wp-json\/wp\/v2\/product_tag?post=17160"}],"curies":[{"name":"wp","href":"https:\/\/api.w.org\/{rel}","templated":true}]}}