{"id":16016,"date":"2025-02-24T22:50:29","date_gmt":"2025-02-24T21:50:29","guid":{"rendered":"https:\/\/staviori.com.pl\/product\/zlote-krzyzyki-i-medaliki-wzx4729\/"},"modified":"2026-04-01T09:42:18","modified_gmt":"2026-04-01T07:42:18","slug":"zlote-krzyzyki-i-medaliki-wzx4729","status":"publish","type":"product","link":"https:\/\/staviori.com.pl\/en\/product\/zlote-krzyzyki-i-medaliki-wzx4729\/","title":{"rendered":"Gold elegant smooth cross 585"},"content":{"rendered":"<p>Model: WZX4729<br \/>\nWaga ok. 0,70g<\/p>\n<p>Krzy\u017cyk g\u0142adki.<br \/>\nYellow gold 0.585.<\/p>\n<p>D\u0142ugo\u015b\u0107 24 mm.<\/p>","protected":false},"excerpt":{"rendered":"<p>Staviori Cross. Yellow gold 0.585. 24 mm long.<\/p>","protected":false},"featured_media":9003,"comment_status":"closed","ping_status":"closed","template":"","meta":{"om_disable_all_campaigns":false},"product_brand":[2284,2350],"product_cat":[1988,2248,1930],"product_tag":[4380,4382,4379,4381],"class_list":{"0":"post-16016","1":"product","2":"type-product","3":"status-publish","4":"has-post-thumbnail","6":"product_brand-staviori","7":"product_brand-verona","8":"product_cat-krzyzyki-i-medaliki-3","9":"product_cat-zlote-krzyzyki-i-medaliki","10":"product_cat-zloto-2","11":"product_tag-la10146","12":"product_tag-meski-krzyzyk","13":"product_tag-wzx4729","14":"product_tag-zloty-krzyzyk","15":"pa_dlugosc-24mm","16":"pa_kolor-zolte","17":"pa_kruszec-zloto","18":"pa_proba-0-585","19":"pa_waga-070g","21":"first","22":"instock","23":"purchasable","24":"product-type-simple"},"aioseo_notices":[],"_links":{"self":[{"href":"https:\/\/staviori.com.pl\/en\/wp-json\/wp\/v2\/product\/16016","targetHints":{"allow":["GET"]}}],"collection":[{"href":"https:\/\/staviori.com.pl\/en\/wp-json\/wp\/v2\/product"}],"about":[{"href":"https:\/\/staviori.com.pl\/en\/wp-json\/wp\/v2\/types\/product"}],"replies":[{"embeddable":true,"href":"https:\/\/staviori.com.pl\/en\/wp-json\/wp\/v2\/comments?post=16016"}],"wp:featuredmedia":[{"embeddable":true,"href":"https:\/\/staviori.com.pl\/en\/wp-json\/wp\/v2\/media\/9003"}],"wp:attachment":[{"href":"https:\/\/staviori.com.pl\/en\/wp-json\/wp\/v2\/media?parent=16016"}],"wp:term":[{"taxonomy":"product_brand","embeddable":true,"href":"https:\/\/staviori.com.pl\/en\/wp-json\/wp\/v2\/product_brand?post=16016"},{"taxonomy":"product_cat","embeddable":true,"href":"https:\/\/staviori.com.pl\/en\/wp-json\/wp\/v2\/product_cat?post=16016"},{"taxonomy":"product_tag","embeddable":true,"href":"https:\/\/staviori.com.pl\/en\/wp-json\/wp\/v2\/product_tag?post=16016"}],"curies":[{"name":"wp","href":"https:\/\/api.w.org\/{rel}","templated":true}]}}