{"id":16011,"date":"2025-02-24T22:50:24","date_gmt":"2025-02-24T21:50:24","guid":{"rendered":"https:\/\/staviori.com.pl\/product\/zlote-krzyzyki-i-medaliki-wzx0429\/"},"modified":"2026-04-02T07:26:15","modified_gmt":"2026-04-02T05:26:15","slug":"zlote-krzyzyki-i-medaliki-wzx0429","status":"publish","type":"product","link":"https:\/\/staviori.com.pl\/en\/product\/zlote-krzyzyki-i-medaliki-wzx0429\/","title":{"rendered":"Tiny gold cross in 333 purity"},"content":{"rendered":"<p>Model: WZX0429<br \/>\nWaga ok. 0,17g<\/p>\n<p>Cross.<br \/>\nYellow gold 0.333.<\/p>\n<p>Wymiary 11&#215;6 mm.<br \/>\nWysoko\u015b\u0107 ca\u0142k.16 mm.<\/p>","protected":false},"excerpt":{"rendered":"<p>A delicate gold cross made of 0.333 yellow gold is a timeless symbol of faith and subtle elegance. The light, petite form with beautifully shaped shoulders makes it a perfect match for both everyday styling and more formal occasions. This classic design with a shiny finish will make a unique gift for a child, teenager or adult who appreciates minimalist jewellery. The cross impresses with its precision craftsmanship and timeless gold shine.<\/p>","protected":false},"featured_media":8975,"comment_status":"closed","ping_status":"closed","template":"","meta":{"om_disable_all_campaigns":false},"product_brand":[2284,2350],"product_cat":[1988,2248,1930],"product_tag":[2543,4423,2486,4422,4418,4421,4420,4369,4417,2518,4381],"class_list":{"0":"post-16011","1":"product","2":"type-product","3":"status-publish","4":"has-post-thumbnail","6":"product_brand-staviori","7":"product_brand-verona","8":"product_cat-krzyzyki-i-medaliki-3","9":"product_cat-zlote-krzyzyki-i-medaliki","10":"product_cat-zloto-2","11":"product_tag-bizuteria-zlota","12":"product_tag-klasyczny-krzyzyk","13":"product_tag-krzyzyk","14":"product_tag-krzyzyk-dzieciecy","15":"product_tag-la10012","16":"product_tag-minimalistyczny-wisiorek","17":"product_tag-prezent-komunijny","18":"product_tag-prezent-na-chrzest","19":"product_tag-wzx0429","20":"product_tag-zloto-333","21":"product_tag-zloty-krzyzyk","22":"pa_kolor-zolte","23":"pa_kruszec-zloto","24":"pa_proba-0-333","25":"pa_waga-017g","26":"pa_wymiary-11x6mm","27":"pa_wysokosc-mm","29":"first","30":"instock","31":"purchasable","32":"product-type-simple"},"aioseo_notices":[],"_links":{"self":[{"href":"https:\/\/staviori.com.pl\/en\/wp-json\/wp\/v2\/product\/16011","targetHints":{"allow":["GET"]}}],"collection":[{"href":"https:\/\/staviori.com.pl\/en\/wp-json\/wp\/v2\/product"}],"about":[{"href":"https:\/\/staviori.com.pl\/en\/wp-json\/wp\/v2\/types\/product"}],"replies":[{"embeddable":true,"href":"https:\/\/staviori.com.pl\/en\/wp-json\/wp\/v2\/comments?post=16011"}],"wp:featuredmedia":[{"embeddable":true,"href":"https:\/\/staviori.com.pl\/en\/wp-json\/wp\/v2\/media\/8975"}],"wp:attachment":[{"href":"https:\/\/staviori.com.pl\/en\/wp-json\/wp\/v2\/media?parent=16011"}],"wp:term":[{"taxonomy":"product_brand","embeddable":true,"href":"https:\/\/staviori.com.pl\/en\/wp-json\/wp\/v2\/product_brand?post=16011"},{"taxonomy":"product_cat","embeddable":true,"href":"https:\/\/staviori.com.pl\/en\/wp-json\/wp\/v2\/product_cat?post=16011"},{"taxonomy":"product_tag","embeddable":true,"href":"https:\/\/staviori.com.pl\/en\/wp-json\/wp\/v2\/product_tag?post=16011"}],"curies":[{"name":"wp","href":"https:\/\/api.w.org\/{rel}","templated":true}]}}