{"id":15998,"date":"2025-02-24T22:50:24","date_gmt":"2025-02-24T21:50:24","guid":{"rendered":"https:\/\/staviori.com.pl\/product\/wisiorek-z-brylantem-wzd6200\/"},"modified":"2026-04-10T20:41:55","modified_gmt":"2026-04-10T18:41:55","slug":"wisiorek-z-brylantem-wzd6200","status":"publish","type":"product","link":"https:\/\/staviori.com.pl\/en\/product\/wisiorek-z-brylantem-wzd6200\/","title":{"rendered":"White and yellow gold pendant with diamond"},"content":{"rendered":"<p>Model: WZD6200<br \/>\nWeight approx. 0.30g<\/p>\n<p>Pendant.<br \/>\nYellow, White Gold 0.585.<br \/>\n1 Diament, szlif brylantowy, o masie 0,006ct, barwa H, czysto\u015b\u0107 I1.<\/p>\n<p>Wysoko\u015b\u0107 7 mm.<\/p>","protected":false},"excerpt":{"rendered":"<p>Wyj\u0105tkowy wisiorek wykonany z po\u0142\u0105czenia \u017c\u00f3\u0142tego i bia\u0142ego z\u0142ota pr\u00f3by 0,585, ozdobiony subtelnym diamentem o szlifie brylantowym. Harmonijne sploty z\u0142otych kr\u0119g\u00f3w symbolizuj\u0105 jedno\u015b\u0107 i ponadczasow\u0105 elegancj\u0119, a delikatny diament dodaje ca\u0142o\u015bci blasku i klasy. To idealny wyb\u00f3r dla kobiety ceni\u0105cej nietuzinkowy design i najwy\u017csz\u0105 jako\u015b\u0107 jubilersk\u0105. Doskona\u0142y jako prezent na wyj\u0105tkowe okazje lub jako podkre\u015blenie codziennego stylu.<\/p>","protected":false},"featured_media":19014,"comment_status":"closed","ping_status":"closed","template":"","meta":{"om_disable_all_campaigns":false},"product_brand":[2284,2350],"product_cat":[1838,2242,729],"product_tag":[3774,4436,3722,3710,3717,4437,2983,2291,4028,4434,2364,4435],"class_list":{"0":"post-15998","1":"product","2":"type-product","3":"status-publish","4":"has-post-thumbnail","6":"product_brand-staviori","7":"product_brand-verona","8":"product_cat-diamenty","9":"product_cat-wisiorek-z-brylantem","10":"product_cat-wisiorki","11":"product_tag-3774","12":"product_tag-bizuteria-z-diamentem","13":"product_tag-diament","14":"product_tag-elegancja","15":"product_tag-klasyka","16":"product_tag-minimalistyczny-design","17":"product_tag-nowoczesny-styl","18":"product_tag-prezent-dla-niej","19":"product_tag-wisiorek","20":"product_tag-wzd6200","21":"product_tag-zloto-585","22":"product_tag-zloto-dwukolorowe","23":"pa_barwa-h-2","24":"pa_czystosc-i1","25":"pa_kamien-diament","26":"pa_kolor-zolte","27":"pa_kruszec-zloto","28":"pa_proba-0-585","29":"pa_waga-030g","30":"pa_wysokosc-7mm","32":"first","33":"instock","34":"purchasable","35":"product-type-simple"},"aioseo_notices":[],"_links":{"self":[{"href":"https:\/\/staviori.com.pl\/en\/wp-json\/wp\/v2\/product\/15998","targetHints":{"allow":["GET"]}}],"collection":[{"href":"https:\/\/staviori.com.pl\/en\/wp-json\/wp\/v2\/product"}],"about":[{"href":"https:\/\/staviori.com.pl\/en\/wp-json\/wp\/v2\/types\/product"}],"replies":[{"embeddable":true,"href":"https:\/\/staviori.com.pl\/en\/wp-json\/wp\/v2\/comments?post=15998"}],"wp:featuredmedia":[{"embeddable":true,"href":"https:\/\/staviori.com.pl\/en\/wp-json\/wp\/v2\/media\/19014"}],"wp:attachment":[{"href":"https:\/\/staviori.com.pl\/en\/wp-json\/wp\/v2\/media?parent=15998"}],"wp:term":[{"taxonomy":"product_brand","embeddable":true,"href":"https:\/\/staviori.com.pl\/en\/wp-json\/wp\/v2\/product_brand?post=15998"},{"taxonomy":"product_cat","embeddable":true,"href":"https:\/\/staviori.com.pl\/en\/wp-json\/wp\/v2\/product_cat?post=15998"},{"taxonomy":"product_tag","embeddable":true,"href":"https:\/\/staviori.com.pl\/en\/wp-json\/wp\/v2\/product_tag?post=15998"}],"curies":[{"name":"wp","href":"https:\/\/api.w.org\/{rel}","templated":true}]}}