{"id":15991,"date":"2025-02-24T22:50:24","date_gmt":"2025-02-24T21:50:24","guid":{"rendered":"https:\/\/staviori.com.pl\/product\/wisiorek-z-brylantem-wzd5980\/"},"modified":"2026-04-02T07:29:10","modified_gmt":"2026-04-02T05:29:10","slug":"wisiorek-z-brylantem-wzd5980","status":"publish","type":"product","link":"https:\/\/staviori.com.pl\/en\/product\/wisiorek-z-brylantem-wzd5980\/","title":{"rendered":"Gold heart pendant with diamond"},"content":{"rendered":"<p>Model: WZD5980<br \/>\nWaga ok. 0,43g<\/p>\n<p>Pendant.<br \/>\nYellow gold 0.585.<br \/>\n1 Diament, szlif achtkant, o masie 0,03 ct., barwa I-J, czysto\u015b\u0107 I3.<\/p>\n<p>Wymiary 7&#215;8 mm.<br \/>\nLength 11 mm.<\/p>","protected":false},"excerpt":{"rendered":"<p>Delikatny wisiorek wykonany z \u017c\u00f3\u0142tego z\u0142ota pr\u00f3by 0,585, ozdobiony l\u015bni\u0105cym diamentem o szlifie achtkant. Niewielka forma 7&#215;8 mm subtelnie podkre\u015bla szyj\u0119, a diament o masie 0,03 ct w kolorze I-J wnosi wyj\u0105tkowy blask i elegancj\u0119. To doskona\u0142y wyb\u00f3r dla os\u00f3b ceni\u0105cych klasyk\u0119 oraz ponadczasowy styl w nowoczesnym wydaniu. Wisiorek idealnie sprawdzi si\u0119 zar\u00f3wno na co dzie\u0144, jak i na specjalne okazje, stanowi\u0105c pi\u0119kny prezent dla wyj\u0105tkowej osoby.<\/p>","protected":false},"featured_media":15992,"comment_status":"closed","ping_status":"closed","template":"","meta":{"om_disable_all_campaigns":false},"product_brand":[2284,2350],"product_cat":[1838,2242,729],"product_tag":[4439,2880,3722,3710,3717,2464,2291,4028,4440,4438,2364,2522],"class_list":{"0":"post-15991","1":"product","2":"type-product","3":"status-publish","4":"has-post-thumbnail","6":"product_brand-staviori","7":"product_brand-verona","8":"product_cat-diamenty","9":"product_cat-wisiorek-z-brylantem","10":"product_cat-wisiorki","11":"product_tag-4439","12":"product_tag-bizuteria-na-prezent","13":"product_tag-diament","14":"product_tag-elegancja","15":"product_tag-klasyka","16":"product_tag-minimalistyczny","17":"product_tag-prezent-dla-niej","18":"product_tag-wisiorek","19":"product_tag-wisiorek-z-diamentem","20":"product_tag-wzd5980","21":"product_tag-zloto-585","22":"product_tag-zolte-zloto","23":"pa_barwa-i-j","24":"pa_czystosc-i3","25":"pa_dlugosc-11mm","26":"pa_kamien-diament","27":"pa_kolor-zolte","28":"pa_kruszec-zloto","29":"pa_motyw-serce","30":"pa_proba-0-585","31":"pa_waga-043g","32":"pa_wymiary-7x8mm","34":"first","35":"outofstock","36":"purchasable","37":"product-type-simple"},"aioseo_notices":[],"_links":{"self":[{"href":"https:\/\/staviori.com.pl\/en\/wp-json\/wp\/v2\/product\/15991","targetHints":{"allow":["GET"]}}],"collection":[{"href":"https:\/\/staviori.com.pl\/en\/wp-json\/wp\/v2\/product"}],"about":[{"href":"https:\/\/staviori.com.pl\/en\/wp-json\/wp\/v2\/types\/product"}],"replies":[{"embeddable":true,"href":"https:\/\/staviori.com.pl\/en\/wp-json\/wp\/v2\/comments?post=15991"}],"wp:featuredmedia":[{"embeddable":true,"href":"https:\/\/staviori.com.pl\/en\/wp-json\/wp\/v2\/media\/15992"}],"wp:attachment":[{"href":"https:\/\/staviori.com.pl\/en\/wp-json\/wp\/v2\/media?parent=15991"}],"wp:term":[{"taxonomy":"product_brand","embeddable":true,"href":"https:\/\/staviori.com.pl\/en\/wp-json\/wp\/v2\/product_brand?post=15991"},{"taxonomy":"product_cat","embeddable":true,"href":"https:\/\/staviori.com.pl\/en\/wp-json\/wp\/v2\/product_cat?post=15991"},{"taxonomy":"product_tag","embeddable":true,"href":"https:\/\/staviori.com.pl\/en\/wp-json\/wp\/v2\/product_tag?post=15991"}],"curies":[{"name":"wp","href":"https:\/\/api.w.org\/{rel}","templated":true}]}}