{"id":15988,"date":"2025-02-24T22:50:24","date_gmt":"2025-02-24T21:50:24","guid":{"rendered":"https:\/\/staviori.com.pl\/product\/naszyjnik-z-brylantami-wzd5500\/"},"modified":"2026-02-11T00:09:38","modified_gmt":"2026-02-10T23:09:38","slug":"naszyjnik-z-brylantami-wzd5500","status":"publish","type":"product","link":"https:\/\/staviori.com.pl\/en\/product\/naszyjnik-z-brylantami-wzd5500\/","title":{"rendered":"Gold necklace with 0.50ct F\/VS laboratory diamond"},"content":{"rendered":"<p>Model: WZD5500<br \/>\nWeight approx. 1.50g<\/p>\n<p>Necklace 42 cm.<br \/>\nYellow gold 0.585.<br \/>\n1 Diament, szlif brylantowy, o masie 0,50ct, barwa F, czysto\u015b\u0107 VS1.<\/p>\n<p>\u015arednica 7 mm.<br \/>\n5 mm thick.<\/p>\n<p>Mo\u017cliwo\u015b\u0107 wykonania w bia\u0142ym lub \u017c\u00f3\u0142tym kolorze z\u0142ota.<br \/>\nAvailable on individual order with any other Diamond.<\/p>\n<p>A CVD natural laboratory diamond of F colour and VS1 purity set in a beautiful yellow gold basket.<\/p>\n<p>Produkt dost\u0119pny na zam\u00f3wienie. Termin realizacji ok. 2 tygodnie.<\/p>","protected":false},"excerpt":{"rendered":"<p>Wyj\u0105tkowy naszyjnik z naturalnym brylantem o masie a\u017c 0,50 ct, wykonany z \u017c\u00f3\u0142tego z\u0142ota pr\u00f3by 0,585. Pi\u0119knie osadzony kamie\u0144 w eleganckim koszyczku przyci\u0105ga spojrzenia swoim niezwyk\u0142ym blaskiem i czysto\u015bci\u0105. To doskona\u0142a propozycja dla kobiet ceni\u0105cych ponadczasow\u0105 klasyk\u0119 i luksus w najlepszym wydaniu. Idealny na prezent lub jako dodatek do codziennych oraz wyj\u0105tkowych stylizacji.<\/p>","protected":false},"featured_media":8946,"comment_status":"closed","ping_status":"closed","template":"","meta":{"om_disable_all_campaigns":false},"product_brand":[2284],"product_cat":[1803,1838,2120,719],"product_tag":[4450,3720,4123,4449,3722,4045,3717,3727,2378,2332,4451,4448,2381,2522],"class_list":{"0":"post-15988","1":"product","2":"type-product","3":"status-publish","4":"has-post-thumbnail","6":"product_brand-staviori","7":"product_cat-brylanty-exclusive","8":"product_cat-diamenty","9":"product_cat-naszyjnik-z-brylantami","10":"product_cat-naszyjniki","11":"product_tag-50-ct","12":"product_tag-bizuteria","13":"product_tag-brylant","14":"product_tag-cvd","15":"product_tag-diament","16":"product_tag-ekskluzywny-naszyjnik","17":"product_tag-klasyka","18":"product_tag-luksus","19":"product_tag-naszyjnik","20":"product_tag-prezent","21":"product_tag-solitaire","22":"product_tag-wzd5500","23":"product_tag-zloty-naszyjnik","24":"product_tag-zolte-zloto","25":"pa_barwa-f-2","26":"pa_czystosc-vs1","27":"pa_grubosc-5mm","28":"pa_kamien-brylant","29":"pa_kamien-diament","30":"pa_kolor-zolte","31":"pa_kruszec-zloto","32":"pa_proba-0-585","33":"pa_srednica-7mm","34":"pa_waga-1-50g","36":"first","37":"onbackorder","38":"purchasable","39":"product-type-simple"},"aioseo_notices":[],"_links":{"self":[{"href":"https:\/\/staviori.com.pl\/en\/wp-json\/wp\/v2\/product\/15988","targetHints":{"allow":["GET"]}}],"collection":[{"href":"https:\/\/staviori.com.pl\/en\/wp-json\/wp\/v2\/product"}],"about":[{"href":"https:\/\/staviori.com.pl\/en\/wp-json\/wp\/v2\/types\/product"}],"replies":[{"embeddable":true,"href":"https:\/\/staviori.com.pl\/en\/wp-json\/wp\/v2\/comments?post=15988"}],"wp:featuredmedia":[{"embeddable":true,"href":"https:\/\/staviori.com.pl\/en\/wp-json\/wp\/v2\/media\/8946"}],"wp:attachment":[{"href":"https:\/\/staviori.com.pl\/en\/wp-json\/wp\/v2\/media?parent=15988"}],"wp:term":[{"taxonomy":"product_brand","embeddable":true,"href":"https:\/\/staviori.com.pl\/en\/wp-json\/wp\/v2\/product_brand?post=15988"},{"taxonomy":"product_cat","embeddable":true,"href":"https:\/\/staviori.com.pl\/en\/wp-json\/wp\/v2\/product_cat?post=15988"},{"taxonomy":"product_tag","embeddable":true,"href":"https:\/\/staviori.com.pl\/en\/wp-json\/wp\/v2\/product_tag?post=15988"}],"curies":[{"name":"wp","href":"https:\/\/api.w.org\/{rel}","templated":true}]}}