{"id":15981,"date":"2025-02-24T22:50:19","date_gmt":"2025-02-24T21:50:19","guid":{"rendered":"https:\/\/staviori.com.pl\/product\/wisiorek-z-brylantem-wzd2389\/"},"modified":"2026-02-11T00:09:38","modified_gmt":"2026-02-10T23:09:38","slug":"wisiorek-z-brylantem-wzd2389","status":"publish","type":"product","link":"https:\/\/staviori.com.pl\/en\/product\/wisiorek-z-brylantem-wzd2389\/","title":{"rendered":"Exclusive | Heart of happy diamonds in 18-carat gold"},"content":{"rendered":"<p>Model: WZD2389<br \/>\nWeight approx. 2.10g<\/p>\n<p>Pendant.<br \/>\nYellow Gold 0.750.<br \/>\n3 Diamenty, szlif brylantowy, o masie 0,03ct, barwa G, czysto\u015b\u0107 SI1.<\/p>\n<p>Wymiary 15&#215;12.5 mm<br \/>\nGrubo\u015b\u0107 3.5 mm<\/p>\n<p><strong>Can be manufactured in a different gold colour.<br \/>\nJe\u015bli brak na stanie &#8211; produkt dost\u0119pny na zam\u00f3wienie.<br \/>\nLead time approximately 5 weeks.<\/strong><\/p>","protected":false},"excerpt":{"rendered":"<p>Wyj\u0105tkowy wisiorek w kszta\u0142cie serca wykonany z \u017c\u00f3\u0142tego z\u0142ota pr\u00f3by 0,750. W jego wn\u0119trzu, za szafirowym szkie\u0142kiem, swobodnie poruszaj\u0105 si\u0119 trzy diamenty o \u0142\u0105cznej masie 0,03 ct, nadaj\u0105c bi\u017cuterii niezwyk\u0142\u0105 lekko\u015b\u0107 i dynamik\u0119. Efekt \u201ehappy diamonds\u201d zachwyca subtelnym blaskiem oraz elegancj\u0105, sprawiaj\u0105c, \u017ce wisiorek idealnie sprawdzi si\u0119 jako prezent dla ukochanej osoby lub jako wyj\u0105tkowy talizman na co dzie\u0144. Istnieje mo\u017cliwo\u015b\u0107 wykonania wisiorka w innym kolorze z\u0142ota.<\/p>","protected":false},"featured_media":19090,"comment_status":"closed","ping_status":"closed","template":"","meta":{"om_disable_all_campaigns":false},"product_brand":[2284],"product_cat":[1803,1838,2242,729],"product_tag":[2293,2296,4466,4353,2291,1414,4496,4492,4028,4495,2522],"class_list":{"0":"post-15981","1":"product","2":"type-product","3":"status-publish","4":"has-post-thumbnail","6":"product_brand-staviori","7":"product_cat-brylanty-exclusive","8":"product_cat-diamenty","9":"product_cat-wisiorek-z-brylantem","10":"product_cat-wisiorki","11":"product_tag-bizuteria-na-zamowienie","12":"product_tag-diamenty","13":"product_tag-happy-diamonds","14":"product_tag-nowoczesny-design","15":"product_tag-prezent-dla-niej","16":"product_tag-serce","17":"product_tag-szafirowe-szklo","18":"product_tag-talizman","19":"product_tag-wisiorek","20":"product_tag-wzd2389","21":"product_tag-zolte-zloto","22":"pa_barwa-g-h","23":"pa_czystosc-si1","24":"pa_dostawca-draco","25":"pa_grubosc-3-5mm","26":"pa_kamien-brylanty","27":"pa_kolor-zolte","28":"pa_kruszec-zloto","29":"pa_motyw-serce","30":"pa_proba-0-750","31":"pa_waga-210g","32":"pa_wymiary-15x12-5mm","34":"first","35":"instock","36":"purchasable","37":"product-type-simple"},"aioseo_notices":[],"_links":{"self":[{"href":"https:\/\/staviori.com.pl\/en\/wp-json\/wp\/v2\/product\/15981","targetHints":{"allow":["GET"]}}],"collection":[{"href":"https:\/\/staviori.com.pl\/en\/wp-json\/wp\/v2\/product"}],"about":[{"href":"https:\/\/staviori.com.pl\/en\/wp-json\/wp\/v2\/types\/product"}],"replies":[{"embeddable":true,"href":"https:\/\/staviori.com.pl\/en\/wp-json\/wp\/v2\/comments?post=15981"}],"wp:featuredmedia":[{"embeddable":true,"href":"https:\/\/staviori.com.pl\/en\/wp-json\/wp\/v2\/media\/19090"}],"wp:attachment":[{"href":"https:\/\/staviori.com.pl\/en\/wp-json\/wp\/v2\/media?parent=15981"}],"wp:term":[{"taxonomy":"product_brand","embeddable":true,"href":"https:\/\/staviori.com.pl\/en\/wp-json\/wp\/v2\/product_brand?post=15981"},{"taxonomy":"product_cat","embeddable":true,"href":"https:\/\/staviori.com.pl\/en\/wp-json\/wp\/v2\/product_cat?post=15981"},{"taxonomy":"product_tag","embeddable":true,"href":"https:\/\/staviori.com.pl\/en\/wp-json\/wp\/v2\/product_tag?post=15981"}],"curies":[{"name":"wp","href":"https:\/\/api.w.org\/{rel}","templated":true}]}}