{"id":15972,"date":"2025-02-24T22:50:19","date_gmt":"2025-02-24T21:50:19","guid":{"rendered":"https:\/\/staviori.com.pl\/product\/bizuteria-inwestycyjna-wisiorek-wzd1781\/"},"modified":"2026-02-11T00:09:37","modified_gmt":"2026-02-10T23:09:37","slug":"bizuteria-inwestycyjna-wisiorek-wzd1781","status":"publish","type":"product","link":"https:\/\/staviori.com.pl\/en\/product\/bizuteria-inwestycyjna-wisiorek-wzd1781\/","title":{"rendered":"Exclusive | diamond pendant with sapphire glass - happy diamonds"},"content":{"rendered":"<p>Model: DDN0388<br \/>\nWaga ok. 3,45g<\/p>\n<p>Pendant.<br \/>\n\u017b\u00f3\u0142te \/ Bia\u0142e \/ R\u00f3\u017cowe Z\u0142oto 0,750.<br \/>\n35 Diament\u00f3w, szlif brylantowy, o masie 0,20 ct., barwa G-H, czysto\u015b\u0107 SI1.<\/p>\n<p>\u015arednica 12.5 mm.<br \/>\nD\u0142ugo\u015b\u0107 18 mm.<br \/>\nThickness 3.5 mm.<\/p>\n<p><strong>Product available on request only, lead time approx. 5 weeks.<\/strong><br \/>\nKolor z\u0142ota do wyboru: bia\u0142e, \u017c\u00f3\u0142te lub r\u00f3\u017cowe.<\/p>","protected":false},"excerpt":{"rendered":"<p>Phenomenal pendant in 0.750 yellow gold, decorated with 35 sparkling diamonds weighing a total of 0.20 ct. The subtle circle with moving diamonds inside catches the eye and impresses with its elegance. This is a unique accessory for those who appreciate classic beauty and luxurious style. A perfect gift idea for any occasion.<\/p>","protected":false},"featured_media":19039,"comment_status":"closed","ping_status":"closed","template":"","meta":{"om_disable_all_campaigns":false},"product_brand":[2284],"product_cat":[1803,6719,729],"product_tag":[2326,4463,2296,2317,4466,4464,4465,2332,4462,2341],"class_list":{"0":"post-15972","1":"product","2":"type-product","3":"status-publish","4":"has-post-thumbnail","6":"product_brand-staviori","7":"product_cat-brylanty-exclusive","8":"product_cat-wisiorki-brylanty-exclusive","9":"product_cat-wisiorki","10":"product_tag-bizuteria-z-diamentami","11":"product_tag-ddn0388","12":"product_tag-diamenty","13":"product_tag-elegancka-bizuteria","14":"product_tag-happy-diamonds","15":"product_tag-loty-wisiorek","16":"product_tag-okragly-wisiorek","17":"product_tag-prezent","18":"product_tag-wzd1781","19":"product_tag-zloto-750","20":"pa_barwa-g-h","21":"pa_czystosc-si1","22":"pa_dlugosc-18mm","23":"pa_dostawca-draco","24":"pa_kamien-brylanty","25":"pa_kolor-biale","26":"pa_kolor-rozowe","27":"pa_kolor-zolte","28":"pa_kruszec-zloto","29":"pa_proba-0-750","30":"pa_srednica-12-5mm","31":"pa_waga-345g","33":"first","34":"onbackorder","35":"purchasable","36":"product-type-simple"},"aioseo_notices":[],"_links":{"self":[{"href":"https:\/\/staviori.com.pl\/en\/wp-json\/wp\/v2\/product\/15972","targetHints":{"allow":["GET"]}}],"collection":[{"href":"https:\/\/staviori.com.pl\/en\/wp-json\/wp\/v2\/product"}],"about":[{"href":"https:\/\/staviori.com.pl\/en\/wp-json\/wp\/v2\/types\/product"}],"replies":[{"embeddable":true,"href":"https:\/\/staviori.com.pl\/en\/wp-json\/wp\/v2\/comments?post=15972"}],"wp:featuredmedia":[{"embeddable":true,"href":"https:\/\/staviori.com.pl\/en\/wp-json\/wp\/v2\/media\/19039"}],"wp:attachment":[{"href":"https:\/\/staviori.com.pl\/en\/wp-json\/wp\/v2\/media?parent=15972"}],"wp:term":[{"taxonomy":"product_brand","embeddable":true,"href":"https:\/\/staviori.com.pl\/en\/wp-json\/wp\/v2\/product_brand?post=15972"},{"taxonomy":"product_cat","embeddable":true,"href":"https:\/\/staviori.com.pl\/en\/wp-json\/wp\/v2\/product_cat?post=15972"},{"taxonomy":"product_tag","embeddable":true,"href":"https:\/\/staviori.com.pl\/en\/wp-json\/wp\/v2\/product_tag?post=15972"}],"curies":[{"name":"wp","href":"https:\/\/api.w.org\/{rel}","templated":true}]}}