{"id":15968,"date":"2025-02-24T22:50:19","date_gmt":"2025-02-24T21:50:19","guid":{"rendered":"https:\/\/staviori.com.pl\/product\/wisiorek-z-brylantem-wzd1169\/"},"modified":"2026-02-11T00:09:37","modified_gmt":"2026-02-10T23:09:37","slug":"wisiorek-z-brylantem-wzd1169","status":"publish","type":"product","link":"https:\/\/staviori.com.pl\/en\/product\/wisiorek-z-brylantem-wzd1169\/","title":{"rendered":"Gold flower pendant - rubies and diamond"},"content":{"rendered":"<p>Model: WZD1000R<br \/>\nWaga ok. 0,70g<\/p>\n<p>Pendant.<br \/>\nYellow gold 0.585.<br \/>\n1 Diamond, brilliant cut, weighing 0.005ct, colour H, purity I1.<br \/>\n6 Rubin\u00f3w, o masie 0,40ct.<\/p>\n<p>8 mm diameter.<br \/>\nLength 14 mm.<\/p>","protected":false},"excerpt":{"rendered":"<p>Oryginalny wisiorek z \u017c\u00f3\u0142tego z\u0142ota w kszta\u0142cie kwiatka, ozdobiony sze\u015bcioma rubinami o g\u0142\u0119bokiej, czerwonej barwie oraz subtelnym diamentem o brylantowym szlifie w centrum. Ta ponadczasowa kompozycja zachwyca niezwyk\u0142ym blaskiem i elegancj\u0105, tworz\u0105c wyj\u0105tkow\u0105 ozdob\u0119 na ka\u017cd\u0105 okazj\u0119. Idealny wyb\u00f3r dla kobiet ceni\u0105cych klasyk\u0119 po\u0142\u0105czon\u0105 z luksusem i kolorami szlachetnych kamieni.<\/p>","protected":false},"featured_media":8853,"comment_status":"closed","ping_status":"closed","template":"","meta":{"om_disable_all_campaigns":false},"product_brand":[2284],"product_cat":[1838,2242,729],"product_tag":[3722,2317,3717,4460,2332,2732,4459,4458,4457,2364,3184],"class_list":{"0":"post-15968","1":"product","2":"type-product","3":"status-publish","4":"has-post-thumbnail","6":"product_brand-staviori","7":"product_cat-diamenty","8":"product_cat-wisiorek-z-brylantem","9":"product_cat-wisiorki","10":"product_tag-diament","11":"product_tag-elegancka-bizuteria","12":"product_tag-klasyka","13":"product_tag-kwiatek","14":"product_tag-prezent","15":"product_tag-rubiny","16":"product_tag-wisiorek-z-kamieniami","17":"product_tag-wzd1000r","18":"product_tag-wzd1169","19":"product_tag-zloto-585","20":"product_tag-zloty-wisiorek","21":"pa_barwa-h-2","22":"pa_czystosc-i1","23":"pa_dlugosc-14mm","24":"pa_dostawca-estrella","25":"pa_kamien-brylant","26":"pa_kamien-rubiny","27":"pa_kolor-zolte","28":"pa_kruszec-zloto","29":"pa_motyw-kwiatek","30":"pa_proba-0-585","31":"pa_srednica-8mm","32":"pa_waga-g","34":"first","35":"instock","36":"purchasable","37":"product-type-simple"},"aioseo_notices":[],"_links":{"self":[{"href":"https:\/\/staviori.com.pl\/en\/wp-json\/wp\/v2\/product\/15968","targetHints":{"allow":["GET"]}}],"collection":[{"href":"https:\/\/staviori.com.pl\/en\/wp-json\/wp\/v2\/product"}],"about":[{"href":"https:\/\/staviori.com.pl\/en\/wp-json\/wp\/v2\/types\/product"}],"replies":[{"embeddable":true,"href":"https:\/\/staviori.com.pl\/en\/wp-json\/wp\/v2\/comments?post=15968"}],"wp:featuredmedia":[{"embeddable":true,"href":"https:\/\/staviori.com.pl\/en\/wp-json\/wp\/v2\/media\/8853"}],"wp:attachment":[{"href":"https:\/\/staviori.com.pl\/en\/wp-json\/wp\/v2\/media?parent=15968"}],"wp:term":[{"taxonomy":"product_brand","embeddable":true,"href":"https:\/\/staviori.com.pl\/en\/wp-json\/wp\/v2\/product_brand?post=15968"},{"taxonomy":"product_cat","embeddable":true,"href":"https:\/\/staviori.com.pl\/en\/wp-json\/wp\/v2\/product_cat?post=15968"},{"taxonomy":"product_tag","embeddable":true,"href":"https:\/\/staviori.com.pl\/en\/wp-json\/wp\/v2\/product_tag?post=15968"}],"curies":[{"name":"wp","href":"https:\/\/api.w.org\/{rel}","templated":true}]}}