{"id":15967,"date":"2025-02-24T22:50:19","date_gmt":"2025-02-24T21:50:19","guid":{"rendered":"https:\/\/staviori.com.pl\/product\/wisiorek-z-brylantem-wzd0954\/"},"modified":"2026-02-11T00:09:37","modified_gmt":"2026-02-10T23:09:37","slug":"wisiorek-z-brylantem-wzd01000z","status":"publish","type":"product","link":"https:\/\/staviori.com.pl\/en\/product\/wisiorek-z-brylantem-wzd01000z\/","title":{"rendered":"Gold flower pendant - emeralds and diamond"},"content":{"rendered":"<p>Model: WZD1000Z<br \/>\nWeight approx. 0.55g<\/p>\n<p>Pendant.<br \/>\nYellow gold 0.585.<br \/>\n1 Diamond, brilliant cut, weighing 0.005ct, colour H, purity I1.<br \/>\n6 Szmaragd\u00f3w, o masie 0,30ct.<\/p>\n<p>8 mm diameter.<br \/>\nLength 14 mm.<\/p>","protected":false},"excerpt":{"rendered":"<p>Subtelny wisiorek w kszta\u0142cie kwiatka, wykonany z \u017c\u00f3\u0142tego z\u0142ota pr\u00f3by 0,585, zachwyca swoj\u0105 niepowtarzaln\u0105 kompozycj\u0105 kamieni. Centralny diament o szlifie brylantowym pi\u0119knie mieni si\u0119 w otoczeniu sze\u015bciu szmaragd\u00f3w, tworz\u0105c wyj\u0105tkow\u0105, kwiatow\u0105 form\u0119. Ten elegancki dodatek b\u0119dzie doskona\u0142ym wyborem dla kobiet ceni\u0105cych klasyk\u0119 i ponadczasow\u0105 elegancj\u0119. Idealnie sprawdzi si\u0119 jako prezent na wyj\u0105tkow\u0105 okazj\u0119 lub symbol g\u0142\u0119bokich uczu\u0107.<\/p>","protected":false},"featured_media":8844,"comment_status":"closed","ping_status":"closed","template":"","meta":{"om_disable_all_campaigns":false},"product_brand":[2284],"product_cat":[1838,2242,729],"product_tag":[3722,2317,3717,4460,2332,2373,4459,4456,4455,2364,3184],"class_list":{"0":"post-15967","1":"product","2":"type-product","3":"status-publish","4":"has-post-thumbnail","6":"product_brand-staviori","7":"product_cat-diamenty","8":"product_cat-wisiorek-z-brylantem","9":"product_cat-wisiorki","10":"product_tag-diament","11":"product_tag-elegancka-bizuteria","12":"product_tag-klasyka","13":"product_tag-kwiatek","14":"product_tag-prezent","15":"product_tag-szmaragdy","16":"product_tag-wisiorek-z-kamieniami","17":"product_tag-wzd0954","18":"product_tag-wzd1000z","19":"product_tag-zloto-585","20":"product_tag-zloty-wisiorek","21":"pa_barwa-h-2","22":"pa_czystosc-i1","23":"pa_dlugosc-14mm","24":"pa_dostawca-estrella","25":"pa_kamien-brylant","26":"pa_kamien-szmaragdy","27":"pa_kolor-zolte","28":"pa_kruszec-zloto","29":"pa_motyw-kwiatek","30":"pa_proba-0-585","31":"pa_srednica-8mm","32":"pa_waga-055g","34":"first","35":"instock","36":"purchasable","37":"product-type-simple"},"aioseo_notices":[],"_links":{"self":[{"href":"https:\/\/staviori.com.pl\/en\/wp-json\/wp\/v2\/product\/15967","targetHints":{"allow":["GET"]}}],"collection":[{"href":"https:\/\/staviori.com.pl\/en\/wp-json\/wp\/v2\/product"}],"about":[{"href":"https:\/\/staviori.com.pl\/en\/wp-json\/wp\/v2\/types\/product"}],"replies":[{"embeddable":true,"href":"https:\/\/staviori.com.pl\/en\/wp-json\/wp\/v2\/comments?post=15967"}],"wp:featuredmedia":[{"embeddable":true,"href":"https:\/\/staviori.com.pl\/en\/wp-json\/wp\/v2\/media\/8844"}],"wp:attachment":[{"href":"https:\/\/staviori.com.pl\/en\/wp-json\/wp\/v2\/media?parent=15967"}],"wp:term":[{"taxonomy":"product_brand","embeddable":true,"href":"https:\/\/staviori.com.pl\/en\/wp-json\/wp\/v2\/product_brand?post=15967"},{"taxonomy":"product_cat","embeddable":true,"href":"https:\/\/staviori.com.pl\/en\/wp-json\/wp\/v2\/product_cat?post=15967"},{"taxonomy":"product_tag","embeddable":true,"href":"https:\/\/staviori.com.pl\/en\/wp-json\/wp\/v2\/product_tag?post=15967"}],"curies":[{"name":"wp","href":"https:\/\/api.w.org\/{rel}","templated":true}]}}