{"id":15933,"date":"2025-02-24T22:50:15","date_gmt":"2025-02-24T21:50:15","guid":{"rendered":"https:\/\/staviori.com.pl\/product\/wisiorek-z-brylantem-wxx6553\/"},"modified":"2026-02-11T00:09:36","modified_gmt":"2026-02-10T23:09:36","slug":"wisiorek-z-brylantem-wxx6553","status":"publish","type":"product","link":"https:\/\/staviori.com.pl\/en\/product\/wisiorek-z-brylantem-wxx6553\/","title":{"rendered":"Gold heart pendant with 333 diamonds"},"content":{"rendered":"<p>Model: WXX6553<br \/>\nWaga ok. 0,87g<\/p>\n<p>Pendant.<br \/>\nYellow gold 0.333.<br \/>\n14 Diament\u00f3w, szlif brylantowy, o masie 0,03ct, barwa H, czysto\u015b\u0107 SI1-SI2.<\/p>\n<p>Zawieszka wykonana ze z\u0142ota pr\u00f3by 0,333, ozdobiona 14 diamentami o \u0142\u0105cznej masie 0,03ct jako\u015bci H\/SI.<\/p>\n<p>We recommend the chain for the set, model: LZX4209<\/p>","protected":false},"excerpt":{"rendered":"<p>Uroczy wisiorek w kszta\u0142cie serca, wykonany z \u017c\u00f3\u0142tego z\u0142ota pr\u00f3by 0,333, to delikatna i pe\u0142na blasku ozdoba. L\u015bni\u0105ce diamenty o \u0142\u0105cznej masie 0,03 ct podkre\u015blaj\u0105 romantyczny charakter zawieszki, czyni\u0105c j\u0105 idealnym prezentem dla ukochanej osoby. Subtelny i kobiecy design sprawdzi si\u0119 zar\u00f3wno na co dzie\u0144, jak i na wyj\u0105tkowe okazje.<\/p>","protected":false},"featured_media":15934,"comment_status":"closed","ping_status":"closed","template":"","meta":{"om_disable_all_campaigns":false},"product_brand":[2284,2350],"product_cat":[1838,2242,729],"product_tag":[2709,2291,2579,4509,4442,4508,4510,2544,4507],"class_list":{"0":"post-15933","1":"product","2":"type-product","3":"status-publish","4":"has-post-thumbnail","6":"product_brand-staviori","7":"product_brand-verona","8":"product_cat-diamenty","9":"product_cat-wisiorek-z-brylantem","10":"product_cat-wisiorki","11":"product_tag-bizuteria-z-sercem","12":"product_tag-prezent-dla-niej","13":"product_tag-romantyczna-bizuteria","14":"product_tag-wisiorek-serce","15":"product_tag-wisiorek-z-diamentami","16":"product_tag-wxx6553","17":"product_tag-zawieszka-z-brylantami","18":"product_tag-zolte-zloto-333","19":"product_tag-zx20020","20":"pa_barwa-h-2","21":"pa_czystosc-si1","22":"pa_kamien-brylanty","23":"pa_kolor-zolte","24":"pa_kruszec-zloto","25":"pa_motyw-serce","26":"pa_proba-0-333","27":"pa_waga-087g","29":"first","30":"instock","31":"purchasable","32":"product-type-simple"},"aioseo_notices":[],"_links":{"self":[{"href":"https:\/\/staviori.com.pl\/en\/wp-json\/wp\/v2\/product\/15933","targetHints":{"allow":["GET"]}}],"collection":[{"href":"https:\/\/staviori.com.pl\/en\/wp-json\/wp\/v2\/product"}],"about":[{"href":"https:\/\/staviori.com.pl\/en\/wp-json\/wp\/v2\/types\/product"}],"replies":[{"embeddable":true,"href":"https:\/\/staviori.com.pl\/en\/wp-json\/wp\/v2\/comments?post=15933"}],"wp:featuredmedia":[{"embeddable":true,"href":"https:\/\/staviori.com.pl\/en\/wp-json\/wp\/v2\/media\/15934"}],"wp:attachment":[{"href":"https:\/\/staviori.com.pl\/en\/wp-json\/wp\/v2\/media?parent=15933"}],"wp:term":[{"taxonomy":"product_brand","embeddable":true,"href":"https:\/\/staviori.com.pl\/en\/wp-json\/wp\/v2\/product_brand?post=15933"},{"taxonomy":"product_cat","embeddable":true,"href":"https:\/\/staviori.com.pl\/en\/wp-json\/wp\/v2\/product_cat?post=15933"},{"taxonomy":"product_tag","embeddable":true,"href":"https:\/\/staviori.com.pl\/en\/wp-json\/wp\/v2\/product_tag?post=15933"}],"curies":[{"name":"wp","href":"https:\/\/api.w.org\/{rel}","templated":true}]}}