{"id":15925,"date":"2025-02-24T22:50:15","date_gmt":"2025-02-24T21:50:15","guid":{"rendered":"https:\/\/staviori.com.pl\/product\/zlote-wisiorki-wxx6400\/"},"modified":"2026-04-02T08:26:34","modified_gmt":"2026-04-02T06:26:34","slug":"zlote-wisiorki-wxx6400","status":"publish","type":"product","link":"https:\/\/staviori.com.pl\/en\/product\/zlote-wisiorki-wxx6400\/","title":{"rendered":"333 yellow and white gold heart pendant"},"content":{"rendered":"<p>Model: WXX6400<br \/>\nWeight approx. 0.95g<\/p>\n<p>Pendant.<br \/>\n\u017b\u00f3\u0142te, Bia\u0142e Z\u0142oto 0,333.<br \/>\nWysoko\u015b\u0107 15 mm.<\/p>\n<p>Polecamy do kompletu \u0142a\u0144cuszek model LZX6394 &#8211; dost\u0119pny w r\u00f3\u017cnych d\u0142ugo\u015bciach.<\/p>","protected":false},"excerpt":{"rendered":"<p>Impressive pendant in the shape of a heart, made of yellow and white gold 0.333. Openwork design decorated with shiny elements in white gold creates a unique composition full of shine and lightness. An ideal choice for women who appreciate unusual jewellery with a romantic touch. Perfectly presents itself in a set with a chain model LZX6394.<\/p>","protected":false},"featured_media":11443,"comment_status":"closed","ping_status":"closed","template":"","meta":{"om_disable_all_campaigns":false},"product_brand":[2284,2350],"product_cat":[729,2253,1930],"product_tag":[4546,4547,4544,2291,2579,4509,4545,2563,2518,3589],"class_list":{"0":"post-15925","1":"product","2":"type-product","3":"status-publish","4":"has-post-thumbnail","6":"product_brand-staviori","7":"product_brand-verona","8":"product_cat-wisiorki","9":"product_cat-zlote-wisiorki","10":"product_cat-zloto-2","11":"product_tag-azurowy-wisiorek","12":"product_tag-bizuteria-dwukolorowa","13":"product_tag-la17187","14":"product_tag-prezent-dla-niej","15":"product_tag-romantyczna-bizuteria","16":"product_tag-wisiorek-serce","17":"product_tag-wxx6400","18":"product_tag-zawieszka-zlota","19":"product_tag-zloto-333","20":"product_tag-zolte-i-biale-zloto","21":"pa_kolor-zolte","22":"pa_kruszec-zloto","23":"pa_motyw-serce","24":"pa_proba-0-333","25":"pa_waga-095g","26":"pa_wysokosc-15mm","28":"first","29":"instock","30":"purchasable","31":"product-type-simple"},"aioseo_notices":[],"_links":{"self":[{"href":"https:\/\/staviori.com.pl\/en\/wp-json\/wp\/v2\/product\/15925","targetHints":{"allow":["GET"]}}],"collection":[{"href":"https:\/\/staviori.com.pl\/en\/wp-json\/wp\/v2\/product"}],"about":[{"href":"https:\/\/staviori.com.pl\/en\/wp-json\/wp\/v2\/types\/product"}],"replies":[{"embeddable":true,"href":"https:\/\/staviori.com.pl\/en\/wp-json\/wp\/v2\/comments?post=15925"}],"wp:featuredmedia":[{"embeddable":true,"href":"https:\/\/staviori.com.pl\/en\/wp-json\/wp\/v2\/media\/11443"}],"wp:attachment":[{"href":"https:\/\/staviori.com.pl\/en\/wp-json\/wp\/v2\/media?parent=15925"}],"wp:term":[{"taxonomy":"product_brand","embeddable":true,"href":"https:\/\/staviori.com.pl\/en\/wp-json\/wp\/v2\/product_brand?post=15925"},{"taxonomy":"product_cat","embeddable":true,"href":"https:\/\/staviori.com.pl\/en\/wp-json\/wp\/v2\/product_cat?post=15925"},{"taxonomy":"product_tag","embeddable":true,"href":"https:\/\/staviori.com.pl\/en\/wp-json\/wp\/v2\/product_tag?post=15925"}],"curies":[{"name":"wp","href":"https:\/\/api.w.org\/{rel}","templated":true}]}}