{"id":15905,"date":"2025-02-24T22:50:11","date_gmt":"2025-02-24T21:50:11","guid":{"rendered":"https:\/\/staviori.com.pl\/product\/wisiorek-z-brylantem-wxd5720\/"},"modified":"2026-04-20T01:02:58","modified_gmt":"2026-04-19T23:02:58","slug":"wisiorek-z-brylantem-wxd5720","status":"publish","type":"product","link":"https:\/\/staviori.com.pl\/en\/product\/wisiorek-z-brylantem-wxd5720\/","title":{"rendered":"interlaced yellow gold pendant with diamond"},"content":{"rendered":"<p>Model: WZD5720<br \/>\nWeight approx. 0.47g<\/p>\n<p>Pendant.<br \/>\nYellow gold 0.585.<br \/>\n1 Diament, szlif brylantowy, o masie 0,08ct, barwa H, czysto\u015b\u0107 I2.<br \/>\nWymiary 14&#215;5 mm.<\/p>","protected":false},"excerpt":{"rendered":"<p>Subtelny wisiorek z \u017c\u00f3\u0142tego z\u0142ota 0,585 zachwyca delikatnym kszta\u0142tem przypominaj\u0105cym wir \u015bwiat\u0142a. W jego centrum l\u015bni brylant o masie 0,08 ct, kt\u00f3ry dodaje ca\u0142o\u015bci wyj\u0105tkowego blasku i elegancji. Po\u0142\u0105czenie mi\u0119kkich linii i ponadczasowego z\u0142ota tworzy bi\u017cuteri\u0119 pe\u0142n\u0105 wdzi\u0119ku \u2013 idealn\u0105 zar\u00f3wno na co dzie\u0144, jak i na szczeg\u00f3lne okazje.<\/p>","protected":false},"featured_media":8752,"comment_status":"closed","ping_status":"closed","template":"","meta":{"om_disable_all_campaigns":false},"product_brand":[2284],"product_cat":[1384,1838,2242,729,176],"product_tag":[1583,4396,2541,6510,6508,3722,5655,3690,5595,6509,6507,4499,6511,3744,6506],"class_list":{"0":"post-15905","1":"product","2":"type-product","3":"status-publish","4":"has-post-thumbnail","6":"product_brand-staviori","7":"product_cat-bizuteria","8":"product_cat-diamenty","9":"product_cat-wisiorek-z-brylantem","10":"product_cat-wisiorki","11":"product_cat-zloto","12":"product_tag-1583","13":"product_tag-4396","14":"product_tag-bizuteria-damska","15":"product_tag-diamant-schmuck","16":"product_tag-diamantovy-privesek","17":"product_tag-diament","18":"product_tag-diamond-pendant","19":"product_tag-elegancki-prezent","20":"product_tag-gold-jewelry","21":"product_tag-goldener-anhanger","22":"product_tag-privesek-se-zlatem","23":"product_tag-wisiorek-zloty","24":"product_tag-wxd5720","25":"product_tag-yellow-gold","26":"product_tag-zolte-zloto-0","27":"pa_barwa-h-2","28":"pa_czystosc-i2","29":"pa_kamien-diament","30":"pa_kolor-zolte","31":"pa_kruszec-zloto","32":"pa_proba-0-585","33":"pa_waga-047g","34":"pa_wymiary-14x5mm","36":"first","37":"instock","38":"purchasable","39":"product-type-simple"},"aioseo_notices":[],"_links":{"self":[{"href":"https:\/\/staviori.com.pl\/en\/wp-json\/wp\/v2\/product\/15905","targetHints":{"allow":["GET"]}}],"collection":[{"href":"https:\/\/staviori.com.pl\/en\/wp-json\/wp\/v2\/product"}],"about":[{"href":"https:\/\/staviori.com.pl\/en\/wp-json\/wp\/v2\/types\/product"}],"replies":[{"embeddable":true,"href":"https:\/\/staviori.com.pl\/en\/wp-json\/wp\/v2\/comments?post=15905"}],"wp:featuredmedia":[{"embeddable":true,"href":"https:\/\/staviori.com.pl\/en\/wp-json\/wp\/v2\/media\/8752"}],"wp:attachment":[{"href":"https:\/\/staviori.com.pl\/en\/wp-json\/wp\/v2\/media?parent=15905"}],"wp:term":[{"taxonomy":"product_brand","embeddable":true,"href":"https:\/\/staviori.com.pl\/en\/wp-json\/wp\/v2\/product_brand?post=15905"},{"taxonomy":"product_cat","embeddable":true,"href":"https:\/\/staviori.com.pl\/en\/wp-json\/wp\/v2\/product_cat?post=15905"},{"taxonomy":"product_tag","embeddable":true,"href":"https:\/\/staviori.com.pl\/en\/wp-json\/wp\/v2\/product_tag?post=15905"}],"curies":[{"name":"wp","href":"https:\/\/api.w.org\/{rel}","templated":true}]}}