{"id":15899,"date":"2025-02-24T22:50:11","date_gmt":"2025-02-24T21:50:11","guid":{"rendered":"https:\/\/staviori.com.pl\/product\/wisiorek-z-brylantem-wxd3423\/"},"modified":"2026-02-11T00:09:35","modified_gmt":"2026-02-10T23:09:35","slug":"wisiorek-z-brylantem-wxd3423","status":"publish","type":"product","link":"https:\/\/staviori.com.pl\/en\/product\/wisiorek-z-brylantem-wxd3423\/","title":{"rendered":"gold key pendant with black and white diamonds"},"content":{"rendered":"<p>Model: WXD3423<br \/>\nWaga ok. 2,48g<\/p>\n<p>Pendant.<br \/>\nYellow, White Gold 0.585.<br \/>\n3 Diamenty, szlif brylantowy, o masie 0,02ct., barwa H, czysto\u015b\u0107 I1.<br \/>\n15 Diament\u00f3w, kolor czarny, szlif brylantowy, o masie 0,19ct.<\/p>\n<p>Wymiary 13&#215;38 mm.<\/p>\n<p>&#8212;&#8212;&#8212;&#8212;&#8212;&#8212;&#8211;<br \/>\nWisiorek w kszta\u0142cie kluczyka. Bardzo modny i niezwykle pi\u0119kny. Bia\u0142e z\u0142oto w po\u0142\u0105czeniu z czarnymi i bia\u0142ymi brylantami tworz\u0105 upominek wyj\u0105tkowo czaruj\u0105cy i idealny w zasadzie na ka\u017cd\u0105 okazj\u0119.<\/p>","protected":false},"excerpt":{"rendered":"<p>Zachwycaj\u0105cy wisiorek w kszta\u0142cie kluczyka wykonany z po\u0142\u0105czenia bia\u0142ego i \u017c\u00f3\u0142tego z\u0142ota pr\u00f3by 0,585. Udekorowany 15 czarnymi oraz 3 bia\u0142ymi diamentami o \u0142\u0105cznej masie 0,21 ct, urzeka niezwyk\u0142ym kontrastem barw i finezyjnym wzornictwem. Symboliczny klucz do serca to nie tylko elegancka ozdoba, ale tak\u017ce wyraz uczu\u0107 i wyj\u0105tkowej wi\u0119zi. Doskona\u0142y prezent dla kobiety, kt\u00f3ra ceni oryginalno\u015b\u0107 i klas\u0119.<br \/>\nCzarne diamenty dodaj\u0105 bi\u017cuterii g\u0142\u0119bi i tajemniczego uroku.<\/p>","protected":false},"featured_media":8699,"comment_status":"closed","ping_status":"closed","template":"","meta":{"om_disable_all_campaigns":false},"product_brand":[2284],"product_cat":[1838,6752,2242,729],"product_tag":[6095,2308,3720,4039,2319,3754,5077,2296,4126,3810,6494,6500,6499,1407,6093,6501,6496,4028,3815,2364,2522],"class_list":{"0":"post-15899","1":"product","2":"type-product","3":"status-publish","4":"has-post-thumbnail","6":"product_brand-staviori","7":"product_cat-diamenty","8":"product_cat-kolekcja-staviori-must-have","9":"product_cat-wisiorek-z-brylantem","10":"product_cat-wisiorki","11":"product_tag-anhanger","12":"product_tag-biale-zloto","13":"product_tag-bizuteria","14":"product_tag-black-diamond","15":"product_tag-czarne-diamenty","16":"product_tag-darek","17":"product_tag-diamant","18":"product_tag-diamenty","19":"product_tag-diamond","20":"product_tag-gold","21":"product_tag-jewellery","22":"product_tag-key","23":"product_tag-klucz","24":"product_tag-kluczyk","25":"product_tag-pendant","26":"product_tag-schlussel","27":"product_tag-sperk","28":"product_tag-wisiorek","29":"product_tag-zlato","30":"product_tag-zloto-585","31":"product_tag-zolte-zloto","32":"pa_barwa-h-2","33":"pa_czystosc-i1","34":"pa_kamien-biale-diamenty","35":"pa_kamien-czarne-diamenty","36":"pa_kolor-biale","37":"pa_kruszec-zloto","38":"pa_motyw-kluczyk","39":"pa_motyw-serce","40":"pa_proba-0-585","41":"pa_waga-240g","42":"pa_wymiary-13x38mm","44":"first","45":"instock","46":"purchasable","47":"product-type-simple"},"aioseo_notices":[],"_links":{"self":[{"href":"https:\/\/staviori.com.pl\/en\/wp-json\/wp\/v2\/product\/15899","targetHints":{"allow":["GET"]}}],"collection":[{"href":"https:\/\/staviori.com.pl\/en\/wp-json\/wp\/v2\/product"}],"about":[{"href":"https:\/\/staviori.com.pl\/en\/wp-json\/wp\/v2\/types\/product"}],"replies":[{"embeddable":true,"href":"https:\/\/staviori.com.pl\/en\/wp-json\/wp\/v2\/comments?post=15899"}],"wp:featuredmedia":[{"embeddable":true,"href":"https:\/\/staviori.com.pl\/en\/wp-json\/wp\/v2\/media\/8699"}],"wp:attachment":[{"href":"https:\/\/staviori.com.pl\/en\/wp-json\/wp\/v2\/media?parent=15899"}],"wp:term":[{"taxonomy":"product_brand","embeddable":true,"href":"https:\/\/staviori.com.pl\/en\/wp-json\/wp\/v2\/product_brand?post=15899"},{"taxonomy":"product_cat","embeddable":true,"href":"https:\/\/staviori.com.pl\/en\/wp-json\/wp\/v2\/product_cat?post=15899"},{"taxonomy":"product_tag","embeddable":true,"href":"https:\/\/staviori.com.pl\/en\/wp-json\/wp\/v2\/product_tag?post=15899"}],"curies":[{"name":"wp","href":"https:\/\/api.w.org\/{rel}","templated":true}]}}