{"id":15891,"date":"2025-02-24T22:50:11","date_gmt":"2025-02-24T21:50:11","guid":{"rendered":"https:\/\/staviori.com.pl\/product\/wisiorek-z-brylantem-wxd1902\/"},"modified":"2026-02-11T00:09:35","modified_gmt":"2026-02-10T23:09:35","slug":"wisiorek-z-brylantem-wxd1902","status":"publish","type":"product","link":"https:\/\/staviori.com.pl\/en\/product\/wisiorek-z-brylantem-wxd1902\/","title":{"rendered":"gold cross pendant with diamonds and hearts"},"content":{"rendered":"<p>Model: WZD1902<br \/>\nWeight approx. 1.10g<\/p>\n<p>Pendant.<br \/>\nCross.<br \/>\nYellow, White Gold 0.585.<br \/>\n17 Diament\u00f3w, szlif brylantowy, o masie 0,10ct., barwa H, czysto\u015b\u0107 I1.<br \/>\nWymiary 9&#215;21 mm.<\/p>","protected":false},"excerpt":{"rendered":"<p>Uroczy wisiorek w kszta\u0142cie krzy\u017cyka wykonany z \u017c\u00f3\u0142tego i bia\u0142ego z\u0142ota pr\u00f3by 0,585. Subtelnie ozdobiony 17 l\u015bni\u0105cymi diamentami o \u0142\u0105cznej masie 0,10 ct, zachwyca elegancj\u0105 i duchowym znaczeniem. Idealnie wypolerowane z\u0142oto oraz delikatne detale sprawiaj\u0105, \u017ce ten krzy\u017cyk pi\u0119knie mieni si\u0119 w \u015bwietle, b\u0119d\u0105c symbolem wiary i ponadczasowego stylu. Doskona\u0142y pomys\u0142 na wyj\u0105tkowy prezent, kt\u00f3ry b\u0119dzie towarzyszy\u0142 ka\u017cdego dnia.<\/p>","protected":false},"featured_media":8649,"comment_status":"closed","ping_status":"closed","template":"","meta":{"om_disable_all_campaigns":false},"product_brand":[2284],"product_cat":[1838,6752,2242,729],"product_tag":[6095,2308,3720,4184,3754,5077,2296,4126,3810,6494,6495,2486,6093,6496,4028,3815,2364,2522],"class_list":{"0":"post-15891","1":"product","2":"type-product","3":"status-publish","4":"has-post-thumbnail","6":"product_brand-staviori","7":"product_cat-diamenty","8":"product_cat-kolekcja-staviori-must-have","9":"product_cat-wisiorek-z-brylantem","10":"product_cat-wisiorki","11":"product_tag-anhanger","12":"product_tag-biale-zloto","13":"product_tag-bizuteria","14":"product_tag-cross","15":"product_tag-darek","16":"product_tag-diamant","17":"product_tag-diamenty","18":"product_tag-diamond","19":"product_tag-gold","20":"product_tag-jewellery","21":"product_tag-kreuz","22":"product_tag-krzyzyk","23":"product_tag-pendant","24":"product_tag-sperk","25":"product_tag-wisiorek","26":"product_tag-zlato","27":"product_tag-zloto-585","28":"product_tag-zolte-zloto","29":"pa_barwa-h-2","30":"pa_czystosc-i1","31":"pa_dostawca-estrella","32":"pa_kamien-diament","33":"pa_kolor-biale","34":"pa_kolor-zolte","35":"pa_kruszec-zloto","36":"pa_motyw-krzyzyk","37":"pa_motyw-serce","38":"pa_proba-0-585","39":"pa_waga-110g","40":"pa_wymiary-9x21mm","42":"first","43":"instock","44":"purchasable","45":"product-type-simple"},"aioseo_notices":[],"_links":{"self":[{"href":"https:\/\/staviori.com.pl\/en\/wp-json\/wp\/v2\/product\/15891","targetHints":{"allow":["GET"]}}],"collection":[{"href":"https:\/\/staviori.com.pl\/en\/wp-json\/wp\/v2\/product"}],"about":[{"href":"https:\/\/staviori.com.pl\/en\/wp-json\/wp\/v2\/types\/product"}],"replies":[{"embeddable":true,"href":"https:\/\/staviori.com.pl\/en\/wp-json\/wp\/v2\/comments?post=15891"}],"wp:featuredmedia":[{"embeddable":true,"href":"https:\/\/staviori.com.pl\/en\/wp-json\/wp\/v2\/media\/8649"}],"wp:attachment":[{"href":"https:\/\/staviori.com.pl\/en\/wp-json\/wp\/v2\/media?parent=15891"}],"wp:term":[{"taxonomy":"product_brand","embeddable":true,"href":"https:\/\/staviori.com.pl\/en\/wp-json\/wp\/v2\/product_brand?post=15891"},{"taxonomy":"product_cat","embeddable":true,"href":"https:\/\/staviori.com.pl\/en\/wp-json\/wp\/v2\/product_cat?post=15891"},{"taxonomy":"product_tag","embeddable":true,"href":"https:\/\/staviori.com.pl\/en\/wp-json\/wp\/v2\/product_tag?post=15891"}],"curies":[{"name":"wp","href":"https:\/\/api.w.org\/{rel}","templated":true}]}}