{"id":15871,"date":"2025-02-24T22:50:07","date_gmt":"2025-02-24T21:50:07","guid":{"rendered":"https:\/\/staviori.com.pl\/product\/srebrne-krzyzyki-i-medaliki-wsx6343\/"},"modified":"2026-04-02T08:55:33","modified_gmt":"2026-04-02T06:55:33","slug":"srebrne-krzyzyki-i-medaliki-wsx6343","status":"publish","type":"product","link":"https:\/\/staviori.com.pl\/en\/product\/srebrne-krzyzyki-i-medaliki-wsx6343\/","title":{"rendered":"silver medal Our Lady"},"content":{"rendered":"<p>Model: WSX6343<br \/>\nWaga ok. 2,45g<\/p>\n<p>Medallion.<br \/>\n0.925 rhodium-plated silver.<\/p>\n<p>\u015arednica 15 mm.<br \/>\nLength 25 mm.<\/p>","protected":false},"excerpt":{"rendered":"<p>Elegancki srebrny medalik z wizerunkiem Matki Bo\u017cej, wykonany z rodowanego srebra pr\u00f3by 0,925. Subtelny po\u0142ysk i misternie zdobione t\u0142o w formie promieni podkre\u015blaj\u0105 duchowy charakter bi\u017cuterii. Okr\u0105g\u0142y kszta\u0142t i delikatne detale sprawiaj\u0105, \u017ce medalik stanowi wyj\u0105tkowy symbol wiary i ochrony. Doskona\u0142y jako pami\u0105tka chrztu, komunii lub prezent o religijnym znaczeniu.<\/p>","protected":false},"featured_media":11379,"comment_status":"closed","ping_status":"closed","template":"","meta":{"om_disable_all_campaigns":false},"product_brand":[2284,2350],"product_cat":[1988,1989,1817],"product_tag":[3932,6523,6522,6521,6516,6555,4528,6515,4470,6518,3967,2426,6520,6519],"class_list":{"0":"post-15871","1":"product","2":"type-product","3":"status-publish","4":"has-post-thumbnail","6":"product_brand-staviori","7":"product_brand-verona","8":"product_cat-krzyzyki-i-medaliki-3","9":"product_cat-srebrne-krzyzyki-i-medaliki","10":"product_cat-srebro-2","11":"product_tag-3932","12":"product_tag-anhanger-maria","13":"product_tag-glaubensschmuck","14":"product_tag-madona","15":"product_tag-matka-boza","16":"product_tag-medalik-okragly","17":"product_tag-medalik-religijny","18":"product_tag-medalik-srebrny","19":"product_tag-religious-jewelry","20":"product_tag-silver-medal","21":"product_tag-srebro-0","22":"product_tag-srebro-rodowane","23":"product_tag-stribrny-medailonek","24":"product_tag-virgin-mary-pendant","25":"pa_dlugosc-25mm","26":"pa_kruszec-srebro-rodowane","27":"pa_proba-0-925","28":"pa_srednica-15mm","29":"pa_waga-240g","31":"first","32":"instock","33":"purchasable","34":"product-type-simple"},"aioseo_notices":[],"_links":{"self":[{"href":"https:\/\/staviori.com.pl\/en\/wp-json\/wp\/v2\/product\/15871","targetHints":{"allow":["GET"]}}],"collection":[{"href":"https:\/\/staviori.com.pl\/en\/wp-json\/wp\/v2\/product"}],"about":[{"href":"https:\/\/staviori.com.pl\/en\/wp-json\/wp\/v2\/types\/product"}],"replies":[{"embeddable":true,"href":"https:\/\/staviori.com.pl\/en\/wp-json\/wp\/v2\/comments?post=15871"}],"wp:featuredmedia":[{"embeddable":true,"href":"https:\/\/staviori.com.pl\/en\/wp-json\/wp\/v2\/media\/11379"}],"wp:attachment":[{"href":"https:\/\/staviori.com.pl\/en\/wp-json\/wp\/v2\/media?parent=15871"}],"wp:term":[{"taxonomy":"product_brand","embeddable":true,"href":"https:\/\/staviori.com.pl\/en\/wp-json\/wp\/v2\/product_brand?post=15871"},{"taxonomy":"product_cat","embeddable":true,"href":"https:\/\/staviori.com.pl\/en\/wp-json\/wp\/v2\/product_cat?post=15871"},{"taxonomy":"product_tag","embeddable":true,"href":"https:\/\/staviori.com.pl\/en\/wp-json\/wp\/v2\/product_tag?post=15871"}],"curies":[{"name":"wp","href":"https:\/\/api.w.org\/{rel}","templated":true}]}}