{"id":15869,"date":"2025-02-24T22:50:07","date_gmt":"2025-02-24T21:50:07","guid":{"rendered":"https:\/\/staviori.com.pl\/product\/srebrne-krzyzyki-i-medaliki-wsx6252\/"},"modified":"2026-04-02T08:57:25","modified_gmt":"2026-04-02T06:57:25","slug":"srebrne-krzyzyki-i-medaliki-wsx6252","status":"publish","type":"product","link":"https:\/\/staviori.com.pl\/en\/product\/srebrne-krzyzyki-i-medaliki-wsx6252\/","title":{"rendered":"Silver locket WSX6252"},"content":{"rendered":"<p>Model: WSX6252<br \/>\nWeight approx. 1.50g<\/p>\n<p>Medallion.<br \/>\n0.925 silver.<br \/>\nWymiary 11&#215;16 mm.<br \/>\nLength 25 mm.<\/p>","protected":false},"excerpt":{"rendered":"<p>Elegancki srebrny medalik z wizerunkiem Matki Bo\u017cej, wykonany ze srebra pr\u00f3by 0,925. Delikatny po\u0142ysk i klasyczny owalny kszta\u0142t nadaj\u0105 mu ponadczasowego charakteru. Subtelne detale i staranne wykonanie sprawiaj\u0105, \u017ce to wyj\u0105tkowy symbol wiary i ochrony \u2013 idealny na prezent lub osobist\u0105 pami\u0105tk\u0119.<\/p>","protected":false},"featured_media":8572,"comment_status":"closed","ping_status":"closed","template":"","meta":{"om_disable_all_campaigns":false},"product_brand":[2284,2350],"product_cat":[1988,1989,1817],"product_tag":[6516,4528,6564,6567,4470,6570,6518,6563,2427,6569,6519],"class_list":{"0":"post-15869","1":"product","2":"type-product","3":"status-publish","4":"has-post-thumbnail","6":"product_brand-staviori","7":"product_brand-verona","8":"product_cat-krzyzyki-i-medaliki-3","9":"product_cat-srebrne-krzyzyki-i-medaliki","10":"product_cat-srebro-2","11":"product_tag-matka-boza","12":"product_tag-medalik-religijny","13":"product_tag-medalik-z-maryja","14":"product_tag-panna-maria","15":"product_tag-religious-jewelry","16":"product_tag-silber-anhanger","17":"product_tag-silver-medal","18":"product_tag-srebrny-medalik","19":"product_tag-srebro-925","20":"product_tag-stribrny-medailon","21":"product_tag-virgin-mary-pendant","22":"pa_dlugosc-25mm","23":"pa_kruszec-srebro","24":"pa_proba-0-925","25":"pa_waga-150g","26":"pa_wymiary-11x16mm","28":"first","29":"instock","30":"purchasable","31":"product-type-simple"},"aioseo_notices":[],"_links":{"self":[{"href":"https:\/\/staviori.com.pl\/en\/wp-json\/wp\/v2\/product\/15869","targetHints":{"allow":["GET"]}}],"collection":[{"href":"https:\/\/staviori.com.pl\/en\/wp-json\/wp\/v2\/product"}],"about":[{"href":"https:\/\/staviori.com.pl\/en\/wp-json\/wp\/v2\/types\/product"}],"replies":[{"embeddable":true,"href":"https:\/\/staviori.com.pl\/en\/wp-json\/wp\/v2\/comments?post=15869"}],"wp:featuredmedia":[{"embeddable":true,"href":"https:\/\/staviori.com.pl\/en\/wp-json\/wp\/v2\/media\/8572"}],"wp:attachment":[{"href":"https:\/\/staviori.com.pl\/en\/wp-json\/wp\/v2\/media?parent=15869"}],"wp:term":[{"taxonomy":"product_brand","embeddable":true,"href":"https:\/\/staviori.com.pl\/en\/wp-json\/wp\/v2\/product_brand?post=15869"},{"taxonomy":"product_cat","embeddable":true,"href":"https:\/\/staviori.com.pl\/en\/wp-json\/wp\/v2\/product_cat?post=15869"},{"taxonomy":"product_tag","embeddable":true,"href":"https:\/\/staviori.com.pl\/en\/wp-json\/wp\/v2\/product_tag?post=15869"}],"curies":[{"name":"wp","href":"https:\/\/api.w.org\/{rel}","templated":true}]}}