{"id":15868,"date":"2025-02-24T22:50:07","date_gmt":"2025-02-24T21:50:07","guid":{"rendered":"https:\/\/staviori.com.pl\/product\/srebrne-krzyzyki-i-medaliki-wsx6251\/"},"modified":"2026-04-17T11:09:38","modified_gmt":"2026-04-17T09:09:38","slug":"srebrne-krzyzyki-i-medaliki-wsx6251","status":"publish","type":"product","link":"https:\/\/staviori.com.pl\/en\/product\/srebrne-krzyzyki-i-medaliki-wsx6251\/","title":{"rendered":"silver medal Our Lady"},"content":{"rendered":"<p>Model: WSX6251<br \/>\nWeight approx. 1.90g<\/p>\n<p>Medallion.<br \/>\nSrebro 0,925<br \/>\nDiamentowane<\/p>\n<p>Wymiary 12&#215;15 mm.<br \/>\nLength 25 mm.<\/p>","protected":false},"excerpt":{"rendered":"<p>Subtelny srebrny medalik z wizerunkiem Matki Bo\u017cej to symbol wiary i duchowej ochrony. Wykonany z najwy\u017cszej jako\u015bci srebra pr\u00f3by 0,925, zachwyca precyzyjnym grawerem i delikatnym po\u0142yskiem. Owalny kszta\u0142t oraz finezyjne zdobienia kraw\u0119dzi dodaj\u0105 mu elegancji i ponadczasowego charakteru. Doskona\u0142y prezent na chrzest, komuni\u0119 lub inne uroczysto\u015bci religijne.<\/p>","protected":false},"featured_media":8570,"comment_status":"closed","ping_status":"closed","template":"","meta":{"om_disable_all_campaigns":false},"product_brand":[2284,2350],"product_cat":[1988,1989,1817],"product_tag":[3932,6523,6522,6521,6516,4505,4528,6515,6517,4470,6518,3967,6520,6519],"class_list":{"0":"post-15868","1":"product","2":"type-product","3":"status-publish","4":"has-post-thumbnail","6":"product_brand-staviori","7":"product_brand-verona","8":"product_cat-krzyzyki-i-medaliki-3","9":"product_cat-srebrne-krzyzyki-i-medaliki","10":"product_cat-srebro-2","11":"product_tag-3932","12":"product_tag-anhanger-maria","13":"product_tag-glaubensschmuck","14":"product_tag-madona","15":"product_tag-matka-boza","16":"product_tag-medalik-owalny","17":"product_tag-medalik-religijny","18":"product_tag-medalik-srebrny","19":"product_tag-naszyjnik-z-medalikiem","20":"product_tag-religious-jewelry","21":"product_tag-silver-medal","22":"product_tag-srebro-0","23":"product_tag-stribrny-medailonek","24":"product_tag-virgin-mary-pendant","25":"pa_dlugosc-25mm","26":"pa_kruszec-srebro","27":"pa_proba-0-925","28":"pa_waga-190g","29":"pa_wymiary-12x15mm","31":"first","32":"outofstock","33":"purchasable","34":"product-type-simple"},"aioseo_notices":[],"_links":{"self":[{"href":"https:\/\/staviori.com.pl\/en\/wp-json\/wp\/v2\/product\/15868","targetHints":{"allow":["GET"]}}],"collection":[{"href":"https:\/\/staviori.com.pl\/en\/wp-json\/wp\/v2\/product"}],"about":[{"href":"https:\/\/staviori.com.pl\/en\/wp-json\/wp\/v2\/types\/product"}],"replies":[{"embeddable":true,"href":"https:\/\/staviori.com.pl\/en\/wp-json\/wp\/v2\/comments?post=15868"}],"wp:featuredmedia":[{"embeddable":true,"href":"https:\/\/staviori.com.pl\/en\/wp-json\/wp\/v2\/media\/8570"}],"wp:attachment":[{"href":"https:\/\/staviori.com.pl\/en\/wp-json\/wp\/v2\/media?parent=15868"}],"wp:term":[{"taxonomy":"product_brand","embeddable":true,"href":"https:\/\/staviori.com.pl\/en\/wp-json\/wp\/v2\/product_brand?post=15868"},{"taxonomy":"product_cat","embeddable":true,"href":"https:\/\/staviori.com.pl\/en\/wp-json\/wp\/v2\/product_cat?post=15868"},{"taxonomy":"product_tag","embeddable":true,"href":"https:\/\/staviori.com.pl\/en\/wp-json\/wp\/v2\/product_tag?post=15868"}],"curies":[{"name":"wp","href":"https:\/\/api.w.org\/{rel}","templated":true}]}}