{"id":15859,"date":"2025-02-24T22:50:04","date_gmt":"2025-02-24T21:50:04","guid":{"rendered":"https:\/\/staviori.com.pl\/product\/srebrny-wisiorek-wsm4394r\/"},"modified":"2026-04-14T21:19:50","modified_gmt":"2026-04-14T19:19:50","slug":"srebrny-wisiorek-wsm4394r","status":"publish","type":"product","link":"https:\/\/staviori.com.pl\/en\/product\/srebrny-wisiorek-wsm4394r\/","title":{"rendered":"Silver pendant with natural ruby and marcasites"},"content":{"rendered":"<p>Model: WSM4394R<br \/>\nWeight approx. 1g<\/p>\n<p>Pendant.<br \/>\n0.925 silver.<br \/>\n1 Rubin, o masie 0,90ct.<\/p>\n<p>Length 15 mm.<br \/>\n8 mm diameter.<\/p>","protected":false},"excerpt":{"rendered":"<p>Uroczy wisiorek Staviori wykonany ze srebra pr\u00f3by 0,925, ozdobiony naturalnym rubinem o masie 0,90 ct. G\u0142\u0119boka, malinowoczerwona barwa kamienia pi\u0119knie kontrastuje z ch\u0142odnym po\u0142yskiem srebra, tworz\u0105c eleganckie i ponadczasowe po\u0142\u0105czenie. Delikatne zdobienia dodaj\u0105 ca\u0142o\u015bci subtelnego, klasycznego uroku. Idealny wyb\u00f3r dla kobiet ceni\u0105cych wyrafinowan\u0105 bi\u017cuteri\u0119 z nut\u0105 romantyzmu.<\/p>","protected":false},"featured_media":8528,"comment_status":"closed","ping_status":"closed","template":"","meta":{"om_disable_all_campaigns":false},"product_brand":[2284],"product_cat":[2141,1817,729],"product_tag":[6585,2428,2317,6617,6615,2291,4763,6616,6135,4111,4630,3724,5744,6614],"class_list":{"0":"post-15859","1":"product","2":"type-product","3":"status-publish","4":"has-post-thumbnail","6":"product_brand-staviori","7":"product_cat-srebrny-wisiorek","8":"product_cat-srebro-2","9":"product_cat-wisiorki","10":"product_tag-0-925-silver","11":"product_tag-bizuteria-srebrna","12":"product_tag-elegancka-bizuteria","13":"product_tag-gemstone-pendant","14":"product_tag-pendentif-rubis-argent","15":"product_tag-prezent-dla-niej","16":"product_tag-rubin","17":"product_tag-rubinovy-privesek","18":"product_tag-ruby-pendant","19":"product_tag-silver-jewelry","20":"product_tag-srebro-0-925","21":"product_tag-staviori","22":"product_tag-wisiorek-srebrny","23":"product_tag-wisiorek-z-rubinem","24":"pa_dlugosc-15mm","25":"pa_kamien-markazyty","26":"pa_kamien-rubin","27":"pa_kruszec-srebro","28":"pa_proba-0-925","29":"pa_srednica-8mm","30":"pa_waga-100g-2","32":"first","33":"instock","34":"purchasable","35":"product-type-simple"},"aioseo_notices":[],"_links":{"self":[{"href":"https:\/\/staviori.com.pl\/en\/wp-json\/wp\/v2\/product\/15859","targetHints":{"allow":["GET"]}}],"collection":[{"href":"https:\/\/staviori.com.pl\/en\/wp-json\/wp\/v2\/product"}],"about":[{"href":"https:\/\/staviori.com.pl\/en\/wp-json\/wp\/v2\/types\/product"}],"replies":[{"embeddable":true,"href":"https:\/\/staviori.com.pl\/en\/wp-json\/wp\/v2\/comments?post=15859"}],"wp:featuredmedia":[{"embeddable":true,"href":"https:\/\/staviori.com.pl\/en\/wp-json\/wp\/v2\/media\/8528"}],"wp:attachment":[{"href":"https:\/\/staviori.com.pl\/en\/wp-json\/wp\/v2\/media?parent=15859"}],"wp:term":[{"taxonomy":"product_brand","embeddable":true,"href":"https:\/\/staviori.com.pl\/en\/wp-json\/wp\/v2\/product_brand?post=15859"},{"taxonomy":"product_cat","embeddable":true,"href":"https:\/\/staviori.com.pl\/en\/wp-json\/wp\/v2\/product_cat?post=15859"},{"taxonomy":"product_tag","embeddable":true,"href":"https:\/\/staviori.com.pl\/en\/wp-json\/wp\/v2\/product_tag?post=15859"}],"curies":[{"name":"wp","href":"https:\/\/api.w.org\/{rel}","templated":true}]}}