{"id":15832,"date":"2025-02-24T22:49:59","date_gmt":"2025-02-24T21:49:59","guid":{"rendered":"https:\/\/staviori.com.pl\/product\/perly-ze-srebrem-wdn6439\/"},"modified":"2026-04-17T10:51:07","modified_gmt":"2026-04-17T08:51:07","slug":"perly-ze-srebrem-wdn6439","status":"publish","type":"product","link":"https:\/\/staviori.com.pl\/en\/product\/perly-ze-srebrem-wdn6439\/","title":{"rendered":"sterling silver necklace with pearl and cubic zirconia"},"content":{"rendered":"<p>Model: WDN6439<br \/>\nWeight approx. 1.90g<\/p>\n<p>Necklace 45 cm.<br \/>\n0.925 rhodium-plated silver.<\/p>\n<p>Natural Freshwater Cultured Pearls.<br \/>\nZirconia.<\/p>\n<p>Naszyjnik wykonany ze srebra pr\u00f3by 0,925. Model ozdobiono per\u0142\u0105 s\u0142odkowodn\u0105 o \u015brednicy ok. 8-9 mm i cyrkoniami.<\/p>","protected":false},"excerpt":{"rendered":"<p>Ol\u015bniewaj\u0105cy naszyjnik Staviori wykonany z rodowanego srebra pr\u00f3by 0,925. Delikatna per\u0142a hodowana s\u0142odkowodna o subtelnym blasku harmonijnie wsp\u00f3\u0142gra z b\u0142yszcz\u0105cymi cyrkoniami w oprawie w kszta\u0142cie \u0142zy. Elegancki, kobiecy i ponadczasowy \u2013 doskona\u0142y wyb\u00f3r na wyj\u0105tkowe okazje, ale tak\u017ce jako klasyczny dodatek do codziennych stylizacji. Symbol czysto\u015bci i delikatno\u015bci w nowoczesnej ods\u0142onie.<\/p>","protected":false},"featured_media":21612,"comment_status":"closed","ping_status":"closed","template":"","meta":{"om_disable_all_campaigns":false},"product_brand":[2284,2350],"product_cat":[1393,1919,1817],"product_tag":[3932,6677,2798,4191,6687,4114,6686,4790,6674,6678,6676,3029,4201,3967,6675,4192,6688],"class_list":{"0":"post-15832","1":"product","2":"type-product","3":"status-publish","4":"has-post-thumbnail","6":"product_brand-staviori","7":"product_brand-verona","8":"product_cat-perly","9":"product_cat-perly-ze-srebrem","10":"product_cat-srebro-2","11":"product_tag-3932","12":"product_tag-925-silber","13":"product_tag-bizuteria-staviori","14":"product_tag-cubic-zirconia","15":"product_tag-nahrdelnik-zirkon","16":"product_tag-naszyjnik-srebrny","17":"product_tag-naszyjnik-z-cyrkoniami","18":"product_tag-naszyjnik-z-perla","19":"product_tag-pearl-necklace","20":"product_tag-perlen-schmuck","21":"product_tag-perlovy-nahrdelnik","22":"product_tag-perly-hodowane","23":"product_tag-silver-necklace","24":"product_tag-srebro-0","25":"product_tag-staviori-jewelry","26":"product_tag-stribrny-nahrdelnik","27":"product_tag-zirkonia-halskette","28":"pa_kamien-naturalne-perly-hodowane-slodkowodne","29":"pa_kruszec-srebro-rodowane","30":"pa_proba-0-925","31":"pa_rozmiar-45cm","32":"pa_waga-1-90g","34":"first","35":"outofstock","36":"purchasable","37":"product-type-simple"},"aioseo_notices":[],"_links":{"self":[{"href":"https:\/\/staviori.com.pl\/en\/wp-json\/wp\/v2\/product\/15832","targetHints":{"allow":["GET"]}}],"collection":[{"href":"https:\/\/staviori.com.pl\/en\/wp-json\/wp\/v2\/product"}],"about":[{"href":"https:\/\/staviori.com.pl\/en\/wp-json\/wp\/v2\/types\/product"}],"replies":[{"embeddable":true,"href":"https:\/\/staviori.com.pl\/en\/wp-json\/wp\/v2\/comments?post=15832"}],"wp:featuredmedia":[{"embeddable":true,"href":"https:\/\/staviori.com.pl\/en\/wp-json\/wp\/v2\/media\/21612"}],"wp:attachment":[{"href":"https:\/\/staviori.com.pl\/en\/wp-json\/wp\/v2\/media?parent=15832"}],"wp:term":[{"taxonomy":"product_brand","embeddable":true,"href":"https:\/\/staviori.com.pl\/en\/wp-json\/wp\/v2\/product_brand?post=15832"},{"taxonomy":"product_cat","embeddable":true,"href":"https:\/\/staviori.com.pl\/en\/wp-json\/wp\/v2\/product_cat?post=15832"},{"taxonomy":"product_tag","embeddable":true,"href":"https:\/\/staviori.com.pl\/en\/wp-json\/wp\/v2\/product_tag?post=15832"}],"curies":[{"name":"wp","href":"https:\/\/api.w.org\/{rel}","templated":true}]}}