{"id":15824,"date":"2025-02-24T22:49:59","date_gmt":"2025-02-24T21:49:59","guid":{"rendered":"https:\/\/staviori.com.pl\/product\/srebrny-wisiorek-wdm2908\/"},"modified":"2026-02-11T00:09:33","modified_gmt":"2026-02-10T23:09:33","slug":"srebrny-wisiorek-wdm2908","status":"publish","type":"product","link":"https:\/\/staviori.com.pl\/en\/product\/srebrny-wisiorek-wdm2908\/","title":{"rendered":"Silver interleaved pendant with feather and marcasites"},"content":{"rendered":"<p>Model: WDM2908<br \/>\nWaga ok. 2,25g<\/p>\n<p>Pendant.<br \/>\n0.925 rhodium-plated silver.<br \/>\nMarcasites.<\/p>\n<p>Wymiary 10.4&#215;24 mm.<\/p>","protected":false},"excerpt":{"rendered":"<p>Subtelny wisiorek Staviori wykonany z rodowanego srebra 0,925, ozdobiony po\u0142yskuj\u0105cymi markazytami. Delikatny motyw li\u015bcia nadaje mu elegancji i lekko\u015bci, a bogate zdobienia przyci\u0105gaj\u0105 wzrok. Doskona\u0142y dodatek do codziennych stylizacji, jak i wyj\u0105tkowych okazji. Bi\u017cuteria o klasycznym uroku z nut\u0105 vintage.<\/p>","protected":false},"featured_media":8411,"comment_status":"closed","ping_status":"closed","template":"","meta":{"om_disable_all_campaigns":false},"product_brand":[2284],"product_cat":[2141,1817,729],"product_tag":[6659,3003,4118,2425,6660,6661,5794,6588,3101,2427,3724,5744,6658],"class_list":{"0":"post-15824","1":"product","2":"type-product","3":"status-publish","4":"has-post-thumbnail","6":"product_brand-staviori","7":"product_cat-srebrny-wisiorek","8":"product_cat-srebro-2","9":"product_cat-wisiorki","10":"product_tag-anhanger-silber","11":"product_tag-bizuteria-vintage","12":"product_tag-marcasite-jewelry","13":"product_tag-markazyty","14":"product_tag-privesek-stribrny","15":"product_tag-proba-925","16":"product_tag-rhodium-plated-silver","17":"product_tag-silver-pendant","18":"product_tag-srebrna-bizuteria","19":"product_tag-srebro-925","20":"product_tag-staviori","21":"product_tag-wisiorek-srebrny","22":"product_tag-wisiorek-z-lisciem","23":"pa_kamien-markazyty","24":"pa_kruszec-srebro-rodowane","25":"pa_proba-0-925","26":"pa_waga-220g","27":"pa_wymiary-10-4x24mm","29":"first","30":"instock","31":"sale","32":"purchasable","33":"product-type-simple"},"aioseo_notices":[],"_links":{"self":[{"href":"https:\/\/staviori.com.pl\/en\/wp-json\/wp\/v2\/product\/15824","targetHints":{"allow":["GET"]}}],"collection":[{"href":"https:\/\/staviori.com.pl\/en\/wp-json\/wp\/v2\/product"}],"about":[{"href":"https:\/\/staviori.com.pl\/en\/wp-json\/wp\/v2\/types\/product"}],"replies":[{"embeddable":true,"href":"https:\/\/staviori.com.pl\/en\/wp-json\/wp\/v2\/comments?post=15824"}],"wp:featuredmedia":[{"embeddable":true,"href":"https:\/\/staviori.com.pl\/en\/wp-json\/wp\/v2\/media\/8411"}],"wp:attachment":[{"href":"https:\/\/staviori.com.pl\/en\/wp-json\/wp\/v2\/media?parent=15824"}],"wp:term":[{"taxonomy":"product_brand","embeddable":true,"href":"https:\/\/staviori.com.pl\/en\/wp-json\/wp\/v2\/product_brand?post=15824"},{"taxonomy":"product_cat","embeddable":true,"href":"https:\/\/staviori.com.pl\/en\/wp-json\/wp\/v2\/product_cat?post=15824"},{"taxonomy":"product_tag","embeddable":true,"href":"https:\/\/staviori.com.pl\/en\/wp-json\/wp\/v2\/product_tag?post=15824"}],"curies":[{"name":"wp","href":"https:\/\/api.w.org\/{rel}","templated":true}]}}