{"id":15799,"date":"2025-02-24T22:49:55","date_gmt":"2025-02-24T21:49:55","guid":{"rendered":"https:\/\/staviori.com.pl\/product\/wisiorek-z-brylantem-wbd3825s\/"},"modified":"2026-02-11T00:09:32","modified_gmt":"2026-02-10T23:09:32","slug":"wisiorek-z-brylantem-wbd3825s","status":"publish","type":"product","link":"https:\/\/staviori.com.pl\/en\/product\/wisiorek-z-brylantem-wbd3825s\/","title":{"rendered":"white gold pendant with sapphire and diamonds"},"content":{"rendered":"<p>Model: WBD3825S<br \/>\nWaga ok. 0,44g<\/p>\n<p>Pendant.<br \/>\nWhite gold 0.585.<br \/>\n5 Diamonds, brilliant cut, weighing 0.02ct, colour H, purity I1.<br \/>\n1 Szafir, o masie 0,75 t.<\/p>\n<p>Dimensions 10\u00d74 mm.<br \/>\nThickness 4 mm.<\/p>","protected":false},"excerpt":{"rendered":"<p>Elegancki wisiorek Staviori wykonany z bia\u0142ego z\u0142ota pr\u00f3by 0,585. Centralny element stanowi g\u0142\u0119boki, granatowy szafir o masie 0,75 ct, otulony subteln\u0105 fal\u0105 z pi\u0119ciu l\u015bni\u0105cych diament\u00f3w o \u0142\u0105cznej masie 0,02 ct. Po\u0142\u0105czenie ch\u0142odnego blasku z\u0142ota z intensywnym kolorem szafiru tworzy kompozycj\u0119 pe\u0142n\u0105 klasy i ponadczasowego uroku. Idealny wyb\u00f3r dla kobiet ceni\u0105cych subteln\u0105 elegancj\u0119 i luksus w minimalistycznym wydaniu.<\/p>","protected":false},"featured_media":21639,"comment_status":"closed","ping_status":"closed","template":"","meta":{"om_disable_all_campaigns":false},"product_brand":[2284],"product_cat":[1838,2242,729],"product_tag":[6703,2308,3781,5077,2296,5655,6584,6098,6110,3724,4153,6704,3777,5032,4028],"class_list":{"0":"post-15799","1":"product","2":"type-product","3":"status-publish","4":"has-post-thumbnail","6":"product_brand-staviori","7":"product_cat-diamenty","8":"product_cat-wisiorek-z-brylantem","9":"product_cat-wisiorki","10":"product_tag-0-585","11":"product_tag-biale-zloto","12":"product_tag-bile-zlato","13":"product_tag-diamant","14":"product_tag-diamenty","15":"product_tag-diamond-pendant","16":"product_tag-privesek-safir","17":"product_tag-saphir","18":"product_tag-sapphire-pendant","19":"product_tag-staviori","20":"product_tag-szafir","21":"product_tag-weisgold-anhanger","22":"product_tag-white-gold","23":"product_tag-white-gold-jewelry","24":"product_tag-wisiorek","25":"pa_barwa-h-2","26":"pa_czystosc-i1","27":"pa_grubosc-4mm","28":"pa_kamien-biale-diamenty","29":"pa_kamien-szafir","30":"pa_kolor-biale","31":"pa_kruszec-zloto","32":"pa_proba-0-585","33":"pa_waga-044g","34":"pa_wymiary-10x4mm","36":"first","37":"instock","38":"purchasable","39":"product-type-simple"},"aioseo_notices":[],"_links":{"self":[{"href":"https:\/\/staviori.com.pl\/en\/wp-json\/wp\/v2\/product\/15799","targetHints":{"allow":["GET"]}}],"collection":[{"href":"https:\/\/staviori.com.pl\/en\/wp-json\/wp\/v2\/product"}],"about":[{"href":"https:\/\/staviori.com.pl\/en\/wp-json\/wp\/v2\/types\/product"}],"replies":[{"embeddable":true,"href":"https:\/\/staviori.com.pl\/en\/wp-json\/wp\/v2\/comments?post=15799"}],"wp:featuredmedia":[{"embeddable":true,"href":"https:\/\/staviori.com.pl\/en\/wp-json\/wp\/v2\/media\/21639"}],"wp:attachment":[{"href":"https:\/\/staviori.com.pl\/en\/wp-json\/wp\/v2\/media?parent=15799"}],"wp:term":[{"taxonomy":"product_brand","embeddable":true,"href":"https:\/\/staviori.com.pl\/en\/wp-json\/wp\/v2\/product_brand?post=15799"},{"taxonomy":"product_cat","embeddable":true,"href":"https:\/\/staviori.com.pl\/en\/wp-json\/wp\/v2\/product_cat?post=15799"},{"taxonomy":"product_tag","embeddable":true,"href":"https:\/\/staviori.com.pl\/en\/wp-json\/wp\/v2\/product_tag?post=15799"}],"curies":[{"name":"wp","href":"https:\/\/api.w.org\/{rel}","templated":true}]}}