{"id":15784,"date":"2025-02-24T22:49:51","date_gmt":"2025-02-24T21:49:51","guid":{"rendered":"https:\/\/staviori.com.pl\/product\/wisiorek-z-brylantem-wbd1923t\/"},"modified":"2026-02-11T00:09:31","modified_gmt":"2026-02-10T23:09:31","slug":"wisiorek-z-brylantem-wbd1923t","status":"publish","type":"product","link":"https:\/\/staviori.com.pl\/en\/product\/wisiorek-z-brylantem-wbd1923t\/","title":{"rendered":"Beautiful white gold pendant with tanzanite - WBD1923T"},"content":{"rendered":"<p>Model: WBD1923T<br \/>\nWaga ok. 0,65g<\/p>\n<p>Pendant.<br \/>\nWhite gold 0.585.<br \/>\n1 Diamond, brilliant cut, weighing 0.03ct, colour H, purity I1.<br \/>\n1 Tanzanit, o masie 0,60ct<br \/>\nDimensions 4\u00d714 mm.<\/p>","protected":false},"excerpt":{"rendered":"<p>Subtelny wisiorek z bia\u0142ego z\u0142ota pr\u00f3by 0,585 zachwyca ch\u0142odnym blaskiem i eleganck\u0105 form\u0105. G\u0142\u00f3wn\u0105 ozdob\u0105 jest tanzanit o g\u0142\u0119bokiej, fioletowo-niebieskiej barwie, uzupe\u0142niony delikatnym diamentem w brylantowym szlifie, kt\u00f3ry pi\u0119knie odbija \u015bwiat\u0142o przy ka\u017cdym ruchu. To ponadczasowy dodatek do codziennych stylizacji i wyj\u0105tkowych okazji \u2013 idealny tak\u017ce na prezent pe\u0142en klasy.<\/p>","protected":false},"featured_media":22645,"comment_status":"closed","ping_status":"closed","template":"","meta":{"om_disable_all_campaigns":false},"product_brand":[2284],"product_cat":[1384,1838,6752,2242,729,176],"product_tag":[6714,2786,5659,5655,6721,7067,7064,7061,6127,7062,7066,7063,7065,7060,7058,6097,7059,7057,4440,7056],"class_list":{"0":"post-15784","1":"product","2":"type-product","3":"status-publish","4":"has-post-thumbnail","6":"product_brand-staviori","7":"product_cat-bizuteria","8":"product_cat-diamenty","9":"product_cat-kolekcja-staviori-must-have","10":"product_cat-wisiorek-z-brylantem","11":"product_cat-wisiorki","12":"product_cat-zloto","13":"product_tag-bile-zlato-585","14":"product_tag-bizuteria-z-tanzanitem","15":"product_tag-diamant-anhanger","16":"product_tag-diamond-pendant","17":"product_tag-elegancki-wisiorek","18":"product_tag-eleganter-anhanger","19":"product_tag-jemny-privesek","20":"product_tag-minimalist-pendant","21":"product_tag-privesek-s-diamantem","22":"product_tag-privesek-s-tanzanitem","23":"product_tag-schmuck-mit-tansanit","24":"product_tag-sperk-s-tanzanitem","25":"product_tag-tansanit-anhanger","26":"product_tag-tanzanite-jewelry","27":"product_tag-tanzanite-pendant","28":"product_tag-weisgold-585","29":"product_tag-white-gold-585-pendant","30":"product_tag-wisiorek-biale-zloto-585","31":"product_tag-wisiorek-z-diamentem","32":"product_tag-wisiorek-z-tanzanitem","33":"pa_barwa-h-2","34":"pa_czystosc-i1","35":"pa_dostawca-estrella","36":"pa_kamien-brylant","37":"pa_kamien-tanzanit","38":"pa_kolor-biale","39":"pa_kruszec-zloto","40":"pa_proba-0-585","41":"pa_waga-065g","42":"pa_wymiary-4x14mm","44":"first","45":"instock","46":"purchasable","47":"product-type-simple"},"aioseo_notices":[],"_links":{"self":[{"href":"https:\/\/staviori.com.pl\/en\/wp-json\/wp\/v2\/product\/15784","targetHints":{"allow":["GET"]}}],"collection":[{"href":"https:\/\/staviori.com.pl\/en\/wp-json\/wp\/v2\/product"}],"about":[{"href":"https:\/\/staviori.com.pl\/en\/wp-json\/wp\/v2\/types\/product"}],"replies":[{"embeddable":true,"href":"https:\/\/staviori.com.pl\/en\/wp-json\/wp\/v2\/comments?post=15784"}],"wp:featuredmedia":[{"embeddable":true,"href":"https:\/\/staviori.com.pl\/en\/wp-json\/wp\/v2\/media\/22645"}],"wp:attachment":[{"href":"https:\/\/staviori.com.pl\/en\/wp-json\/wp\/v2\/media?parent=15784"}],"wp:term":[{"taxonomy":"product_brand","embeddable":true,"href":"https:\/\/staviori.com.pl\/en\/wp-json\/wp\/v2\/product_brand?post=15784"},{"taxonomy":"product_cat","embeddable":true,"href":"https:\/\/staviori.com.pl\/en\/wp-json\/wp\/v2\/product_cat?post=15784"},{"taxonomy":"product_tag","embeddable":true,"href":"https:\/\/staviori.com.pl\/en\/wp-json\/wp\/v2\/product_tag?post=15784"}],"curies":[{"name":"wp","href":"https:\/\/api.w.org\/{rel}","templated":true}]}}