{"id":15781,"date":"2025-02-24T22:49:51","date_gmt":"2025-02-24T21:49:51","guid":{"rendered":"https:\/\/staviori.com.pl\/product\/wisiorek-z-brylantem-wbd1908\/"},"modified":"2026-02-11T00:09:31","modified_gmt":"2026-02-10T23:09:31","slug":"wisiorek-z-brylantem-wbd1908","status":"publish","type":"product","link":"https:\/\/staviori.com.pl\/en\/product\/wisiorek-z-brylantem-wbd1908\/","title":{"rendered":"beautiful pendant with black and white diamonds in white gold"},"content":{"rendered":"<p>Model: WBD1908<br \/>\nWeight approx. 0.39g<\/p>\n<p>Pendant.<br \/>\nWhite gold 0.585.<br \/>\n6 Diament\u00f3w, szlif brylantowy, o masie 0,03ct, barwa H, czysto\u015b\u0107 I1.<br \/>\n6 Diament\u00f3w, kolor czarny, szlif brylantowy, o masie 0,06ct<\/p>\n<p>Wymiary 3&#215;17 mm.<\/p>","protected":false},"excerpt":{"rendered":"<p>Zachwycaj\u0105cy wisiorek ze z\u0142ota pr\u00f3by 0,585, w kt\u00f3rym biel i czer\u0144 tworz\u0105 doskona\u0142\u0105 harmoni\u0119. Delikatna forma w kszta\u0142cie subtelnej fali ozdobiona jest sze\u015bcioma bia\u0142ymi oraz sze\u015bcioma czarnymi diamentami, kt\u00f3re pi\u0119knie kontrastuj\u0105 i przyci\u0105gaj\u0105 wzrok. To bi\u017cuteria pe\u0142na elegancji i wyrafinowania \u2014 idealna dla kobiety ceni\u0105cej oryginalny styl i ponadczasowy blask.<\/p>","protected":false},"featured_media":8143,"comment_status":"closed","ping_status":"closed","template":"","meta":{"om_disable_all_campaigns":false},"product_brand":[2284],"product_cat":[1838,2242,729],"product_tag":[4396,6162,6714,2541,4096,2319,6713,3751,2296,6120,3690,6298,6093,6094,6637,6096,4028],"class_list":{"0":"post-15781","1":"product","2":"type-product","3":"status-publish","4":"has-post-thumbnail","6":"product_brand-staviori","7":"product_cat-diamenty","8":"product_cat-wisiorek-z-brylantem","9":"product_cat-wisiorki","10":"product_tag-4396","11":"product_tag-biale-zloto-0","12":"product_tag-bile-zlato-585","13":"product_tag-bizuteria-damska","14":"product_tag-black-diamonds","15":"product_tag-czarne-diamenty","16":"product_tag-diamanten","17":"product_tag-diamanty","18":"product_tag-diamenty","19":"product_tag-diamond-jewelry","20":"product_tag-elegancki-prezent","21":"product_tag-gold-585","22":"product_tag-pendant","23":"product_tag-privesek","24":"product_tag-schmuck","25":"product_tag-white-gold-14k","26":"product_tag-wisiorek","27":"pa_barwa-h-2","28":"pa_czystosc-i1","29":"pa_kamien-biale-diamenty","30":"pa_kamien-czarne-diamenty","31":"pa_kolor-biale","32":"pa_kruszec-zloto","33":"pa_proba-0-585","34":"pa_waga-039g","35":"pa_wymiary-3x17mm","37":"first","38":"instock","39":"purchasable","40":"product-type-simple"},"aioseo_notices":[],"_links":{"self":[{"href":"https:\/\/staviori.com.pl\/en\/wp-json\/wp\/v2\/product\/15781","targetHints":{"allow":["GET"]}}],"collection":[{"href":"https:\/\/staviori.com.pl\/en\/wp-json\/wp\/v2\/product"}],"about":[{"href":"https:\/\/staviori.com.pl\/en\/wp-json\/wp\/v2\/types\/product"}],"replies":[{"embeddable":true,"href":"https:\/\/staviori.com.pl\/en\/wp-json\/wp\/v2\/comments?post=15781"}],"wp:featuredmedia":[{"embeddable":true,"href":"https:\/\/staviori.com.pl\/en\/wp-json\/wp\/v2\/media\/8143"}],"wp:attachment":[{"href":"https:\/\/staviori.com.pl\/en\/wp-json\/wp\/v2\/media?parent=15781"}],"wp:term":[{"taxonomy":"product_brand","embeddable":true,"href":"https:\/\/staviori.com.pl\/en\/wp-json\/wp\/v2\/product_brand?post=15781"},{"taxonomy":"product_cat","embeddable":true,"href":"https:\/\/staviori.com.pl\/en\/wp-json\/wp\/v2\/product_cat?post=15781"},{"taxonomy":"product_tag","embeddable":true,"href":"https:\/\/staviori.com.pl\/en\/wp-json\/wp\/v2\/product_tag?post=15781"}],"curies":[{"name":"wp","href":"https:\/\/api.w.org\/{rel}","templated":true}]}}