{"id":15764,"date":"2025-02-24T22:49:46","date_gmt":"2025-02-24T21:49:46","guid":{"rendered":"https:\/\/staviori.com.pl\/product\/bizuteria-inwestycyjna-wisiorek-wbd1659\/"},"modified":"2026-02-11T00:09:30","modified_gmt":"2026-02-10T23:09:30","slug":"bizuteria-inwestycyjna-wisiorek-wbd1659","status":"publish","type":"product","link":"https:\/\/staviori.com.pl\/en\/product\/bizuteria-inwestycyjna-wisiorek-wbd1659\/","title":{"rendered":"Exclusive | heart pendant with diamonds white gold 0.750"},"content":{"rendered":"<p>Model: DDP0109<br \/>\nWeight approx. 2.70g<\/p>\n<p>Pendant.<br \/>\nWhite Gold 0.750.<br \/>\n47 Diament\u00f3w, szlif brylantowy, o masie 0,58ct, barwa G-H, czysto\u015b\u0107 SI1.<\/p>\n<p>Wymiary 15&#215;19 mm.<\/p>\n<p>Product available on request only, lead time approx. 5 weeks.<\/p>","protected":false},"excerpt":{"rendered":"<p>Subtelny i niezwykle romantyczny wisiorek w kszta\u0142cie serca, wykonany z 18-karatowego bia\u0142ego z\u0142ota. Powierzchnia ozdobiona 46 l\u015bni\u0105cymi diamentami o \u0142\u0105cznej masie 0,58ct tworzy efekt niepowtarzalnego blasku, kt\u00f3ry zachwyca przy ka\u017cdym ruchu.<br \/>\nDo tego drugie mniejsze serduszko z 1 brylancikiem dla ozdoby.<br \/>\nSymbol mi\u0142o\u015bci i elegancji, doskona\u0142y jako prezent dla ukochanej osoby lub wyj\u0105tkowa ozdoba na co dzie\u0144 i od \u015bwi\u0119ta.<\/p>","protected":false},"featured_media":21342,"comment_status":"closed","ping_status":"closed","template":"","meta":{"om_disable_all_campaigns":false},"product_brand":[2284],"product_cat":[1803,729,6719],"product_tag":[6167,2543,6164,6168,5655,4303,4288,6114,6170,6169,6165,5032,4509,4442,6166,2341],"class_list":{"0":"post-15764","1":"product","2":"type-product","3":"status-publish","4":"has-post-thumbnail","6":"product_brand-staviori","7":"product_cat-brylanty-exclusive","8":"product_cat-wisiorki","9":"product_cat-wisiorki-brylanty-exclusive","10":"product_tag-anhanger-herz","11":"product_tag-bizuteria-zlota","12":"product_tag-ddp0109","13":"product_tag-diamantanhanger","14":"product_tag-diamond-pendant","15":"product_tag-heart-pendant","16":"product_tag-naszyjnik-z-diamentami","17":"product_tag-privesek-s-diamanty","18":"product_tag-privesek-srdce","19":"product_tag-schmuck-weisgold","20":"product_tag-wbd1659","21":"product_tag-white-gold-jewelry","22":"product_tag-wisiorek-serce","23":"product_tag-wisiorek-z-diamentami","24":"product_tag-zawieszka-serce","25":"product_tag-zloto-750","26":"pa_barwa-g-h","27":"pa_czystosc-si1","28":"pa_dostawca-draco","29":"pa_kamien-brylanty","30":"pa_kolor-biale","31":"pa_kruszec-zloto","32":"pa_motyw-serce","33":"pa_proba-0-750","34":"pa_waga-270g","35":"pa_wymiary-15x19mm","37":"first","38":"onbackorder","39":"purchasable","40":"product-type-simple"},"aioseo_notices":[],"_links":{"self":[{"href":"https:\/\/staviori.com.pl\/en\/wp-json\/wp\/v2\/product\/15764","targetHints":{"allow":["GET"]}}],"collection":[{"href":"https:\/\/staviori.com.pl\/en\/wp-json\/wp\/v2\/product"}],"about":[{"href":"https:\/\/staviori.com.pl\/en\/wp-json\/wp\/v2\/types\/product"}],"replies":[{"embeddable":true,"href":"https:\/\/staviori.com.pl\/en\/wp-json\/wp\/v2\/comments?post=15764"}],"wp:featuredmedia":[{"embeddable":true,"href":"https:\/\/staviori.com.pl\/en\/wp-json\/wp\/v2\/media\/21342"}],"wp:attachment":[{"href":"https:\/\/staviori.com.pl\/en\/wp-json\/wp\/v2\/media?parent=15764"}],"wp:term":[{"taxonomy":"product_brand","embeddable":true,"href":"https:\/\/staviori.com.pl\/en\/wp-json\/wp\/v2\/product_brand?post=15764"},{"taxonomy":"product_cat","embeddable":true,"href":"https:\/\/staviori.com.pl\/en\/wp-json\/wp\/v2\/product_cat?post=15764"},{"taxonomy":"product_tag","embeddable":true,"href":"https:\/\/staviori.com.pl\/en\/wp-json\/wp\/v2\/product_tag?post=15764"}],"curies":[{"name":"wp","href":"https:\/\/api.w.org\/{rel}","templated":true}]}}