{"id":15747,"date":"2025-02-24T22:49:42","date_gmt":"2025-02-24T21:49:42","guid":{"rendered":"https:\/\/staviori.com.pl\/product\/srebrne-kolczyki-sss6353\/"},"modified":"2026-02-11T00:09:29","modified_gmt":"2026-02-10T23:09:29","slug":"srebrne-kolczyki-sss6353","status":"publish","type":"product","link":"https:\/\/staviori.com.pl\/en\/product\/srebrne-kolczyki-sss6353\/","title":{"rendered":"Rhodium-plated sterling silver pendant earrings with cubic zirconia"},"content":{"rendered":"<p>Model: SSS6353<br \/>\nWaga ok. 0,65g<\/p>\n<p>Earrings<br \/>\n0.925 rhodium-plated silver.<br \/>\nZirconia.<\/p>\n<p>Szeroko\u015b\u0107 5.40 mm.<br \/>\nWysoko\u015b\u0107 6.70 mm.<\/p>","protected":false},"excerpt":{"rendered":"<p>Eleganckie kolczyki wykonane ze srebra rodowanego pr\u00f3by 0,925, ozdobione l\u015bni\u0105cymi cyrkoniami. Subtelne po\u0142\u0105czenie trzech kamieni z dodatkow\u0105, delikatnie zawieszon\u0105 cyrkoni\u0105 nadaje im wyj\u0105tkowego uroku i lekko\u015bci. Bi\u017cuteria, kt\u00f3ra pi\u0119knie odbija \u015bwiat\u0142o, dodaj\u0105c blasku ka\u017cdej stylizacji \u2013 zar\u00f3wno codziennej, jak i wieczorowej. Idealny wyb\u00f3r dla kobiet ceni\u0105cych klasyczn\u0105 elegancj\u0119 z nut\u0105 nowoczesno\u015bci.<\/p>","protected":false},"featured_media":21313,"comment_status":"closed","ping_status":"closed","template":"","meta":{"om_disable_all_campaigns":false},"product_brand":[2284],"product_cat":[199,1818,1817],"product_tag":[3858,4191,2858,3743,2660,6079,1394,6072,6073,2291,5794,6090,6075,6074,2427,2426,5295,4025,2851,6089,6088],"class_list":{"0":"post-15747","1":"product","2":"type-product","3":"status-publish","4":"has-post-thumbnail","6":"product_brand-staviori","7":"product_cat-kolczyki","8":"product_cat-srebrne-kolczyki","9":"product_cat-srebro-2","10":"product_tag-classic-earrings","11":"product_tag-cubic-zirconia","12":"product_tag-delikatne-kolczyki","13":"product_tag-earrings","14":"product_tag-eleganckie-kolczyki","15":"product_tag-elegant-earrings","16":"product_tag-kolczyki","17":"product_tag-nausnice","18":"product_tag-ohrringe","19":"product_tag-prezent-dla-niej","20":"product_tag-rhodium-plated-silver","21":"product_tag-shining-jewelry","22":"product_tag-silber-925","23":"product_tag-silver-925","24":"product_tag-srebro-925","25":"product_tag-srebro-rodowane","26":"product_tag-stribro-925","27":"product_tag-symbol-milosci","28":"product_tag-wieczorowe-kolczyki","29":"product_tag-zirkon","30":"product_tag-zirkonia","31":"pa_dostawca-karen-silver","32":"pa_kamien-cyrkonia","33":"pa_kruszec-srebro-rodowane","34":"pa_proba-0-925","35":"pa_szerokosc-5-40mm","36":"pa_waga-065g","37":"pa_wysokosc-6-70mm","38":"pa_zapiecie-sztyft","40":"first","41":"instock","42":"purchasable","43":"product-type-simple"},"aioseo_notices":[],"_links":{"self":[{"href":"https:\/\/staviori.com.pl\/en\/wp-json\/wp\/v2\/product\/15747","targetHints":{"allow":["GET"]}}],"collection":[{"href":"https:\/\/staviori.com.pl\/en\/wp-json\/wp\/v2\/product"}],"about":[{"href":"https:\/\/staviori.com.pl\/en\/wp-json\/wp\/v2\/types\/product"}],"replies":[{"embeddable":true,"href":"https:\/\/staviori.com.pl\/en\/wp-json\/wp\/v2\/comments?post=15747"}],"wp:featuredmedia":[{"embeddable":true,"href":"https:\/\/staviori.com.pl\/en\/wp-json\/wp\/v2\/media\/21313"}],"wp:attachment":[{"href":"https:\/\/staviori.com.pl\/en\/wp-json\/wp\/v2\/media?parent=15747"}],"wp:term":[{"taxonomy":"product_brand","embeddable":true,"href":"https:\/\/staviori.com.pl\/en\/wp-json\/wp\/v2\/product_brand?post=15747"},{"taxonomy":"product_cat","embeddable":true,"href":"https:\/\/staviori.com.pl\/en\/wp-json\/wp\/v2\/product_cat?post=15747"},{"taxonomy":"product_tag","embeddable":true,"href":"https:\/\/staviori.com.pl\/en\/wp-json\/wp\/v2\/product_tag?post=15747"}],"curies":[{"name":"wp","href":"https:\/\/api.w.org\/{rel}","templated":true}]}}