{"id":15746,"date":"2025-02-24T22:49:42","date_gmt":"2025-02-24T21:49:42","guid":{"rendered":"https:\/\/staviori.com.pl\/product\/srebrne-kolczyki-sss6294y\/"},"modified":"2026-04-09T13:43:28","modified_gmt":"2026-04-09T11:43:28","slug":"srebrne-kolczyki-sss6294y","status":"publish","type":"product","link":"https:\/\/staviori.com.pl\/en\/product\/srebrne-kolczyki-sss6294y\/","title":{"rendered":"Silver plated gold plated heart earrings | yellow gold"},"content":{"rendered":"<p>Model: SSS6294Y<br \/>\nWeight approx. 1.20g<\/p>\n<p>Earrings.<br \/>\nSrebro 0,925 pokryte z\u0142otem 0,750<\/p>\n<p>Szeroko\u015b\u0107 7.85 mm.<br \/>\nWysoko\u015b\u0107 6.74 mm<\/p>","protected":false},"excerpt":{"rendered":"<p>Romantyczne kolczyki w kszta\u0142cie serc, wykonane ze srebra pr\u00f3by 0,925 i pokryte \u017c\u00f3\u0142tym z\u0142otem. Ich subtelnie wypuk\u0142a forma pi\u0119knie odbija \u015bwiat\u0142o, nadaj\u0105c im delikatnego blasku i elegancji. Symbol mi\u0142o\u015bci i czu\u0142o\u015bci, idealny zar\u00f3wno do codziennych stylizacji, jak i na wyj\u0105tkowy prezent. Nowoczesna prostota po\u0142\u0105czona z kobiecym urokiem sprawia, \u017ce b\u0119d\u0105 ulubionym dodatkiem w ka\u017cdej kolekcji bi\u017cuterii.<\/p>","protected":false},"featured_media":7923,"comment_status":"closed","ping_status":"closed","template":"","meta":{"om_disable_all_campaigns":false},"product_brand":[2284],"product_cat":[199,1818,1817],"product_tag":[3743,2660,5939,6085,1394,3096,6072,5941,6073,2291,6087,4125,6086,6075,6074,2427,5295,4025,2522],"class_list":{"0":"post-15746","1":"product","2":"type-product","3":"status-publish","4":"has-post-thumbnail","6":"product_brand-staviori","7":"product_cat-kolczyki","8":"product_cat-srebrne-kolczyki","9":"product_cat-srebro-2","10":"product_tag-earrings","11":"product_tag-eleganckie-kolczyki","12":"product_tag-heart-earrings","13":"product_tag-herz-ohrringe","14":"product_tag-kolczyki","15":"product_tag-kolczyki-serca","16":"product_tag-nausnice","17":"product_tag-nausnice-srdce","18":"product_tag-ohrringe","19":"product_tag-prezent-dla-niej","20":"product_tag-romantic-earrings","21":"product_tag-rose-gold","22":"product_tag-rosevergoldet","23":"product_tag-silber-925","24":"product_tag-silver-925","25":"product_tag-srebro-925","26":"product_tag-stribro-925","27":"product_tag-symbol-milosci","28":"product_tag-zolte-zloto","29":"pa_barwa-zloty","30":"pa_dostawca-karen-silver","31":"pa_kruszec-srebro","32":"pa_kruszec-srebro-pozlacane","33":"pa_motyw-serce","34":"pa_proba-0-925","35":"pa_szerokosc-7-85mm","36":"pa_waga-120g","37":"pa_wysokosc-6-74mm","38":"pa_zapiecie-sztyft","40":"first","41":"instock","42":"purchasable","43":"product-type-simple"},"aioseo_notices":[],"_links":{"self":[{"href":"https:\/\/staviori.com.pl\/en\/wp-json\/wp\/v2\/product\/15746","targetHints":{"allow":["GET"]}}],"collection":[{"href":"https:\/\/staviori.com.pl\/en\/wp-json\/wp\/v2\/product"}],"about":[{"href":"https:\/\/staviori.com.pl\/en\/wp-json\/wp\/v2\/types\/product"}],"replies":[{"embeddable":true,"href":"https:\/\/staviori.com.pl\/en\/wp-json\/wp\/v2\/comments?post=15746"}],"wp:featuredmedia":[{"embeddable":true,"href":"https:\/\/staviori.com.pl\/en\/wp-json\/wp\/v2\/media\/7923"}],"wp:attachment":[{"href":"https:\/\/staviori.com.pl\/en\/wp-json\/wp\/v2\/media?parent=15746"}],"wp:term":[{"taxonomy":"product_brand","embeddable":true,"href":"https:\/\/staviori.com.pl\/en\/wp-json\/wp\/v2\/product_brand?post=15746"},{"taxonomy":"product_cat","embeddable":true,"href":"https:\/\/staviori.com.pl\/en\/wp-json\/wp\/v2\/product_cat?post=15746"},{"taxonomy":"product_tag","embeddable":true,"href":"https:\/\/staviori.com.pl\/en\/wp-json\/wp\/v2\/product_tag?post=15746"}],"curies":[{"name":"wp","href":"https:\/\/api.w.org\/{rel}","templated":true}]}}