{"id":15744,"date":"2025-02-24T22:49:42","date_gmt":"2025-02-24T21:49:42","guid":{"rendered":"https:\/\/staviori.com.pl\/product\/srebrne-kolczyki-sss6294\/"},"modified":"2026-02-11T00:09:29","modified_gmt":"2026-02-10T23:09:29","slug":"srebrne-kolczyki-sss6294","status":"publish","type":"product","link":"https:\/\/staviori.com.pl\/en\/product\/srebrne-kolczyki-sss6294\/","title":{"rendered":"Silver heart earrings"},"content":{"rendered":"<p>Model: SSS6294<br \/>\nWeight approx. 1.20g<\/p>\n<p>Earrings.<br \/>\n0.925 silver.<\/p>\n<p>Szeroko\u015b\u0107 7.85 mm.<br \/>\nWysoko\u015b\u0107 6.74 mm.<\/p>","protected":false},"excerpt":{"rendered":"<p>Urocze kolczyki w kszta\u0142cie serc, wykonane ze srebra pr\u00f3by 0,925. Subtelnie wypuk\u0142a forma nadaje im mi\u0119kko\u015bci i delikatnego blasku, kt\u00f3ry pi\u0119knie odbija \u015bwiat\u0142o. To ponadczasowy symbol mi\u0142o\u015bci i czu\u0142o\u015bci, doskona\u0142y zar\u00f3wno na co dzie\u0144, jak i jako wyj\u0105tkowy prezent dla bliskiej osoby. Minimalistyczne, a jednocze\u015bnie niezwykle efektowne \u2013 idealne dla kobiet ceni\u0105cych elegancj\u0119 w prostym wydaniu.<\/p>","protected":false},"featured_media":7917,"comment_status":"closed","ping_status":"closed","template":"","meta":{"om_disable_all_campaigns":false},"product_brand":[2284],"product_cat":[199,1818,1817],"product_tag":[2858,3743,2660,5939,6085,1394,3096,5822,6072,5941,6073,2291,6075,6074,2427,5295,4025],"class_list":{"0":"post-15744","1":"product","2":"type-product","3":"status-publish","4":"has-post-thumbnail","6":"product_brand-staviori","7":"product_cat-kolczyki","8":"product_cat-srebrne-kolczyki","9":"product_cat-srebro-2","10":"product_tag-delikatne-kolczyki","11":"product_tag-earrings","12":"product_tag-eleganckie-kolczyki","13":"product_tag-heart-earrings","14":"product_tag-herz-ohrringe","15":"product_tag-kolczyki","16":"product_tag-kolczyki-serca","17":"product_tag-minimalist-earrings","18":"product_tag-nausnice","19":"product_tag-nausnice-srdce","20":"product_tag-ohrringe","21":"product_tag-prezent-dla-niej","22":"product_tag-silber-925","23":"product_tag-silver-925","24":"product_tag-srebro-925","25":"product_tag-stribro-925","26":"product_tag-symbol-milosci","27":"pa_dostawca-karen-silver","28":"pa_kruszec-srebro","29":"pa_kruszec-srebro-rodowane","30":"pa_motyw-serce","31":"pa_proba-0-925","32":"pa_szerokosc-7-85mm","33":"pa_waga-120g","34":"pa_wysokosc-6-74mm","35":"pa_zapiecie-sztyft","37":"first","38":"instock","39":"purchasable","40":"product-type-simple"},"aioseo_notices":[],"_links":{"self":[{"href":"https:\/\/staviori.com.pl\/en\/wp-json\/wp\/v2\/product\/15744","targetHints":{"allow":["GET"]}}],"collection":[{"href":"https:\/\/staviori.com.pl\/en\/wp-json\/wp\/v2\/product"}],"about":[{"href":"https:\/\/staviori.com.pl\/en\/wp-json\/wp\/v2\/types\/product"}],"replies":[{"embeddable":true,"href":"https:\/\/staviori.com.pl\/en\/wp-json\/wp\/v2\/comments?post=15744"}],"wp:featuredmedia":[{"embeddable":true,"href":"https:\/\/staviori.com.pl\/en\/wp-json\/wp\/v2\/media\/7917"}],"wp:attachment":[{"href":"https:\/\/staviori.com.pl\/en\/wp-json\/wp\/v2\/media?parent=15744"}],"wp:term":[{"taxonomy":"product_brand","embeddable":true,"href":"https:\/\/staviori.com.pl\/en\/wp-json\/wp\/v2\/product_brand?post=15744"},{"taxonomy":"product_cat","embeddable":true,"href":"https:\/\/staviori.com.pl\/en\/wp-json\/wp\/v2\/product_cat?post=15744"},{"taxonomy":"product_tag","embeddable":true,"href":"https:\/\/staviori.com.pl\/en\/wp-json\/wp\/v2\/product_tag?post=15744"}],"curies":[{"name":"wp","href":"https:\/\/api.w.org\/{rel}","templated":true}]}}