{"id":15743,"date":"2025-02-24T22:49:42","date_gmt":"2025-02-24T21:49:42","guid":{"rendered":"https:\/\/staviori.com.pl\/product\/srebrne-kolczyki-sss6293y\/"},"modified":"2026-04-07T08:44:07","modified_gmt":"2026-04-07T06:44:07","slug":"srebrne-kolczyki-sss6293y","status":"publish","type":"product","link":"https:\/\/staviori.com.pl\/en\/product\/srebrne-kolczyki-sss6293y\/","title":{"rendered":"Silver plated gold star earrings, post-style clasp"},"content":{"rendered":"<p>Model: SSS6293Y<br \/>\nWeight approx. 0.80g<\/p>\n<p>Earrings.<br \/>\nSrebro 0,925 pokryte z\u0142otem 0,750<\/p>\n<p>D\u0142ugo\u015b\u0107 6.23 mm.<br \/>\nSzeroko\u015b\u0107 6.23 mm.<\/p>","protected":false},"excerpt":{"rendered":"<p>Urocze kolczyki w kszta\u0142cie gwiazdek, wykonane ze srebra pr\u00f3by 0,925 i pokryte 18-karatowym z\u0142otem. Prosta, a zarazem elegancka forma sprawia, \u017ce s\u0105 idealnym dodatkiem zar\u00f3wno do codziennych stylizacji, jak i na wyj\u0105tkowe okazje. Lekko po\u0142yskuj\u0105ce z\u0142oto podkre\u015bla subtelny charakter bi\u017cuterii, dodaj\u0105c blasku ka\u017cdej kreacji. Delikatne i kobiece \u2013 doskona\u0142e tak\u017ce jako prezent pe\u0142en symboliki.<\/p>","protected":false},"featured_media":7914,"comment_status":"closed","ping_status":"closed","template":"","meta":{"om_disable_all_campaigns":false},"product_brand":[2284],"product_cat":[199,1818,1817],"product_tag":[2858,3743,2660,6076,1394,3020,5822,6072,6083,6073,2291,6075,6074,2427,6082,6084,5295,2341],"class_list":{"0":"post-15743","1":"product","2":"type-product","3":"status-publish","4":"has-post-thumbnail","6":"product_brand-staviori","7":"product_cat-kolczyki","8":"product_cat-srebrne-kolczyki","9":"product_cat-srebro-2","10":"product_tag-delikatne-kolczyki","11":"product_tag-earrings","12":"product_tag-eleganckie-kolczyki","13":"product_tag-gold-750","14":"product_tag-kolczyki","15":"product_tag-kolczyki-gwiazdki","16":"product_tag-minimalist-earrings","17":"product_tag-nausnice","18":"product_tag-nausnice-hvezdicky","19":"product_tag-ohrringe","20":"product_tag-prezent-dla-niej","21":"product_tag-silber-925","22":"product_tag-silver-925","23":"product_tag-srebro-925","24":"product_tag-star-earrings","25":"product_tag-stern-ohrringe","26":"product_tag-stribro-925","27":"product_tag-zloto-750","28":"pa_dlugosc-6-23mm","29":"pa_dostawca-karen-silver","30":"pa_kruszec-srebro","31":"pa_kruszec-srebro-pozlacane","32":"pa_motyw-gwiazda","33":"pa_proba-0-925","34":"pa_szerokosc-6-23mm","35":"pa_waga-080g","36":"pa_zapiecie-sztyft","38":"first","39":"instock","40":"purchasable","41":"product-type-simple"},"aioseo_notices":[],"_links":{"self":[{"href":"https:\/\/staviori.com.pl\/en\/wp-json\/wp\/v2\/product\/15743","targetHints":{"allow":["GET"]}}],"collection":[{"href":"https:\/\/staviori.com.pl\/en\/wp-json\/wp\/v2\/product"}],"about":[{"href":"https:\/\/staviori.com.pl\/en\/wp-json\/wp\/v2\/types\/product"}],"replies":[{"embeddable":true,"href":"https:\/\/staviori.com.pl\/en\/wp-json\/wp\/v2\/comments?post=15743"}],"wp:featuredmedia":[{"embeddable":true,"href":"https:\/\/staviori.com.pl\/en\/wp-json\/wp\/v2\/media\/7914"}],"wp:attachment":[{"href":"https:\/\/staviori.com.pl\/en\/wp-json\/wp\/v2\/media?parent=15743"}],"wp:term":[{"taxonomy":"product_brand","embeddable":true,"href":"https:\/\/staviori.com.pl\/en\/wp-json\/wp\/v2\/product_brand?post=15743"},{"taxonomy":"product_cat","embeddable":true,"href":"https:\/\/staviori.com.pl\/en\/wp-json\/wp\/v2\/product_cat?post=15743"},{"taxonomy":"product_tag","embeddable":true,"href":"https:\/\/staviori.com.pl\/en\/wp-json\/wp\/v2\/product_tag?post=15743"}],"curies":[{"name":"wp","href":"https:\/\/api.w.org\/{rel}","templated":true}]}}