{"id":15741,"date":"2025-02-24T22:49:42","date_gmt":"2025-02-24T21:49:42","guid":{"rendered":"https:\/\/staviori.com.pl\/product\/srebrne-kolczyki-sss6291\/"},"modified":"2026-02-11T00:09:29","modified_gmt":"2026-02-10T23:09:29","slug":"srebrne-kolczyki-sss6291","status":"publish","type":"product","link":"https:\/\/staviori.com.pl\/en\/product\/srebrne-kolczyki-sss6291\/","title":{"rendered":"Brushed gold-plated silver earrings"},"content":{"rendered":"<p>Model: SSS6291<br \/>\nWaga ok. 2,67g<\/p>\n<p>Earrings.<br \/>\nSilver 0.925 plated with yellow gold<\/p>\n<p>Szeroko\u015b\u0107 7.64 mm.<br \/>\nD\u0142ugo\u015b\u0107 36.50 mm.<\/p>","protected":false},"excerpt":{"rendered":"<p>Wyj\u0105tkowe kolczyki wykonane ze srebra pr\u00f3by 925, pokryte \u017c\u00f3\u0142tym z\u0142otem, zachwycaj\u0105 nowoczesnym i oryginalnym designem. Ich geometryczna forma oraz subtelna faktura sprawiaj\u0105, \u017ce staj\u0105 si\u0119 wyrazistym akcentem ka\u017cdej stylizacji. Idealne dla kobiet, kt\u00f3re pragn\u0105 po\u0142\u0105czy\u0107 elegancj\u0119 z artystycznym charakterem bi\u017cuterii.<\/p>","protected":false},"featured_media":7908,"comment_status":"closed","ping_status":"closed","template":"","meta":{"om_disable_all_campaigns":false},"product_brand":[2284],"product_cat":[199,1818,1817],"product_tag":[2978,5916,2708,6069,6071,6070,3200,2427],"class_list":{"0":"post-15741","1":"product","2":"type-product","3":"status-publish","4":"has-post-thumbnail","6":"product_brand-staviori","7":"product_cat-kolczyki","8":"product_cat-srebrne-kolczyki","9":"product_cat-srebro-2","10":"product_tag-geometryczne-kolczyki","11":"product_tag-gold-plated-earrings","12":"product_tag-kolczyki-zlote","13":"product_tag-modern-earrings","14":"product_tag-nausnice-geometricke-pozlacene","15":"product_tag-ohrstecker-gold-geometrisch","16":"product_tag-pozlacane-kolczyki","17":"product_tag-srebro-925","18":"pa_dlugosc-36-50mm","19":"pa_dostawca-karen-silver","20":"pa_kruszec-srebro","21":"pa_kruszec-srebro-pozlacane","22":"pa_proba-0-925","23":"pa_szerokosc-7-64mm","24":"pa_waga-265g","25":"pa_zapiecie-bigiel-otwarty","27":"first","28":"instock","29":"purchasable","30":"product-type-simple"},"aioseo_notices":[],"_links":{"self":[{"href":"https:\/\/staviori.com.pl\/en\/wp-json\/wp\/v2\/product\/15741","targetHints":{"allow":["GET"]}}],"collection":[{"href":"https:\/\/staviori.com.pl\/en\/wp-json\/wp\/v2\/product"}],"about":[{"href":"https:\/\/staviori.com.pl\/en\/wp-json\/wp\/v2\/types\/product"}],"replies":[{"embeddable":true,"href":"https:\/\/staviori.com.pl\/en\/wp-json\/wp\/v2\/comments?post=15741"}],"wp:featuredmedia":[{"embeddable":true,"href":"https:\/\/staviori.com.pl\/en\/wp-json\/wp\/v2\/media\/7908"}],"wp:attachment":[{"href":"https:\/\/staviori.com.pl\/en\/wp-json\/wp\/v2\/media?parent=15741"}],"wp:term":[{"taxonomy":"product_brand","embeddable":true,"href":"https:\/\/staviori.com.pl\/en\/wp-json\/wp\/v2\/product_brand?post=15741"},{"taxonomy":"product_cat","embeddable":true,"href":"https:\/\/staviori.com.pl\/en\/wp-json\/wp\/v2\/product_cat?post=15741"},{"taxonomy":"product_tag","embeddable":true,"href":"https:\/\/staviori.com.pl\/en\/wp-json\/wp\/v2\/product_tag?post=15741"}],"curies":[{"name":"wp","href":"https:\/\/api.w.org\/{rel}","templated":true}]}}