{"id":15733,"date":"2025-02-24T22:49:39","date_gmt":"2025-02-24T21:49:39","guid":{"rendered":"https:\/\/staviori.com.pl\/product\/srebrne-kolczyki-sss6075y\/"},"modified":"2026-02-11T00:09:29","modified_gmt":"2026-02-10T23:09:29","slug":"srebrne-kolczyki-sss6075y","status":"publish","type":"product","link":"https:\/\/staviori.com.pl\/en\/product\/srebrne-kolczyki-sss6075y\/","title":{"rendered":"Silver plated small padlock earrings | gold"},"content":{"rendered":"<p>Model: SSS6075Y<br \/>\nWaga ok. 0,65g<\/p>\n<p>Earrings.<br \/>\nSilver 0.925 plated with yellow gold<\/p>\n<p>Szeroko\u015b\u0107 3.20 mm.<br \/>\nWysoko\u015b\u0107 5.30 mm.<\/p>","protected":false},"excerpt":{"rendered":"<p>Urocze kolczyki w kszta\u0142cie k\u0142\u00f3dki wykonane ze srebra pr\u00f3by 925 i pokryte \u017c\u00f3\u0142tym z\u0142otem to nowoczesny i oryginalny dodatek. Symbolizuj\u0105 bezpiecze\u0144stwo, wi\u0119\u017a i lojalno\u015b\u0107, dzi\u0119ki czemu stanowi\u0105 nie tylko stylow\u0105 ozdob\u0119, ale tak\u017ce bi\u017cuteri\u0119 z przes\u0142aniem. Doskona\u0142e na co dzie\u0144 i jako wyj\u0105tkowy prezent dla osoby bliskiej sercu.<\/p>","protected":false},"featured_media":7856,"comment_status":"closed","ping_status":"closed","template":"","meta":{"om_disable_all_campaigns":false},"product_brand":[2284],"product_cat":[199,1818,1817],"product_tag":[5916,6047,2708,6050,5917,6048,3200,6049,2427,5988],"class_list":{"0":"post-15733","1":"product","2":"type-product","3":"status-publish","4":"has-post-thumbnail","6":"product_brand-staviori","7":"product_cat-kolczyki","8":"product_cat-srebrne-kolczyki","9":"product_cat-srebro-2","10":"product_tag-gold-plated-earrings","11":"product_tag-kolczyki-klodki","12":"product_tag-kolczyki-zlote","13":"product_tag-nausnice-zamek","14":"product_tag-ohrringe-vergoldet","15":"product_tag-padlock-earrings","16":"product_tag-pozlacane-kolczyki","17":"product_tag-schloss-ohrringe","18":"product_tag-srebro-925","19":"product_tag-stribrne-nausnice-pozlacene","20":"pa_dostawca-karen-silver","21":"pa_kruszec-srebro","22":"pa_kruszec-srebro-pozlacane","23":"pa_motyw-klodka","24":"pa_proba-0-925","25":"pa_szerokosc-3-20mm","26":"pa_waga-065g","27":"pa_wysokosc-5-30mm","28":"pa_zapiecie-sztyft","30":"first","31":"instock","32":"purchasable","33":"product-type-simple"},"aioseo_notices":[],"_links":{"self":[{"href":"https:\/\/staviori.com.pl\/en\/wp-json\/wp\/v2\/product\/15733","targetHints":{"allow":["GET"]}}],"collection":[{"href":"https:\/\/staviori.com.pl\/en\/wp-json\/wp\/v2\/product"}],"about":[{"href":"https:\/\/staviori.com.pl\/en\/wp-json\/wp\/v2\/types\/product"}],"replies":[{"embeddable":true,"href":"https:\/\/staviori.com.pl\/en\/wp-json\/wp\/v2\/comments?post=15733"}],"wp:featuredmedia":[{"embeddable":true,"href":"https:\/\/staviori.com.pl\/en\/wp-json\/wp\/v2\/media\/7856"}],"wp:attachment":[{"href":"https:\/\/staviori.com.pl\/en\/wp-json\/wp\/v2\/media?parent=15733"}],"wp:term":[{"taxonomy":"product_brand","embeddable":true,"href":"https:\/\/staviori.com.pl\/en\/wp-json\/wp\/v2\/product_brand?post=15733"},{"taxonomy":"product_cat","embeddable":true,"href":"https:\/\/staviori.com.pl\/en\/wp-json\/wp\/v2\/product_cat?post=15733"},{"taxonomy":"product_tag","embeddable":true,"href":"https:\/\/staviori.com.pl\/en\/wp-json\/wp\/v2\/product_tag?post=15733"}],"curies":[{"name":"wp","href":"https:\/\/api.w.org\/{rel}","templated":true}]}}