{"id":15724,"date":"2025-02-24T22:49:39","date_gmt":"2025-02-24T21:49:39","guid":{"rendered":"https:\/\/staviori.com.pl\/product\/srebrne-kolczyki-sss5971r\/"},"modified":"2026-02-11T00:09:27","modified_gmt":"2026-02-10T23:09:27","slug":"srebrne-kolczyki-sss5971r","status":"publish","type":"product","link":"https:\/\/staviori.com.pl\/en\/product\/srebrne-kolczyki-sss5971r\/","title":{"rendered":"Silver earrings \/ cuffs hammered gold plated | pink"},"content":{"rendered":"<p>Model: SSS5971R<br \/>\nWeight approx. 0.80g<\/p>\n<p>Kolczyki \/ Mankiety do uszu<br \/>\nSrebro 0,925 pokryte r\u00f3\u017cowym z\u0142otem<\/p>\n<p>D\u0142ugo\u015b\u0107 26 mm.<br \/>\nSzeroko\u015b\u0107 2.46 mm.<\/p>","protected":false},"excerpt":{"rendered":"<p>Subtelne kolczyki wykonane ze srebra pr\u00f3by 925 i pokryte r\u00f3\u017cowym z\u0142otem zachwycaj\u0105 swoj\u0105 minimalistyczn\u0105 form\u0105. Smuk\u0142y kszta\u0142t z delikatnie m\u0142otkowan\u0105 faktur\u0105 dodaje im charakteru i elegancji. Doskonale sprawdz\u0105 si\u0119 jako modny dodatek zar\u00f3wno do codziennych, jak i wieczorowych stylizacji.<\/p>","protected":false},"featured_media":7829,"comment_status":"closed","ping_status":"closed","template":"","meta":{"om_disable_all_campaigns":false},"product_brand":[2284],"product_cat":[199,1818,1817],"product_tag":[6036,5965,3270,5822,5929,5928,3200,5927,2427,5988],"class_list":{"0":"post-15724","1":"product","2":"type-product","3":"status-publish","4":"has-post-thumbnail","6":"product_brand-staviori","7":"product_cat-kolczyki","8":"product_cat-srebrne-kolczyki","9":"product_cat-srebro-2","10":"product_tag-gehammerte-ohrringe","11":"product_tag-hammered-earrings","12":"product_tag-kolczyki-rozowe-zloto","13":"product_tag-minimalist-earrings","14":"product_tag-nausnice-ruzove-zlato","15":"product_tag-ohrringe-rosegold","16":"product_tag-pozlacane-kolczyki","17":"product_tag-rose-gold-earrings","18":"product_tag-srebro-925","19":"product_tag-stribrne-nausnice-pozlacene","20":"pa_dlugosc-26mm","21":"pa_dostawca-karen-silver","22":"pa_kruszec-srebro","23":"pa_kruszec-srebro-pozlacane","24":"pa_proba-0-925","25":"pa_szerokosc-2-46mm","26":"pa_waga-080g","28":"first","29":"instock","30":"purchasable","31":"product-type-simple"},"aioseo_notices":[],"_links":{"self":[{"href":"https:\/\/staviori.com.pl\/en\/wp-json\/wp\/v2\/product\/15724","targetHints":{"allow":["GET"]}}],"collection":[{"href":"https:\/\/staviori.com.pl\/en\/wp-json\/wp\/v2\/product"}],"about":[{"href":"https:\/\/staviori.com.pl\/en\/wp-json\/wp\/v2\/types\/product"}],"replies":[{"embeddable":true,"href":"https:\/\/staviori.com.pl\/en\/wp-json\/wp\/v2\/comments?post=15724"}],"wp:featuredmedia":[{"embeddable":true,"href":"https:\/\/staviori.com.pl\/en\/wp-json\/wp\/v2\/media\/7829"}],"wp:attachment":[{"href":"https:\/\/staviori.com.pl\/en\/wp-json\/wp\/v2\/media?parent=15724"}],"wp:term":[{"taxonomy":"product_brand","embeddable":true,"href":"https:\/\/staviori.com.pl\/en\/wp-json\/wp\/v2\/product_brand?post=15724"},{"taxonomy":"product_cat","embeddable":true,"href":"https:\/\/staviori.com.pl\/en\/wp-json\/wp\/v2\/product_cat?post=15724"},{"taxonomy":"product_tag","embeddable":true,"href":"https:\/\/staviori.com.pl\/en\/wp-json\/wp\/v2\/product_tag?post=15724"}],"curies":[{"name":"wp","href":"https:\/\/api.w.org\/{rel}","templated":true}]}}