{"id":15721,"date":"2025-02-24T22:49:39","date_gmt":"2025-02-24T21:49:39","guid":{"rendered":"https:\/\/staviori.com.pl\/product\/srebrne-kolczyki-sss5970\/"},"modified":"2026-02-11T00:09:27","modified_gmt":"2026-02-10T23:09:27","slug":"srebrne-kolczyki-sss5970","status":"publish","type":"product","link":"https:\/\/staviori.com.pl\/en\/product\/srebrne-kolczyki-sss5970\/","title":{"rendered":"Sterling silver rhodium plated dog paw earrings | silver"},"content":{"rendered":"<p>Model: SSS5970<br \/>\nWaga ok. 1,38g<\/p>\n<p>Earrings.<br \/>\n0.925 silver.<\/p>\n<p>Szeroko\u015b\u0107 10.54 mm.<br \/>\nWysoko\u015b\u0107 9.95 mm.<\/p>\n<p>Lovely sterling silver earrings in the shape of a dog's paw - for any dog friend.<\/p>","protected":false},"excerpt":{"rendered":"<p>Urocze srebrne kolczyki w kszta\u0142cie psiej \u0142apki to wyj\u0105tkowa bi\u017cuteria dla wszystkich mi\u0142o\u015bnik\u00f3w czworonog\u00f3w. Wykonane ze srebra pr\u00f3by 925, zachwycaj\u0105 prostot\u0105 i wdzi\u0119kiem, a jednocze\u015bnie stanowi\u0105 subtelny symbol przyja\u017ani i wierno\u015bci. Doskona\u0142e jako codzienny dodatek oraz pi\u0119kny prezent dla ka\u017cdego wielbiciela ps\u00f3w.<\/p>\n<p>https:\/\/www.youtube.com\/watch?v=jAHrz4o19U0<\/p>","protected":false},"featured_media":7809,"comment_status":"closed","ping_status":"closed","template":"","meta":{"om_disable_all_campaigns":false},"product_brand":[2284],"product_cat":[199,1818,1817],"product_tag":[6032,6029,6030,6034,5826,6031,6033,5820,2942,2427,5824],"class_list":{"0":"post-15721","1":"product","2":"type-product","3":"status-publish","4":"has-post-thumbnail","6":"product_brand-staviori","7":"product_cat-kolczyki","8":"product_cat-srebrne-kolczyki","9":"product_cat-srebro-2","10":"product_tag-dog-lover-earrings","11":"product_tag-kolczyki-lapki","12":"product_tag-kolczyki-pies","13":"product_tag-nausnice-tlapka","14":"product_tag-ohrringe-silber","15":"product_tag-paw-earrings","16":"product_tag-pfote-ohrringe","17":"product_tag-silver-earrings","18":"product_tag-srebrne-kolczyki","19":"product_tag-srebro-925","20":"product_tag-stribrne-nausnice","21":"pa_dostawca-karen-silver","22":"pa_kruszec-srebro","23":"pa_kruszec-srebro-rodowane","24":"pa_motyw-pies","25":"pa_proba-0-925","26":"pa_szerokosc-10-54mm","27":"pa_waga-135g-2","28":"pa_wysokosc-9-95mm","29":"pa_zapiecie-sztyft","31":"first","32":"instock","33":"purchasable","34":"product-type-simple"},"aioseo_notices":[],"_links":{"self":[{"href":"https:\/\/staviori.com.pl\/en\/wp-json\/wp\/v2\/product\/15721","targetHints":{"allow":["GET"]}}],"collection":[{"href":"https:\/\/staviori.com.pl\/en\/wp-json\/wp\/v2\/product"}],"about":[{"href":"https:\/\/staviori.com.pl\/en\/wp-json\/wp\/v2\/types\/product"}],"replies":[{"embeddable":true,"href":"https:\/\/staviori.com.pl\/en\/wp-json\/wp\/v2\/comments?post=15721"}],"wp:featuredmedia":[{"embeddable":true,"href":"https:\/\/staviori.com.pl\/en\/wp-json\/wp\/v2\/media\/7809"}],"wp:attachment":[{"href":"https:\/\/staviori.com.pl\/en\/wp-json\/wp\/v2\/media?parent=15721"}],"wp:term":[{"taxonomy":"product_brand","embeddable":true,"href":"https:\/\/staviori.com.pl\/en\/wp-json\/wp\/v2\/product_brand?post=15721"},{"taxonomy":"product_cat","embeddable":true,"href":"https:\/\/staviori.com.pl\/en\/wp-json\/wp\/v2\/product_cat?post=15721"},{"taxonomy":"product_tag","embeddable":true,"href":"https:\/\/staviori.com.pl\/en\/wp-json\/wp\/v2\/product_tag?post=15721"}],"curies":[{"name":"wp","href":"https:\/\/api.w.org\/{rel}","templated":true}]}}