{"id":15719,"date":"2025-02-24T22:49:39","date_gmt":"2025-02-24T21:49:39","guid":{"rendered":"https:\/\/staviori.com.pl\/product\/srebrne-kolczyki-sss5935\/"},"modified":"2026-02-11T00:09:27","modified_gmt":"2026-02-10T23:09:27","slug":"srebrne-kolczyki-sss5935","status":"publish","type":"product","link":"https:\/\/staviori.com.pl\/en\/product\/srebrne-kolczyki-sss5935\/","title":{"rendered":"Silver ear cuff with pearl"},"content":{"rendered":"<p>Model: SSS5935<br \/>\nWeight approx. 0.38g<\/p>\n<p>Kolczyk \/ Mankiet do uszu<br \/>\n0.925 silver.<br \/>\nMother of Pearl.<\/p>\n<p>\u015arednica kulki 4 mm.<br \/>\n12 mm high.<br \/>\nWidth 1.1 mm.<\/p>\n<p>A simple and very feminine silver cuff, finished with a beautiful faux pearl accent.<\/p>","protected":false},"excerpt":{"rendered":"<p>Delikatny srebrny mankiet do ucha z mas\u0105 per\u0142ow\u0105 to idealny wyb\u00f3r dla kobiet ceni\u0105cych subteln\u0105 elegancj\u0119. Wykonany ze srebra pr\u00f3by 925, zachwyca prost\u0105 form\u0105 ozdobion\u0105 pi\u0119kn\u0105 per\u0142ow\u0105 kulk\u0105. Dodaje klasy i kobiecego wdzi\u0119ku ka\u017cdej stylizacji, a przy tym nie wymaga przek\u0142uwania ucha.<\/p>","protected":false},"featured_media":7807,"comment_status":"closed","ping_status":"closed","template":"","meta":{"om_disable_all_campaigns":false},"product_brand":[2284],"product_cat":[199,1818,1817],"product_tag":[3403,6025,6028,6027,6010,6026,5997,2427,6000],"class_list":{"0":"post-15719","1":"product","2":"type-product","3":"status-publish","4":"has-post-thumbnail","6":"product_brand-staviori","7":"product_cat-kolczyki","8":"product_cat-srebrne-kolczyki","9":"product_cat-srebro-2","10":"product_tag-ear-cuff","11":"product_tag-mankiet-z-perla","12":"product_tag-nausnice-perla","13":"product_tag-ohrmanschette-perle","14":"product_tag-ohrmanschette-silber","15":"product_tag-pearl-ear-cuff","16":"product_tag-srebrny-mankiet-do-ucha","17":"product_tag-srebro-925","18":"product_tag-stribrna-nausnice-manzeta","19":"pa_dostawca-karen-silver","20":"pa_kamien-masa-perlowa","21":"pa_kruszec-srebro","22":"pa_kruszec-srebro-rodowane","23":"pa_proba-0-925","24":"pa_srednica-kulki-4mm","25":"pa_waga-038g","26":"pa_wysokosc-12mm","28":"first","29":"instock","30":"purchasable","31":"product-type-simple"},"aioseo_notices":[],"_links":{"self":[{"href":"https:\/\/staviori.com.pl\/en\/wp-json\/wp\/v2\/product\/15719","targetHints":{"allow":["GET"]}}],"collection":[{"href":"https:\/\/staviori.com.pl\/en\/wp-json\/wp\/v2\/product"}],"about":[{"href":"https:\/\/staviori.com.pl\/en\/wp-json\/wp\/v2\/types\/product"}],"replies":[{"embeddable":true,"href":"https:\/\/staviori.com.pl\/en\/wp-json\/wp\/v2\/comments?post=15719"}],"wp:featuredmedia":[{"embeddable":true,"href":"https:\/\/staviori.com.pl\/en\/wp-json\/wp\/v2\/media\/7807"}],"wp:attachment":[{"href":"https:\/\/staviori.com.pl\/en\/wp-json\/wp\/v2\/media?parent=15719"}],"wp:term":[{"taxonomy":"product_brand","embeddable":true,"href":"https:\/\/staviori.com.pl\/en\/wp-json\/wp\/v2\/product_brand?post=15719"},{"taxonomy":"product_cat","embeddable":true,"href":"https:\/\/staviori.com.pl\/en\/wp-json\/wp\/v2\/product_cat?post=15719"},{"taxonomy":"product_tag","embeddable":true,"href":"https:\/\/staviori.com.pl\/en\/wp-json\/wp\/v2\/product_tag?post=15719"}],"curies":[{"name":"wp","href":"https:\/\/api.w.org\/{rel}","templated":true}]}}